{"id":6990,"date":"2021-12-10T13:38:29","date_gmt":"2021-12-10T12:38:29","guid":{"rendered":"https:\/\/www.helicecocinas.com\/?page_id=6990"},"modified":"2021-12-23T13:19:19","modified_gmt":"2021-12-23T12:19:19","slug":"sistema-de-apertura","status":"publish","type":"page","link":"https:\/\/www.helicecocinas.com\/es\/sistema-de-apertura\/","title":{"rendered":"Sistema de apertura"},"content":{"rendered":"\t\t<div data-elementor-type=\"wp-page\" data-elementor-id=\"6990\" class=\"elementor elementor-6990\" data-elementor-settings=\"{&quot;element_pack_global_tooltip_width&quot;:{&quot;unit&quot;:&quot;px&quot;,&quot;size&quot;:&quot;&quot;,&quot;sizes&quot;:[]},&quot;element_pack_global_tooltip_width_tablet&quot;:{&quot;unit&quot;:&quot;px&quot;,&quot;size&quot;:&quot;&quot;,&quot;sizes&quot;:[]},&quot;element_pack_global_tooltip_width_mobile&quot;:{&quot;unit&quot;:&quot;px&quot;,&quot;size&quot;:&quot;&quot;,&quot;sizes&quot;:[]},&quot;element_pack_global_tooltip_padding&quot;:{&quot;unit&quot;:&quot;px&quot;,&quot;top&quot;:&quot;&quot;,&quot;right&quot;:&quot;&quot;,&quot;bottom&quot;:&quot;&quot;,&quot;left&quot;:&quot;&quot;,&quot;isLinked&quot;:true},&quot;element_pack_global_tooltip_padding_tablet&quot;:{&quot;unit&quot;:&quot;px&quot;,&quot;top&quot;:&quot;&quot;,&quot;right&quot;:&quot;&quot;,&quot;bottom&quot;:&quot;&quot;,&quot;left&quot;:&quot;&quot;,&quot;isLinked&quot;:true},&quot;element_pack_global_tooltip_padding_mobile&quot;:{&quot;unit&quot;:&quot;px&quot;,&quot;top&quot;:&quot;&quot;,&quot;right&quot;:&quot;&quot;,&quot;bottom&quot;:&quot;&quot;,&quot;left&quot;:&quot;&quot;,&quot;isLinked&quot;:true},&quot;element_pack_global_tooltip_border_radius&quot;:{&quot;unit&quot;:&quot;px&quot;,&quot;top&quot;:&quot;&quot;,&quot;right&quot;:&quot;&quot;,&quot;bottom&quot;:&quot;&quot;,&quot;left&quot;:&quot;&quot;,&quot;isLinked&quot;:true},&quot;element_pack_global_tooltip_border_radius_tablet&quot;:{&quot;unit&quot;:&quot;px&quot;,&quot;top&quot;:&quot;&quot;,&quot;right&quot;:&quot;&quot;,&quot;bottom&quot;:&quot;&quot;,&quot;left&quot;:&quot;&quot;,&quot;isLinked&quot;:true},&quot;element_pack_global_tooltip_border_radius_mobile&quot;:{&quot;unit&quot;:&quot;px&quot;,&quot;top&quot;:&quot;&quot;,&quot;right&quot;:&quot;&quot;,&quot;bottom&quot;:&quot;&quot;,&quot;left&quot;:&quot;&quot;,&quot;isLinked&quot;:true}}\" data-elementor-post-type=\"page\">\n\t\t\t\t\t\t<section class=\"elementor-section elementor-top-section elementor-element elementor-element-a65d493 elementor-section-boxed elementor-section-height-default elementor-section-height-default\" data-id=\"a65d493\" data-element_type=\"section\" data-e-type=\"section\">\n\t\t\t\t\t\t<div class=\"elementor-container elementor-column-gap-default\">\n\t\t\t\t\t<div class=\"elementor-column elementor-col-100 elementor-top-column elementor-element elementor-element-9bfd1df\" data-id=\"9bfd1df\" data-element_type=\"column\" data-e-type=\"column\">\n\t\t\t<div class=\"elementor-widget-wrap elementor-element-populated\">\n\t\t\t\t\t\t<div class=\"elementor-element elementor-element-5e2e23d elementor-widget elementor-widget-spacer\" data-id=\"5e2e23d\" data-element_type=\"widget\" data-e-type=\"widget\" data-widget_type=\"spacer.default\">\n\t\t\t\t<div class=\"elementor-widget-container\">\n\t\t\t\t\t\t\t<div class=\"elementor-spacer\">\n\t\t\t<div class=\"elementor-spacer-inner\"><\/div>\n\t\t<\/div>\n\t\t\t\t\t\t<\/div>\n\t\t\t\t<\/div>\n\t\t\t\t\t<\/div>\n\t\t<\/div>\n\t\t\t\t\t<\/div>\n\t\t<\/section>\n\t\t\t\t<section class=\"elementor-section elementor-top-section elementor-element elementor-element-ba7ff56 elementor-section-boxed elementor-section-height-default elementor-section-height-default\" data-id=\"ba7ff56\" data-element_type=\"section\" data-e-type=\"section\">\n\t\t\t\t\t\t<div class=\"elementor-container elementor-column-gap-default\">\n\t\t\t\t\t<div class=\"elementor-column elementor-col-100 elementor-top-column elementor-element elementor-element-3a6f67e\" data-id=\"3a6f67e\" data-element_type=\"column\" data-e-type=\"column\">\n\t\t\t<div class=\"elementor-widget-wrap elementor-element-populated\">\n\t\t\t\t\t\t<div class=\"elementor-element elementor-element-14cb6a8 elementor-widget elementor-widget-image\" data-id=\"14cb6a8\" data-element_type=\"widget\" data-e-type=\"widget\" data-widget_type=\"image.default\">\n\t\t\t\t<div class=\"elementor-widget-container\">\n\t\t\t\t\t\t\t\t\t\t\t\t\t\t\t<img fetchpriority=\"high\" decoding=\"async\" width=\"1024\" height=\"505\" src=\"https:\/\/www.helicecocinas.com\/wp-content\/uploads\/2021\/12\/helice-cocina-blum-hf-1-e1639399773822-1024x505.jpg\" class=\"attachment-large size-large wp-image-7000\" alt=\"\" srcset=\"https:\/\/www.helicecocinas.com\/wp-content\/uploads\/2021\/12\/helice-cocina-blum-hf-1-e1639399773822-1024x505.jpg 1024w, https:\/\/www.helicecocinas.com\/wp-content\/uploads\/2021\/12\/helice-cocina-blum-hf-1-e1639399773822-300x148.jpg 300w, https:\/\/www.helicecocinas.com\/wp-content\/uploads\/2021\/12\/helice-cocina-blum-hf-1-e1639399773822-768x379.jpg 768w, https:\/\/www.helicecocinas.com\/wp-content\/uploads\/2021\/12\/helice-cocina-blum-hf-1-e1639399773822.jpg 1459w\" sizes=\"(max-width: 1024px) 100vw, 1024px\" title=\"\">\t\t\t\t\t\t\t\t\t\t\t\t\t\t\t<\/div>\n\t\t\t\t<\/div>\n\t\t\t\t<div class=\"elementor-element elementor-element-076be6e elementor-widget elementor-widget-text-editor\" data-id=\"076be6e\" data-element_type=\"widget\" data-e-type=\"widget\" data-widget_type=\"text-editor.default\">\n\t\t\t\t<div class=\"elementor-widget-container\">\n\t\t\t\t\t\t\t\t\t<p>El comp\u00e1s abatible plegable <strong>AVENTOS HF<\/strong> es el sistema de herrajes para el armario superior alto y central. Incluso las puertas grandes obtienen de este modo mucha libertad de movimiento y pueden permanecer abiertas mientras se cocina.<\/p>\t\t\t\t\t\t\t\t<\/div>\n\t\t\t\t<\/div>\n\t\t\t\t<div class=\"elementor-element elementor-element-62de404 elementor-widget elementor-widget-spacer\" data-id=\"62de404\" data-element_type=\"widget\" data-e-type=\"widget\" data-widget_type=\"spacer.default\">\n\t\t\t\t<div class=\"elementor-widget-container\">\n\t\t\t\t\t\t\t<div class=\"elementor-spacer\">\n\t\t\t<div class=\"elementor-spacer-inner\"><\/div>\n\t\t<\/div>\n\t\t\t\t\t\t<\/div>\n\t\t\t\t<\/div>\n\t\t\t\t\t<\/div>\n\t\t<\/div>\n\t\t\t\t\t<\/div>\n\t\t<\/section>\n\t\t\t\t<section class=\"elementor-section elementor-top-section elementor-element elementor-element-22fc483 elementor-section-boxed elementor-section-height-default elementor-section-height-default\" data-id=\"22fc483\" data-element_type=\"section\" data-e-type=\"section\">\n\t\t\t\t\t\t<div class=\"elementor-container elementor-column-gap-default\">\n\t\t\t\t\t<div class=\"elementor-column elementor-col-100 elementor-top-column elementor-element elementor-element-944d46b\" data-id=\"944d46b\" data-element_type=\"column\" data-e-type=\"column\">\n\t\t\t<div class=\"elementor-widget-wrap elementor-element-populated\">\n\t\t\t\t\t\t<div class=\"elementor-element elementor-element-c681e79 elementor-widget elementor-widget-image\" data-id=\"c681e79\" data-element_type=\"widget\" data-e-type=\"widget\" data-widget_type=\"image.default\">\n\t\t\t\t<div class=\"elementor-widget-container\">\n\t\t\t\t\t\t\t\t\t\t\t\t\t\t\t<img decoding=\"async\" width=\"1024\" height=\"513\" src=\"https:\/\/www.helicecocinas.com\/wp-content\/uploads\/2021\/12\/helice-cocina-blum-hl-1-e1639399986410-1024x513.jpg\" class=\"attachment-large size-large wp-image-7003\" alt=\"\" srcset=\"https:\/\/www.helicecocinas.com\/wp-content\/uploads\/2021\/12\/helice-cocina-blum-hl-1-e1639399986410-1024x513.jpg 1024w, https:\/\/www.helicecocinas.com\/wp-content\/uploads\/2021\/12\/helice-cocina-blum-hl-1-e1639399986410-300x150.jpg 300w, https:\/\/www.helicecocinas.com\/wp-content\/uploads\/2021\/12\/helice-cocina-blum-hl-1-e1639399986410-768x385.jpg 768w, https:\/\/www.helicecocinas.com\/wp-content\/uploads\/2021\/12\/helice-cocina-blum-hl-1-e1639399986410.jpg 1433w\" sizes=\"(max-width: 1024px) 100vw, 1024px\" title=\"\">\t\t\t\t\t\t\t\t\t\t\t\t\t\t\t<\/div>\n\t\t\t\t<\/div>\n\t\t\t\t<div class=\"elementor-element elementor-element-98a4b1e elementor-widget elementor-widget-text-editor\" data-id=\"98a4b1e\" data-element_type=\"widget\" data-e-type=\"widget\" data-widget_type=\"text-editor.default\">\n\t\t\t\t<div class=\"elementor-widget-container\">\n\t\t\t\t\t\t\t\t\t<p>Los frentes peque\u00f1os de una pieza se mueven por completo hacia arriba. Esto hace que <strong>AVENTOS HL<\/strong> sea una soluci\u00f3n \u00f3ptima para armarios altos de cocina y elevados con frentes por encima. La puerta sale por completo del \u00e1rea de movimiento y por lo tanto puede permanecer abierta mientras se cocina.<\/p>\t\t\t\t\t\t\t\t<\/div>\n\t\t\t\t<\/div>\n\t\t\t\t\t<\/div>\n\t\t<\/div>\n\t\t\t\t\t<\/div>\n\t\t<\/section>\n\t\t\t\t<section class=\"elementor-section elementor-top-section elementor-element elementor-element-d4c8f60 elementor-section-boxed elementor-section-height-default elementor-section-height-default\" data-id=\"d4c8f60\" data-element_type=\"section\" data-e-type=\"section\">\n\t\t\t\t\t\t<div class=\"elementor-container elementor-column-gap-default\">\n\t\t\t\t\t<div class=\"elementor-column elementor-col-100 elementor-top-column elementor-element elementor-element-bda43df\" data-id=\"bda43df\" data-element_type=\"column\" data-e-type=\"column\">\n\t\t\t<div class=\"elementor-widget-wrap elementor-element-populated\">\n\t\t\t\t\t\t<div class=\"elementor-element elementor-element-9112853 elementor-widget elementor-widget-spacer\" data-id=\"9112853\" data-element_type=\"widget\" data-e-type=\"widget\" data-widget_type=\"spacer.default\">\n\t\t\t\t<div class=\"elementor-widget-container\">\n\t\t\t\t\t\t\t<div class=\"elementor-spacer\">\n\t\t\t<div class=\"elementor-spacer-inner\"><\/div>\n\t\t<\/div>\n\t\t\t\t\t\t<\/div>\n\t\t\t\t<\/div>\n\t\t\t\t<div class=\"elementor-element elementor-element-3ed2fec elementor-widget elementor-widget-image\" data-id=\"3ed2fec\" data-element_type=\"widget\" data-e-type=\"widget\" data-widget_type=\"image.default\">\n\t\t\t\t<div class=\"elementor-widget-container\">\n\t\t\t\t\t\t\t\t\t\t\t\t\t\t\t<img decoding=\"async\" width=\"1024\" height=\"505\" src=\"https:\/\/www.helicecocinas.com\/wp-content\/uploads\/2021\/12\/helice-cocina-blum-hs-1-e1639399897367-1024x505.jpg\" class=\"attachment-large size-large wp-image-7004\" alt=\"\" srcset=\"https:\/\/www.helicecocinas.com\/wp-content\/uploads\/2021\/12\/helice-cocina-blum-hs-1-e1639399897367-1024x505.jpg 1024w, https:\/\/www.helicecocinas.com\/wp-content\/uploads\/2021\/12\/helice-cocina-blum-hs-1-e1639399897367-300x148.jpg 300w, https:\/\/www.helicecocinas.com\/wp-content\/uploads\/2021\/12\/helice-cocina-blum-hs-1-e1639399897367-768x379.jpg 768w, https:\/\/www.helicecocinas.com\/wp-content\/uploads\/2021\/12\/helice-cocina-blum-hs-1-e1639399897367.jpg 1459w\" sizes=\"(max-width: 1024px) 100vw, 1024px\" title=\"\">\t\t\t\t\t\t\t\t\t\t\t\t\t\t\t<\/div>\n\t\t\t\t<\/div>\n\t\t\t\t<div class=\"elementor-element elementor-element-e550522 elementor-widget elementor-widget-text-editor\" data-id=\"e550522\" data-element_type=\"widget\" data-e-type=\"widget\" data-widget_type=\"text-editor.default\">\n\t\t\t\t<div class=\"elementor-widget-container\">\n\t\t\t\t\t\t\t\t\t<p>Con <strong>AVENTOS HS<\/strong>, las puertas grandes de una pieza giran sobre el cuerpo. De este modo se obtiene un acceso muy c\u00f3modo al interior del armario en la cocina. Las variantes de dise\u00f1o como cornisas o listones se pueden realizar con facilidad.<\/p>\t\t\t\t\t\t\t\t<\/div>\n\t\t\t\t<\/div>\n\t\t\t\t\t<\/div>\n\t\t<\/div>\n\t\t\t\t\t<\/div>\n\t\t<\/section>\n\t\t\t\t<section class=\"elementor-section elementor-top-section elementor-element elementor-element-6318a9f elementor-section-boxed elementor-section-height-default elementor-section-height-default\" data-id=\"6318a9f\" data-element_type=\"section\" data-e-type=\"section\">\n\t\t\t\t\t\t<div class=\"elementor-container elementor-column-gap-default\">\n\t\t\t\t\t<div class=\"elementor-column elementor-col-100 elementor-top-column elementor-element elementor-element-9329c03\" data-id=\"9329c03\" data-element_type=\"column\" data-e-type=\"column\">\n\t\t\t<div class=\"elementor-widget-wrap elementor-element-populated\">\n\t\t\t\t\t\t<div class=\"elementor-element elementor-element-8c488ea elementor-widget elementor-widget-spacer\" data-id=\"8c488ea\" data-element_type=\"widget\" data-e-type=\"widget\" data-widget_type=\"spacer.default\">\n\t\t\t\t<div class=\"elementor-widget-container\">\n\t\t\t\t\t\t\t<div class=\"elementor-spacer\">\n\t\t\t<div class=\"elementor-spacer-inner\"><\/div>\n\t\t<\/div>\n\t\t\t\t\t\t<\/div>\n\t\t\t\t<\/div>\n\t\t\t\t<div class=\"elementor-element elementor-element-f0e73c7 elementor-widget elementor-widget-image\" data-id=\"f0e73c7\" data-element_type=\"widget\" data-e-type=\"widget\" data-widget_type=\"image.default\">\n\t\t\t\t<div class=\"elementor-widget-container\">\n\t\t\t\t\t\t\t\t\t\t\t\t\t\t\t<img loading=\"lazy\" decoding=\"async\" width=\"1024\" height=\"683\" src=\"https:\/\/www.helicecocinas.com\/wp-content\/uploads\/2021\/12\/helice-cocina-blum-hf-servodrive-2-1024x683.jpg\" class=\"attachment-large size-large wp-image-7001\" alt=\"\" srcset=\"https:\/\/www.helicecocinas.com\/wp-content\/uploads\/2021\/12\/helice-cocina-blum-hf-servodrive-2-1024x683.jpg 1024w, https:\/\/www.helicecocinas.com\/wp-content\/uploads\/2021\/12\/helice-cocina-blum-hf-servodrive-2-300x200.jpg 300w, https:\/\/www.helicecocinas.com\/wp-content\/uploads\/2021\/12\/helice-cocina-blum-hf-servodrive-2-768x512.jpg 768w, https:\/\/www.helicecocinas.com\/wp-content\/uploads\/2021\/12\/helice-cocina-blum-hf-servodrive-2-1536x1024.jpg 1536w, https:\/\/www.helicecocinas.com\/wp-content\/uploads\/2021\/12\/helice-cocina-blum-hf-servodrive-2.jpg 1920w\" sizes=\"(max-width: 1024px) 100vw, 1024px\" title=\"\">\t\t\t\t\t\t\t\t\t\t\t\t\t\t\t<\/div>\n\t\t\t\t<\/div>\n\t\t\t\t<div class=\"elementor-element elementor-element-655eacb elementor-widget elementor-widget-text-editor\" data-id=\"655eacb\" data-element_type=\"widget\" data-e-type=\"widget\" data-widget_type=\"text-editor.default\">\n\t\t\t\t<div class=\"elementor-widget-container\">\n\t\t\t\t\t\t\t\t\t<p>Los <strong>AVENTOS<\/strong> se pueden combinar con <strong>SERVO-DRIVE<\/strong>, el sistema el\u00e9ctrico de apertura asistida, ya sea para toda la cocina o como soluci\u00f3n individual.<\/p><p>Ventajas del producto:<\/p><p>C\u00f3modo acceso: Ya que al abrirse las puertas se desplazan por completo hacia arriba y de este modo se desplazan fuera del \u00e1rea de movimiento del usuario de la cocina, este obtiene un excelente acceso al interior del armario.<\/p><ul><li><span style=\"text-decoration: underline;\">Uso manual<\/span>: A pesar del sistema el\u00e9ctrico de movimiento asistido, la puerta tambi\u00e9n puede abrirse o cerrarse en todo momento de forma manual y sin limitaciones. Esto no causa da\u00f1os a <strong>SERVO-DRIVE<\/strong> para <strong>AVENTOS<\/strong>.<\/li><\/ul><p>\u00a0<\/p><ul><li><span style=\"text-decoration: underline;\">Detecci\u00f3n de colisiones<\/span>: El uso de <strong>SERVO-DRIVE<\/strong> para <strong>AVENTOS<\/strong> est\u00e1 completamente exento de riesgos. Cuando el frente choca con una parte del cuerpo o con un objeto en la cocina, en el proceso de apertura o cierre se interrumpe autom\u00e1ticamente y de inmediato.<\/li><\/ul><p>\u00a0<\/p><ul><li><span style=\"text-decoration: underline;\">Desactivaci\u00f3n por interruptor<\/span>: Como es de esperar, <strong>SERVO-DRIVE<\/strong> para <strong>AVENTOS<\/strong> se desactiva f\u00e1cilmente. Esto es ante todo \u00fatil si quieres, por ejemplo, limpiar los frentes de la cocina.<\/li><\/ul>\t\t\t\t\t\t\t\t<\/div>\n\t\t\t\t<\/div>\n\t\t\t\t\t<\/div>\n\t\t<\/div>\n\t\t\t\t\t<\/div>\n\t\t<\/section>\n\t\t\t\t<section class=\"elementor-section elementor-top-section elementor-element elementor-element-ce34a6a elementor-section-boxed elementor-section-height-default elementor-section-height-default\" data-id=\"ce34a6a\" data-element_type=\"section\" data-e-type=\"section\">\n\t\t\t\t\t\t<div class=\"elementor-container elementor-column-gap-default\">\n\t\t\t\t\t<div class=\"elementor-column elementor-col-100 elementor-top-column elementor-element elementor-element-751fab9\" data-id=\"751fab9\" data-element_type=\"column\" data-e-type=\"column\">\n\t\t\t<div class=\"elementor-widget-wrap elementor-element-populated\">\n\t\t\t\t\t\t<div class=\"elementor-element elementor-element-642c289 elementor-widget elementor-widget-spacer\" data-id=\"642c289\" data-element_type=\"widget\" data-e-type=\"widget\" data-widget_type=\"spacer.default\">\n\t\t\t\t<div class=\"elementor-widget-container\">\n\t\t\t\t\t\t\t<div class=\"elementor-spacer\">\n\t\t\t<div class=\"elementor-spacer-inner\"><\/div>\n\t\t<\/div>\n\t\t\t\t\t\t<\/div>\n\t\t\t\t<\/div>\n\t\t\t\t<div class=\"elementor-element elementor-element-154d51b elementor-widget elementor-widget-image\" data-id=\"154d51b\" data-element_type=\"widget\" data-e-type=\"widget\" data-widget_type=\"image.default\">\n\t\t\t\t<div class=\"elementor-widget-container\">\n\t\t\t\t\t\t\t\t\t\t\t\t\t\t\t<img loading=\"lazy\" decoding=\"async\" width=\"1024\" height=\"767\" src=\"https:\/\/www.helicecocinas.com\/wp-content\/uploads\/2021\/12\/helice-cocinas-blum-hktop-1024x767.jpg\" class=\"attachment-large size-large wp-image-7005\" alt=\"\" srcset=\"https:\/\/www.helicecocinas.com\/wp-content\/uploads\/2021\/12\/helice-cocinas-blum-hktop-1024x767.jpg 1024w, https:\/\/www.helicecocinas.com\/wp-content\/uploads\/2021\/12\/helice-cocinas-blum-hktop-300x225.jpg 300w, https:\/\/www.helicecocinas.com\/wp-content\/uploads\/2021\/12\/helice-cocinas-blum-hktop-768x576.jpg 768w, https:\/\/www.helicecocinas.com\/wp-content\/uploads\/2021\/12\/helice-cocinas-blum-hktop-1536x1151.jpg 1536w, https:\/\/www.helicecocinas.com\/wp-content\/uploads\/2021\/12\/helice-cocinas-blum-hktop.jpg 1920w\" sizes=\"(max-width: 1024px) 100vw, 1024px\" title=\"\">\t\t\t\t\t\t\t\t\t\t\t\t\t\t\t<\/div>\n\t\t\t\t<\/div>\n\t\t\t\t<div class=\"elementor-element elementor-element-6d9221a elementor-widget elementor-widget-text-editor\" data-id=\"6d9221a\" data-element_type=\"widget\" data-e-type=\"widget\" data-widget_type=\"text-editor.default\">\n\t\t\t\t<div class=\"elementor-widget-container\">\n\t\t\t\t\t\t\t\t\t<p>De dise\u00f1o compacto para la cocina, el herraje de comp\u00e1s abatible fascina con sus diversas funciones integradas. Justamente esto es lo que hace que <strong>AVENTOS HK<\/strong> sea una soluci\u00f3n ideal para muebles de la cocina en los que cada rasgo es lo que importa.<\/p>\t\t\t\t\t\t\t\t<\/div>\n\t\t\t\t<\/div>\n\t\t\t\t\t<\/div>\n\t\t<\/div>\n\t\t\t\t\t<\/div>\n\t\t<\/section>\n\t\t\t\t<\/div>\n\t\t","protected":false},"excerpt":{"rendered":"<p> [&hellip;]<\/p>\n","protected":false},"author":2,"featured_media":0,"parent":0,"menu_order":0,"comment_status":"closed","ping_status":"closed","template":"elementor_header_footer","meta":{"site-sidebar-layout":"no-sidebar","site-content-layout":"page-builder","ast-site-content-layout":"default","site-content-style":"default","site-sidebar-style":"default","ast-global-header-display":"","ast-banner-title-visibility":"","ast-main-header-display":"","ast-hfb-above-header-display":"","ast-hfb-below-header-display":"","ast-hfb-mobile-header-display":"","site-post-title":"disabled","ast-breadcrumbs-content":"","ast-featured-img":"disabled","footer-sml-layout":"","theme-transparent-header-meta":"disabled","adv-header-id-meta":"6826","stick-header-meta":"default","header-above-stick-meta":"","header-main-stick-meta":"","header-below-stick-meta":"","astra-migrate-meta-layouts":"default","ast-page-background-enabled":"default","ast-page-background-meta":{"desktop":{"background-color":"","background-image":"","background-repeat":"repeat","background-position":"center center","background-size":"auto","background-attachment":"scroll","background-type":"","background-media":"","overlay-type":"","overlay-color":"","overlay-opacity":"","overlay-gradient":""},"tablet":{"background-color":"","background-image":"","background-repeat":"repeat","background-position":"center center","background-size":"auto","background-attachment":"scroll","background-type":"","background-media":"","overlay-type":"","overlay-color":"","overlay-opacity":"","overlay-gradient":""},"mobile":{"background-color":"","background-image":"","background-repeat":"repeat","background-position":"center center","background-size":"auto","background-attachment":"scroll","background-type":"","background-media":"","overlay-type":"","overlay-color":"","overlay-opacity":"","overlay-gradient":""}},"ast-content-background-meta":{"desktop":{"background-color":"var(--ast-global-color-5)","background-image":"","background-repeat":"repeat","background-position":"center center","background-size":"auto","background-attachment":"scroll","background-type":"","background-media":"","overlay-type":"","overlay-color":"","overlay-opacity":"","overlay-gradient":""},"tablet":{"background-color":"var(--ast-global-color-5)","background-image":"","background-repeat":"repeat","background-position":"center center","background-size":"auto","background-attachment":"scroll","background-type":"","background-media":"","overlay-type":"","overlay-color":"","overlay-opacity":"","overlay-gradient":""},"mobile":{"background-color":"var(--ast-global-color-5)","background-image":"","background-repeat":"repeat","background-position":"center center","background-size":"auto","background-attachment":"scroll","background-type":"","background-media":"","overlay-type":"","overlay-color":"","overlay-opacity":"","overlay-gradient":""}},"footnotes":""},"class_list":["post-6990","page","type-page","status-publish","hentry"],"_links":{"self":[{"href":"https:\/\/www.helicecocinas.com\/es\/wp-json\/wp\/v2\/pages\/6990","targetHints":{"allow":["GET"]}}],"collection":[{"href":"https:\/\/www.helicecocinas.com\/es\/wp-json\/wp\/v2\/pages"}],"about":[{"href":"https:\/\/www.helicecocinas.com\/es\/wp-json\/wp\/v2\/types\/page"}],"author":[{"embeddable":true,"href":"https:\/\/www.helicecocinas.com\/es\/wp-json\/wp\/v2\/users\/2"}],"replies":[{"embeddable":true,"href":"https:\/\/www.helicecocinas.com\/es\/wp-json\/wp\/v2\/comments?post=6990"}],"version-history":[{"count":0,"href":"https:\/\/www.helicecocinas.com\/es\/wp-json\/wp\/v2\/pages\/6990\/revisions"}],"wp:attachment":[{"href":"https:\/\/www.helicecocinas.com\/es\/wp-json\/wp\/v2\/media?parent=6990"}],"curies":[{"name":"wp","href":"https:\/\/api.w.org\/{rel}","templated":true}]}}