{"id":6949,"date":"2021-12-10T13:08:25","date_gmt":"2021-12-10T12:08:25","guid":{"rendered":"https:\/\/www.helicecocinas.com\/?page_id=6949"},"modified":"2025-07-28T15:32:19","modified_gmt":"2025-07-28T13:32:19","slug":"accesorios-de-madera","status":"publish","type":"page","link":"https:\/\/www.helicecocinas.com\/es\/accesorios-de-madera\/","title":{"rendered":"Accesorios de madera"},"content":{"rendered":"\t\t<div data-elementor-type=\"wp-page\" data-elementor-id=\"6949\" class=\"elementor elementor-6949\" data-elementor-settings=\"{&quot;element_pack_global_tooltip_width&quot;:{&quot;unit&quot;:&quot;px&quot;,&quot;size&quot;:&quot;&quot;,&quot;sizes&quot;:[]},&quot;element_pack_global_tooltip_width_tablet&quot;:{&quot;unit&quot;:&quot;px&quot;,&quot;size&quot;:&quot;&quot;,&quot;sizes&quot;:[]},&quot;element_pack_global_tooltip_width_mobile&quot;:{&quot;unit&quot;:&quot;px&quot;,&quot;size&quot;:&quot;&quot;,&quot;sizes&quot;:[]},&quot;element_pack_global_tooltip_padding&quot;:{&quot;unit&quot;:&quot;px&quot;,&quot;top&quot;:&quot;&quot;,&quot;right&quot;:&quot;&quot;,&quot;bottom&quot;:&quot;&quot;,&quot;left&quot;:&quot;&quot;,&quot;isLinked&quot;:true},&quot;element_pack_global_tooltip_padding_tablet&quot;:{&quot;unit&quot;:&quot;px&quot;,&quot;top&quot;:&quot;&quot;,&quot;right&quot;:&quot;&quot;,&quot;bottom&quot;:&quot;&quot;,&quot;left&quot;:&quot;&quot;,&quot;isLinked&quot;:true},&quot;element_pack_global_tooltip_padding_mobile&quot;:{&quot;unit&quot;:&quot;px&quot;,&quot;top&quot;:&quot;&quot;,&quot;right&quot;:&quot;&quot;,&quot;bottom&quot;:&quot;&quot;,&quot;left&quot;:&quot;&quot;,&quot;isLinked&quot;:true},&quot;element_pack_global_tooltip_border_radius&quot;:{&quot;unit&quot;:&quot;px&quot;,&quot;top&quot;:&quot;&quot;,&quot;right&quot;:&quot;&quot;,&quot;bottom&quot;:&quot;&quot;,&quot;left&quot;:&quot;&quot;,&quot;isLinked&quot;:true},&quot;element_pack_global_tooltip_border_radius_tablet&quot;:{&quot;unit&quot;:&quot;px&quot;,&quot;top&quot;:&quot;&quot;,&quot;right&quot;:&quot;&quot;,&quot;bottom&quot;:&quot;&quot;,&quot;left&quot;:&quot;&quot;,&quot;isLinked&quot;:true},&quot;element_pack_global_tooltip_border_radius_mobile&quot;:{&quot;unit&quot;:&quot;px&quot;,&quot;top&quot;:&quot;&quot;,&quot;right&quot;:&quot;&quot;,&quot;bottom&quot;:&quot;&quot;,&quot;left&quot;:&quot;&quot;,&quot;isLinked&quot;:true}}\" data-elementor-post-type=\"page\">\n\t\t\t\t\t\t<section class=\"elementor-section elementor-top-section elementor-element elementor-element-b0083c9 elementor-section-boxed elementor-section-height-default elementor-section-height-default\" data-id=\"b0083c9\" data-element_type=\"section\" data-e-type=\"section\">\n\t\t\t\t\t\t<div class=\"elementor-container elementor-column-gap-default\">\n\t\t\t\t\t<div class=\"elementor-column elementor-col-100 elementor-top-column elementor-element elementor-element-fb110e2\" data-id=\"fb110e2\" data-element_type=\"column\" data-e-type=\"column\">\n\t\t\t<div class=\"elementor-widget-wrap elementor-element-populated\">\n\t\t\t\t\t\t<div class=\"elementor-element elementor-element-c9670fc elementor-widget elementor-widget-heading\" data-id=\"c9670fc\" data-element_type=\"widget\" data-e-type=\"widget\" data-widget_type=\"heading.default\">\n\t\t\t\t<div class=\"elementor-widget-container\">\n\t\t\t\t\t<h3 class=\"elementor-heading-title elementor-size-default\">Accesorios de madera <\/h3>\t\t\t\t<\/div>\n\t\t\t\t<\/div>\n\t\t\t\t\t<\/div>\n\t\t<\/div>\n\t\t\t\t\t<\/div>\n\t\t<\/section>\n\t\t\t\t<section class=\"elementor-section elementor-top-section elementor-element elementor-element-3a06e1d elementor-section-boxed elementor-section-height-default elementor-section-height-default\" data-id=\"3a06e1d\" data-element_type=\"section\" data-e-type=\"section\">\n\t\t\t\t\t\t<div class=\"elementor-container elementor-column-gap-default\">\n\t\t\t\t\t<div class=\"elementor-column elementor-col-100 elementor-top-column elementor-element elementor-element-16e5853\" data-id=\"16e5853\" data-element_type=\"column\" data-e-type=\"column\">\n\t\t\t<div class=\"elementor-widget-wrap elementor-element-populated\">\n\t\t\t\t\t\t<div class=\"elementor-element elementor-element-357522e elementor-widget elementor-widget-text-editor\" data-id=\"357522e\" data-element_type=\"widget\" data-e-type=\"widget\" data-widget_type=\"text-editor.default\">\n\t\t\t\t<div class=\"elementor-widget-container\">\n\t\t\t\t\t\t\t\t\t<p style=\"text-align: center;\">Aqu\u00ed podr\u00e1s algunos ejemplos de nuestros accesorios de madera, para la composici\u00f3n de tu futura cocina, as\u00ed como la mejora o implementaci\u00f3n de tu actual cocina. Podr\u00e1s ver accesorios de madera para los cajones para completar y cumplimentar la organizaci\u00f3n dentro de la cocina.<\/p>\t\t\t\t\t\t\t\t<\/div>\n\t\t\t\t<\/div>\n\t\t\t\t\t<\/div>\n\t\t<\/div>\n\t\t\t\t\t<\/div>\n\t\t<\/section>\n\t\t\t\t<section class=\"elementor-section elementor-top-section elementor-element elementor-element-a65d493 elementor-section-boxed elementor-section-height-default elementor-section-height-default\" data-id=\"a65d493\" data-element_type=\"section\" data-e-type=\"section\">\n\t\t\t\t\t\t<div class=\"elementor-container elementor-column-gap-default\">\n\t\t\t\t\t<div class=\"elementor-column elementor-col-100 elementor-top-column elementor-element elementor-element-9bfd1df\" data-id=\"9bfd1df\" data-element_type=\"column\" data-e-type=\"column\">\n\t\t\t<div class=\"elementor-widget-wrap elementor-element-populated\">\n\t\t\t\t\t\t<div class=\"elementor-element elementor-element-5e2e23d elementor-widget elementor-widget-spacer\" data-id=\"5e2e23d\" data-element_type=\"widget\" data-e-type=\"widget\" data-widget_type=\"spacer.default\">\n\t\t\t\t<div class=\"elementor-widget-container\">\n\t\t\t\t\t\t\t<div class=\"elementor-spacer\">\n\t\t\t<div class=\"elementor-spacer-inner\"><\/div>\n\t\t<\/div>\n\t\t\t\t\t\t<\/div>\n\t\t\t\t<\/div>\n\t\t\t\t\t<\/div>\n\t\t<\/div>\n\t\t\t\t\t<\/div>\n\t\t<\/section>\n\t\t\t\t<section class=\"elementor-section elementor-top-section elementor-element elementor-element-a4c023b elementor-section-boxed elementor-section-height-default elementor-section-height-default\" data-id=\"a4c023b\" data-element_type=\"section\" data-e-type=\"section\">\n\t\t\t\t\t\t<div class=\"elementor-container elementor-column-gap-default\">\n\t\t\t\t\t<div class=\"elementor-column elementor-col-100 elementor-top-column elementor-element elementor-element-d504975\" data-id=\"d504975\" data-element_type=\"column\" data-e-type=\"column\">\n\t\t\t<div class=\"elementor-widget-wrap elementor-element-populated\">\n\t\t\t\t\t\t<section class=\"elementor-section elementor-inner-section elementor-element elementor-element-ae11f53 elementor-section-boxed elementor-section-height-default elementor-section-height-default\" data-id=\"ae11f53\" data-element_type=\"section\" data-e-type=\"section\">\n\t\t\t\t\t\t<div class=\"elementor-container elementor-column-gap-default\">\n\t\t\t\t\t<div class=\"elementor-column elementor-col-50 elementor-inner-column elementor-element elementor-element-be8ab11\" data-id=\"be8ab11\" data-element_type=\"column\" data-e-type=\"column\">\n\t\t\t<div class=\"elementor-widget-wrap elementor-element-populated\">\n\t\t\t\t\t\t<div class=\"elementor-element elementor-element-b3ff42d elementor-widget elementor-widget-image\" data-id=\"b3ff42d\" data-element_type=\"widget\" data-e-type=\"widget\" data-widget_type=\"image.default\">\n\t\t\t\t<div class=\"elementor-widget-container\">\n\t\t\t\t\t\t\t\t\t\t\t\t\t\t\t<img fetchpriority=\"high\" decoding=\"async\" width=\"649\" height=\"1024\" src=\"https:\/\/www.helicecocinas.com\/wp-content\/uploads\/2021\/12\/helice-cocina-madera-1-649x1024.jpg\" class=\"attachment-large size-large wp-image-6958\" alt=\"accesorios-madera-cajones-helice-cocinas\" srcset=\"https:\/\/www.helicecocinas.com\/wp-content\/uploads\/2021\/12\/helice-cocina-madera-1-649x1024.jpg 649w, https:\/\/www.helicecocinas.com\/wp-content\/uploads\/2021\/12\/helice-cocina-madera-1-190x300.jpg 190w, https:\/\/www.helicecocinas.com\/wp-content\/uploads\/2021\/12\/helice-cocina-madera-1-768x1211.jpg 768w, https:\/\/www.helicecocinas.com\/wp-content\/uploads\/2021\/12\/helice-cocina-madera-1-974x1536.jpg 974w, https:\/\/www.helicecocinas.com\/wp-content\/uploads\/2021\/12\/helice-cocina-madera-1-1299x2048.jpg 1299w, https:\/\/www.helicecocinas.com\/wp-content\/uploads\/2021\/12\/helice-cocina-madera-1-scaled.jpg 1623w\" sizes=\"(max-width: 649px) 100vw, 649px\" title=\"\">\t\t\t\t\t\t\t\t\t\t\t\t\t\t\t<\/div>\n\t\t\t\t<\/div>\n\t\t\t\t<div class=\"elementor-element elementor-element-a82f606 elementor-widget elementor-widget-image\" data-id=\"a82f606\" data-element_type=\"widget\" data-e-type=\"widget\" data-widget_type=\"image.default\">\n\t\t\t\t<div class=\"elementor-widget-container\">\n\t\t\t\t\t\t\t\t\t\t\t\t\t\t\t<img decoding=\"async\" width=\"1024\" height=\"683\" src=\"https:\/\/www.helicecocinas.com\/wp-content\/uploads\/2021\/12\/helice-cocinas-cubertero-tablero-marino-haya-1024x683.jpg\" class=\"attachment-large size-large wp-image-6960\" alt=\"accesorio-madera-cubertero-helice-cocinas\" srcset=\"https:\/\/www.helicecocinas.com\/wp-content\/uploads\/2021\/12\/helice-cocinas-cubertero-tablero-marino-haya-1024x683.jpg 1024w, https:\/\/www.helicecocinas.com\/wp-content\/uploads\/2021\/12\/helice-cocinas-cubertero-tablero-marino-haya-300x200.jpg 300w, https:\/\/www.helicecocinas.com\/wp-content\/uploads\/2021\/12\/helice-cocinas-cubertero-tablero-marino-haya-768x512.jpg 768w, https:\/\/www.helicecocinas.com\/wp-content\/uploads\/2021\/12\/helice-cocinas-cubertero-tablero-marino-haya-1536x1024.jpg 1536w, https:\/\/www.helicecocinas.com\/wp-content\/uploads\/2021\/12\/helice-cocinas-cubertero-tablero-marino-haya-2048x1365.jpg 2048w\" sizes=\"(max-width: 1024px) 100vw, 1024px\" title=\"\">\t\t\t\t\t\t\t\t\t\t\t\t\t\t\t<\/div>\n\t\t\t\t<\/div>\n\t\t\t\t<div class=\"elementor-element elementor-element-69ceb49 elementor-widget elementor-widget-image\" data-id=\"69ceb49\" data-element_type=\"widget\" data-e-type=\"widget\" data-widget_type=\"image.default\">\n\t\t\t\t<div class=\"elementor-widget-container\">\n\t\t\t\t\t\t\t\t\t\t\t\t\t\t\t<img decoding=\"async\" width=\"1024\" height=\"683\" src=\"https:\/\/www.helicecocinas.com\/wp-content\/uploads\/2021\/12\/helice-cocinas-cubertero-tablero-marino-nogal-1024x683.jpg\" class=\"attachment-large size-large wp-image-6961\" alt=\"accesorio-madera-cubertero-helice-cocinas\" srcset=\"https:\/\/www.helicecocinas.com\/wp-content\/uploads\/2021\/12\/helice-cocinas-cubertero-tablero-marino-nogal-1024x683.jpg 1024w, https:\/\/www.helicecocinas.com\/wp-content\/uploads\/2021\/12\/helice-cocinas-cubertero-tablero-marino-nogal-300x200.jpg 300w, https:\/\/www.helicecocinas.com\/wp-content\/uploads\/2021\/12\/helice-cocinas-cubertero-tablero-marino-nogal-768x512.jpg 768w, https:\/\/www.helicecocinas.com\/wp-content\/uploads\/2021\/12\/helice-cocinas-cubertero-tablero-marino-nogal-1536x1024.jpg 1536w, https:\/\/www.helicecocinas.com\/wp-content\/uploads\/2021\/12\/helice-cocinas-cubertero-tablero-marino-nogal-2048x1365.jpg 2048w\" sizes=\"(max-width: 1024px) 100vw, 1024px\" title=\"\">\t\t\t\t\t\t\t\t\t\t\t\t\t\t\t<\/div>\n\t\t\t\t<\/div>\n\t\t\t\t<div class=\"elementor-element elementor-element-2c6c548 elementor-widget elementor-widget-image\" data-id=\"2c6c548\" data-element_type=\"widget\" data-e-type=\"widget\" data-widget_type=\"image.default\">\n\t\t\t\t<div class=\"elementor-widget-container\">\n\t\t\t\t\t\t\t\t\t\t\t\t\t\t\t<img loading=\"lazy\" decoding=\"async\" width=\"1024\" height=\"683\" src=\"https:\/\/www.helicecocinas.com\/wp-content\/uploads\/2021\/12\/helice-cocinas-cubertero-tablero-marino-roble-1024x683.jpg\" class=\"attachment-large size-large wp-image-6962\" alt=\"accesorio-madera-cubertero-helice-cocinas\" srcset=\"https:\/\/www.helicecocinas.com\/wp-content\/uploads\/2021\/12\/helice-cocinas-cubertero-tablero-marino-roble-1024x683.jpg 1024w, https:\/\/www.helicecocinas.com\/wp-content\/uploads\/2021\/12\/helice-cocinas-cubertero-tablero-marino-roble-300x200.jpg 300w, https:\/\/www.helicecocinas.com\/wp-content\/uploads\/2021\/12\/helice-cocinas-cubertero-tablero-marino-roble-768x512.jpg 768w, https:\/\/www.helicecocinas.com\/wp-content\/uploads\/2021\/12\/helice-cocinas-cubertero-tablero-marino-roble-1536x1024.jpg 1536w, https:\/\/www.helicecocinas.com\/wp-content\/uploads\/2021\/12\/helice-cocinas-cubertero-tablero-marino-roble-2048x1365.jpg 2048w\" sizes=\"(max-width: 1024px) 100vw, 1024px\" title=\"\">\t\t\t\t\t\t\t\t\t\t\t\t\t\t\t<\/div>\n\t\t\t\t<\/div>\n\t\t\t\t\t<\/div>\n\t\t<\/div>\n\t\t\t\t<div class=\"elementor-column elementor-col-50 elementor-inner-column elementor-element elementor-element-c7d2c99\" data-id=\"c7d2c99\" data-element_type=\"column\" data-e-type=\"column\">\n\t\t\t<div class=\"elementor-widget-wrap elementor-element-populated\">\n\t\t\t\t\t\t<div class=\"elementor-element elementor-element-8f89549 elementor-widget elementor-widget-image\" data-id=\"8f89549\" data-element_type=\"widget\" data-e-type=\"widget\" data-widget_type=\"image.default\">\n\t\t\t\t<div class=\"elementor-widget-container\">\n\t\t\t\t\t\t\t\t\t\t\t\t\t\t\t<img loading=\"lazy\" decoding=\"async\" width=\"648\" height=\"1024\" src=\"https:\/\/www.helicecocinas.com\/wp-content\/uploads\/2021\/12\/helice-cocina-accesorio-madera-sartenes-verduras-2-648x1024.jpg\" class=\"attachment-large size-large wp-image-6956\" alt=\"accesorios-madera-cajones-helice-cocinas\" srcset=\"https:\/\/www.helicecocinas.com\/wp-content\/uploads\/2021\/12\/helice-cocina-accesorio-madera-sartenes-verduras-2-648x1024.jpg 648w, https:\/\/www.helicecocinas.com\/wp-content\/uploads\/2021\/12\/helice-cocina-accesorio-madera-sartenes-verduras-2-190x300.jpg 190w, https:\/\/www.helicecocinas.com\/wp-content\/uploads\/2021\/12\/helice-cocina-accesorio-madera-sartenes-verduras-2-768x1214.jpg 768w, https:\/\/www.helicecocinas.com\/wp-content\/uploads\/2021\/12\/helice-cocina-accesorio-madera-sartenes-verduras-2-972x1536.jpg 972w, https:\/\/www.helicecocinas.com\/wp-content\/uploads\/2021\/12\/helice-cocina-accesorio-madera-sartenes-verduras-2-1296x2048.jpg 1296w, https:\/\/www.helicecocinas.com\/wp-content\/uploads\/2021\/12\/helice-cocina-accesorio-madera-sartenes-verduras-2-scaled.jpg 1620w\" sizes=\"(max-width: 648px) 100vw, 648px\" title=\"\">\t\t\t\t\t\t\t\t\t\t\t\t\t\t\t<\/div>\n\t\t\t\t<\/div>\n\t\t\t\t<div class=\"elementor-element elementor-element-d7f08c6 elementor-widget elementor-widget-image\" data-id=\"d7f08c6\" data-element_type=\"widget\" data-e-type=\"widget\" data-widget_type=\"image.default\">\n\t\t\t\t<div class=\"elementor-widget-container\">\n\t\t\t\t\t\t\t\t\t\t\t\t\t\t\t<img loading=\"lazy\" decoding=\"async\" width=\"1024\" height=\"1024\" src=\"https:\/\/www.helicecocinas.com\/wp-content\/uploads\/2021\/12\/helice-cocina-accesorio-madera-sartenes-verduras-1-1024x1024.jpg\" class=\"attachment-large size-large wp-image-6955\" alt=\"\" srcset=\"https:\/\/www.helicecocinas.com\/wp-content\/uploads\/2021\/12\/helice-cocina-accesorio-madera-sartenes-verduras-1-1024x1024.jpg 1024w, https:\/\/www.helicecocinas.com\/wp-content\/uploads\/2021\/12\/helice-cocina-accesorio-madera-sartenes-verduras-1-300x300.jpg 300w, https:\/\/www.helicecocinas.com\/wp-content\/uploads\/2021\/12\/helice-cocina-accesorio-madera-sartenes-verduras-1-150x150.jpg 150w, https:\/\/www.helicecocinas.com\/wp-content\/uploads\/2021\/12\/helice-cocina-accesorio-madera-sartenes-verduras-1-768x768.jpg 768w, https:\/\/www.helicecocinas.com\/wp-content\/uploads\/2021\/12\/helice-cocina-accesorio-madera-sartenes-verduras-1-1536x1536.jpg 1536w, https:\/\/www.helicecocinas.com\/wp-content\/uploads\/2021\/12\/helice-cocina-accesorio-madera-sartenes-verduras-1-2048x2048.jpg 2048w\" sizes=\"(max-width: 1024px) 100vw, 1024px\" title=\"\">\t\t\t\t\t\t\t\t\t\t\t\t\t\t\t<\/div>\n\t\t\t\t<\/div>\n\t\t\t\t<div class=\"elementor-element elementor-element-40ceb8b elementor-widget elementor-widget-image\" data-id=\"40ceb8b\" data-element_type=\"widget\" data-e-type=\"widget\" data-widget_type=\"image.default\">\n\t\t\t\t<div class=\"elementor-widget-container\">\n\t\t\t\t\t\t\t\t\t\t\t\t\t\t\t<img loading=\"lazy\" decoding=\"async\" width=\"1024\" height=\"1024\" src=\"https:\/\/www.helicecocinas.com\/wp-content\/uploads\/2021\/12\/helice-cocina-accesorio-madera-sartenes-verduras-3-1024x1024.jpg\" class=\"attachment-large size-large wp-image-6957\" alt=\"accesorio-madera-sartenero-helice-cocinas\" srcset=\"https:\/\/www.helicecocinas.com\/wp-content\/uploads\/2021\/12\/helice-cocina-accesorio-madera-sartenes-verduras-3-1024x1024.jpg 1024w, https:\/\/www.helicecocinas.com\/wp-content\/uploads\/2021\/12\/helice-cocina-accesorio-madera-sartenes-verduras-3-300x300.jpg 300w, https:\/\/www.helicecocinas.com\/wp-content\/uploads\/2021\/12\/helice-cocina-accesorio-madera-sartenes-verduras-3-150x150.jpg 150w, https:\/\/www.helicecocinas.com\/wp-content\/uploads\/2021\/12\/helice-cocina-accesorio-madera-sartenes-verduras-3-768x768.jpg 768w, https:\/\/www.helicecocinas.com\/wp-content\/uploads\/2021\/12\/helice-cocina-accesorio-madera-sartenes-verduras-3-1536x1536.jpg 1536w, https:\/\/www.helicecocinas.com\/wp-content\/uploads\/2021\/12\/helice-cocina-accesorio-madera-sartenes-verduras-3-2048x2048.jpg 2048w\" sizes=\"(max-width: 1024px) 100vw, 1024px\" title=\"\">\t\t\t\t\t\t\t\t\t\t\t\t\t\t\t<\/div>\n\t\t\t\t<\/div>\n\t\t\t\t\t<\/div>\n\t\t<\/div>\n\t\t\t\t\t<\/div>\n\t\t<\/section>\n\t\t\t\t\t<\/div>\n\t\t<\/div>\n\t\t\t\t\t<\/div>\n\t\t<\/section>\n\t\t\t\t<section class=\"elementor-section elementor-top-section elementor-element elementor-element-ed283af elementor-section-boxed elementor-section-height-default elementor-section-height-default\" data-id=\"ed283af\" data-element_type=\"section\" data-e-type=\"section\">\n\t\t\t\t\t\t<div class=\"elementor-container elementor-column-gap-default\">\n\t\t\t\t\t<div class=\"elementor-column elementor-col-100 elementor-top-column elementor-element elementor-element-fafe1c2\" data-id=\"fafe1c2\" data-element_type=\"column\" data-e-type=\"column\">\n\t\t\t<div class=\"elementor-widget-wrap elementor-element-populated\">\n\t\t\t\t\t\t<div class=\"elementor-element elementor-element-9075e55 elementor-widget elementor-widget-text-editor\" data-id=\"9075e55\" data-element_type=\"widget\" data-e-type=\"widget\" data-widget_type=\"text-editor.default\">\n\t\t\t\t<div class=\"elementor-widget-container\">\n\t\t\t\t\t\t\t\t\t<p style=\"text-align: center;\">Tambi\u00e9n puedes ver mas de nuestros accesorios para <a href=\"https:\/\/www.helicecocinas.com\/equipamiento-cocina\/\">cocina<\/a> donde encontraras alg\u00fan accesorio que pueda terminar de complementar tu cocina ideal o tu cocina actual, para implementarla y mejorarla.<\/p>\t\t\t\t\t\t\t\t<\/div>\n\t\t\t\t<\/div>\n\t\t\t\t\t<\/div>\n\t\t<\/div>\n\t\t\t\t\t<\/div>\n\t\t<\/section>\n\t\t\t\t<\/div>\n\t\t","protected":false},"excerpt":{"rendered":"<p> [&hellip;]<\/p>\n","protected":false},"author":2,"featured_media":0,"parent":0,"menu_order":0,"comment_status":"closed","ping_status":"closed","template":"elementor_header_footer","meta":{"site-sidebar-layout":"no-sidebar","site-content-layout":"page-builder","ast-site-content-layout":"default","site-content-style":"default","site-sidebar-style":"default","ast-global-header-display":"","ast-banner-title-visibility":"","ast-main-header-display":"","ast-hfb-above-header-display":"","ast-hfb-below-header-display":"","ast-hfb-mobile-header-display":"","site-post-title":"disabled","ast-breadcrumbs-content":"","ast-featured-img":"disabled","footer-sml-layout":"","theme-transparent-header-meta":"disabled","adv-header-id-meta":"6826","stick-header-meta":"default","header-above-stick-meta":"","header-main-stick-meta":"","header-below-stick-meta":"","astra-migrate-meta-layouts":"default","ast-page-background-enabled":"default","ast-page-background-meta":{"desktop":{"background-color":"","background-image":"","background-repeat":"repeat","background-position":"center center","background-size":"auto","background-attachment":"scroll","background-type":"","background-media":"","overlay-type":"","overlay-color":"","overlay-opacity":"","overlay-gradient":""},"tablet":{"background-color":"","background-image":"","background-repeat":"repeat","background-position":"center center","background-size":"auto","background-attachment":"scroll","background-type":"","background-media":"","overlay-type":"","overlay-color":"","overlay-opacity":"","overlay-gradient":""},"mobile":{"background-color":"","background-image":"","background-repeat":"repeat","background-position":"center center","background-size":"auto","background-attachment":"scroll","background-type":"","background-media":"","overlay-type":"","overlay-color":"","overlay-opacity":"","overlay-gradient":""}},"ast-content-background-meta":{"desktop":{"background-color":"var(--ast-global-color-5)","background-image":"","background-repeat":"repeat","background-position":"center center","background-size":"auto","background-attachment":"scroll","background-type":"","background-media":"","overlay-type":"","overlay-color":"","overlay-opacity":"","overlay-gradient":""},"tablet":{"background-color":"var(--ast-global-color-5)","background-image":"","background-repeat":"repeat","background-position":"center center","background-size":"auto","background-attachment":"scroll","background-type":"","background-media":"","overlay-type":"","overlay-color":"","overlay-opacity":"","overlay-gradient":""},"mobile":{"background-color":"var(--ast-global-color-5)","background-image":"","background-repeat":"repeat","background-position":"center center","background-size":"auto","background-attachment":"scroll","background-type":"","background-media":"","overlay-type":"","overlay-color":"","overlay-opacity":"","overlay-gradient":""}},"footnotes":""},"class_list":["post-6949","page","type-page","status-publish","hentry"],"_links":{"self":[{"href":"https:\/\/www.helicecocinas.com\/es\/wp-json\/wp\/v2\/pages\/6949","targetHints":{"allow":["GET"]}}],"collection":[{"href":"https:\/\/www.helicecocinas.com\/es\/wp-json\/wp\/v2\/pages"}],"about":[{"href":"https:\/\/www.helicecocinas.com\/es\/wp-json\/wp\/v2\/types\/page"}],"author":[{"embeddable":true,"href":"https:\/\/www.helicecocinas.com\/es\/wp-json\/wp\/v2\/users\/2"}],"replies":[{"embeddable":true,"href":"https:\/\/www.helicecocinas.com\/es\/wp-json\/wp\/v2\/comments?post=6949"}],"version-history":[{"count":0,"href":"https:\/\/www.helicecocinas.com\/es\/wp-json\/wp\/v2\/pages\/6949\/revisions"}],"wp:attachment":[{"href":"https:\/\/www.helicecocinas.com\/es\/wp-json\/wp\/v2\/media?parent=6949"}],"curies":[{"name":"wp","href":"https:\/\/api.w.org\/{rel}","templated":true}]}}