{"id":22839,"date":"2026-04-20T13:53:25","date_gmt":"2026-04-20T11:53:25","guid":{"rendered":"https:\/\/www.helicecocinas.com\/?page_id=22839"},"modified":"2026-04-21T07:03:01","modified_gmt":"2026-04-21T05:03:01","slug":"cocina-con-isla-central-madera-y-blanco","status":"publish","type":"page","link":"https:\/\/www.helicecocinas.com\/es\/cocina-con-isla-central-madera-y-blanco\/","title":{"rendered":"natural y luz"},"content":{"rendered":"\t\t<div data-elementor-type=\"wp-page\" data-elementor-id=\"22839\" class=\"elementor elementor-22839\" data-elementor-settings=\"{&quot;element_pack_global_tooltip_width&quot;:{&quot;unit&quot;:&quot;px&quot;,&quot;size&quot;:&quot;&quot;,&quot;sizes&quot;:[]},&quot;element_pack_global_tooltip_width_tablet&quot;:{&quot;unit&quot;:&quot;px&quot;,&quot;size&quot;:&quot;&quot;,&quot;sizes&quot;:[]},&quot;element_pack_global_tooltip_width_mobile&quot;:{&quot;unit&quot;:&quot;px&quot;,&quot;size&quot;:&quot;&quot;,&quot;sizes&quot;:[]},&quot;element_pack_global_tooltip_padding&quot;:{&quot;unit&quot;:&quot;px&quot;,&quot;top&quot;:&quot;&quot;,&quot;right&quot;:&quot;&quot;,&quot;bottom&quot;:&quot;&quot;,&quot;left&quot;:&quot;&quot;,&quot;isLinked&quot;:true},&quot;element_pack_global_tooltip_padding_tablet&quot;:{&quot;unit&quot;:&quot;px&quot;,&quot;top&quot;:&quot;&quot;,&quot;right&quot;:&quot;&quot;,&quot;bottom&quot;:&quot;&quot;,&quot;left&quot;:&quot;&quot;,&quot;isLinked&quot;:true},&quot;element_pack_global_tooltip_padding_mobile&quot;:{&quot;unit&quot;:&quot;px&quot;,&quot;top&quot;:&quot;&quot;,&quot;right&quot;:&quot;&quot;,&quot;bottom&quot;:&quot;&quot;,&quot;left&quot;:&quot;&quot;,&quot;isLinked&quot;:true},&quot;element_pack_global_tooltip_border_radius&quot;:{&quot;unit&quot;:&quot;px&quot;,&quot;top&quot;:&quot;&quot;,&quot;right&quot;:&quot;&quot;,&quot;bottom&quot;:&quot;&quot;,&quot;left&quot;:&quot;&quot;,&quot;isLinked&quot;:true},&quot;element_pack_global_tooltip_border_radius_tablet&quot;:{&quot;unit&quot;:&quot;px&quot;,&quot;top&quot;:&quot;&quot;,&quot;right&quot;:&quot;&quot;,&quot;bottom&quot;:&quot;&quot;,&quot;left&quot;:&quot;&quot;,&quot;isLinked&quot;:true},&quot;element_pack_global_tooltip_border_radius_mobile&quot;:{&quot;unit&quot;:&quot;px&quot;,&quot;top&quot;:&quot;&quot;,&quot;right&quot;:&quot;&quot;,&quot;bottom&quot;:&quot;&quot;,&quot;left&quot;:&quot;&quot;,&quot;isLinked&quot;:true}}\" data-elementor-post-type=\"page\">\n\t\t\t\t<div class=\"elementor-element elementor-element-34c1382 e-flex e-con-boxed e-con e-parent\" data-id=\"34c1382\" data-element_type=\"container\" data-e-type=\"container\">\n\t\t\t\t\t<div class=\"e-con-inner\">\n\t\t\t\t<div class=\"elementor-element elementor-element-01cd9a7 elementor-widget elementor-widget-spacer\" data-id=\"01cd9a7\" data-element_type=\"widget\" data-e-type=\"widget\" data-widget_type=\"spacer.default\">\n\t\t\t\t<div class=\"elementor-widget-container\">\n\t\t\t\t\t\t\t<div class=\"elementor-spacer\">\n\t\t\t<div class=\"elementor-spacer-inner\"><\/div>\n\t\t<\/div>\n\t\t\t\t\t\t<\/div>\n\t\t\t\t<\/div>\n\t\t\t\t\t<\/div>\n\t\t\t\t<\/div>\n\t\t<div class=\"elementor-element elementor-element-51340c3 e-flex e-con-boxed e-con e-parent\" data-id=\"51340c3\" data-element_type=\"container\" data-e-type=\"container\">\n\t\t\t\t\t<div class=\"e-con-inner\">\n\t\t\t\t<div class=\"elementor-element elementor-element-8051c90 elementor-widget elementor-widget-heading\" data-id=\"8051c90\" data-element_type=\"widget\" data-e-type=\"widget\" data-widget_type=\"heading.default\">\n\t\t\t\t<div class=\"elementor-widget-container\">\n\t\t\t\t\t<h6 class=\"elementor-heading-title elementor-size-default\">Proyecto formas cocinas <\/h6>\t\t\t\t<\/div>\n\t\t\t\t<\/div>\n\t\t\t\t<div class=\"elementor-element elementor-element-864080e elementor-widget elementor-widget-heading\" data-id=\"864080e\" data-element_type=\"widget\" data-e-type=\"widget\" data-widget_type=\"heading.default\">\n\t\t\t\t<div class=\"elementor-widget-container\">\n\t\t\t\t\t<h3 class=\"elementor-heading-title elementor-size-default\">cocina con isla central en madera y blanco <br>reforma integral <\/h3>\t\t\t\t<\/div>\n\t\t\t\t<\/div>\n\t\t\t\t\t<\/div>\n\t\t\t\t<\/div>\n\t\t<div class=\"elementor-element elementor-element-126939a e-flex e-con-boxed e-con e-parent\" data-id=\"126939a\" data-element_type=\"container\" data-e-type=\"container\">\n\t\t\t\t\t<div class=\"e-con-inner\">\n\t\t\t\t<div class=\"elementor-element elementor-element-79e2996 elementor-widget elementor-widget-spacer\" data-id=\"79e2996\" data-element_type=\"widget\" data-e-type=\"widget\" data-widget_type=\"spacer.default\">\n\t\t\t\t<div class=\"elementor-widget-container\">\n\t\t\t\t\t\t\t<div class=\"elementor-spacer\">\n\t\t\t<div class=\"elementor-spacer-inner\"><\/div>\n\t\t<\/div>\n\t\t\t\t\t\t<\/div>\n\t\t\t\t<\/div>\n\t\t\t\t\t<\/div>\n\t\t\t\t<\/div>\n\t\t<div class=\"elementor-element elementor-element-66dd1e5 e-flex e-con-boxed e-con e-parent\" data-id=\"66dd1e5\" data-element_type=\"container\" data-e-type=\"container\">\n\t\t\t\t\t<div class=\"e-con-inner\">\n\t\t<div class=\"elementor-element elementor-element-79249b1 e-con-full e-flex e-con e-child\" data-id=\"79249b1\" data-element_type=\"container\" data-e-type=\"container\">\n\t\t\t\t<div class=\"elementor-element elementor-element-bb006c6 animated-slow elementor-invisible elementor-widget elementor-widget-text-editor\" data-id=\"bb006c6\" data-element_type=\"widget\" data-e-type=\"widget\" data-settings=\"{&quot;_animation&quot;:&quot;fadeInUp&quot;}\" data-widget_type=\"text-editor.default\">\n\t\t\t\t<div class=\"elementor-widget-container\">\n\t\t\t\t\t\t\t\t\t<p>Una cocina dise\u00f1ada para vivir en ella. Este proyecto de reforma integral transforma el espacio en el verdadero centro del hogar, combinando una isla de gran formato con encimera en blanco, frentes en madera roble y un ambiente luminoso.\u00a0<\/p>\t\t\t\t\t\t\t\t<\/div>\n\t\t\t\t<\/div>\n\t\t\t\t<\/div>\n\t\t<div class=\"elementor-element elementor-element-fa9fde9 e-con-full e-flex e-con e-child\" data-id=\"fa9fde9\" data-element_type=\"container\" data-e-type=\"container\">\n\t\t\t\t<div class=\"elementor-element elementor-element-3621ce5 animated-slow elementor-invisible elementor-widget elementor-widget-image\" data-id=\"3621ce5\" data-element_type=\"widget\" data-e-type=\"widget\" data-settings=\"{&quot;_animation&quot;:&quot;fadeInUp&quot;}\" data-widget_type=\"image.default\">\n\t\t\t\t<div class=\"elementor-widget-container\">\n\t\t\t\t\t\t\t\t\t\t\t\t\t\t\t<img fetchpriority=\"high\" decoding=\"async\" width=\"576\" height=\"1024\" src=\"https:\/\/www.helicecocinas.com\/wp-content\/uploads\/2026\/04\/Diseno-sin-titulo-2026-04-20T141840.192-576x1024.jpg\" class=\"attachment-large size-large wp-image-22846\" alt=\"\" srcset=\"https:\/\/www.helicecocinas.com\/wp-content\/uploads\/2026\/04\/Diseno-sin-titulo-2026-04-20T141840.192-576x1024.jpg 576w, https:\/\/www.helicecocinas.com\/wp-content\/uploads\/2026\/04\/Diseno-sin-titulo-2026-04-20T141840.192-169x300.jpg 169w, https:\/\/www.helicecocinas.com\/wp-content\/uploads\/2026\/04\/Diseno-sin-titulo-2026-04-20T141840.192-768x1365.jpg 768w, https:\/\/www.helicecocinas.com\/wp-content\/uploads\/2026\/04\/Diseno-sin-titulo-2026-04-20T141840.192-864x1536.jpg 864w, https:\/\/www.helicecocinas.com\/wp-content\/uploads\/2026\/04\/Diseno-sin-titulo-2026-04-20T141840.192-7x12.jpg 7w, https:\/\/www.helicecocinas.com\/wp-content\/uploads\/2026\/04\/Diseno-sin-titulo-2026-04-20T141840.192.jpg 1152w\" sizes=\"(max-width: 576px) 100vw, 576px\" title=\"\">\t\t\t\t\t\t\t\t\t\t\t\t\t\t\t<\/div>\n\t\t\t\t<\/div>\n\t\t\t\t<\/div>\n\t\t\t\t\t<\/div>\n\t\t\t\t<\/div>\n\t\t<div class=\"elementor-element elementor-element-eff70d8 e-flex e-con-boxed e-con e-parent\" data-id=\"eff70d8\" data-element_type=\"container\" data-e-type=\"container\">\n\t\t\t\t\t<div class=\"e-con-inner\">\n\t\t\t\t<div class=\"elementor-element elementor-element-7ef0240 elementor-widget elementor-widget-spacer\" data-id=\"7ef0240\" data-element_type=\"widget\" data-e-type=\"widget\" data-widget_type=\"spacer.default\">\n\t\t\t\t<div class=\"elementor-widget-container\">\n\t\t\t\t\t\t\t<div class=\"elementor-spacer\">\n\t\t\t<div class=\"elementor-spacer-inner\"><\/div>\n\t\t<\/div>\n\t\t\t\t\t\t<\/div>\n\t\t\t\t<\/div>\n\t\t\t\t\t<\/div>\n\t\t\t\t<\/div>\n\t\t<div class=\"elementor-element elementor-element-d4b3207 e-flex e-con-boxed e-con e-parent\" data-id=\"d4b3207\" data-element_type=\"container\" data-e-type=\"container\">\n\t\t\t\t\t<div class=\"e-con-inner\">\n\t\t\t\t<div class=\"elementor-element elementor-element-b85c634 animated-slow elementor-invisible elementor-widget elementor-widget-image\" data-id=\"b85c634\" data-element_type=\"widget\" data-e-type=\"widget\" data-settings=\"{&quot;_animation&quot;:&quot;fadeInUp&quot;}\" data-widget_type=\"image.default\">\n\t\t\t\t<div class=\"elementor-widget-container\">\n\t\t\t\t\t\t\t\t\t\t\t\t\t\t\t<img decoding=\"async\" width=\"1024\" height=\"682\" src=\"https:\/\/www.helicecocinas.com\/wp-content\/uploads\/2026\/04\/Diseno-sin-titulo-2026-04-20T152916.808-1024x682.jpg\" class=\"attachment-large size-large wp-image-22859\" alt=\"cocina con isla central\" srcset=\"https:\/\/www.helicecocinas.com\/wp-content\/uploads\/2026\/04\/Diseno-sin-titulo-2026-04-20T152916.808-1024x682.jpg 1024w, https:\/\/www.helicecocinas.com\/wp-content\/uploads\/2026\/04\/Diseno-sin-titulo-2026-04-20T152916.808-300x200.jpg 300w, https:\/\/www.helicecocinas.com\/wp-content\/uploads\/2026\/04\/Diseno-sin-titulo-2026-04-20T152916.808-768x512.jpg 768w, https:\/\/www.helicecocinas.com\/wp-content\/uploads\/2026\/04\/Diseno-sin-titulo-2026-04-20T152916.808-1536x1024.jpg 1536w, https:\/\/www.helicecocinas.com\/wp-content\/uploads\/2026\/04\/Diseno-sin-titulo-2026-04-20T152916.808-18x12.jpg 18w, https:\/\/www.helicecocinas.com\/wp-content\/uploads\/2026\/04\/Diseno-sin-titulo-2026-04-20T152916.808.jpg 2000w\" sizes=\"(max-width: 1024px) 100vw, 1024px\" title=\"\">\t\t\t\t\t\t\t\t\t\t\t\t\t\t\t<\/div>\n\t\t\t\t<\/div>\n\t\t\t\t\t<\/div>\n\t\t\t\t<\/div>\n\t\t<div class=\"elementor-element elementor-element-ff2a015 e-flex e-con-boxed e-con e-parent\" data-id=\"ff2a015\" data-element_type=\"container\" data-e-type=\"container\">\n\t\t\t\t\t<div class=\"e-con-inner\">\n\t\t\t\t<div class=\"elementor-element elementor-element-dc38055 elementor-widget elementor-widget-spacer\" data-id=\"dc38055\" data-element_type=\"widget\" data-e-type=\"widget\" data-widget_type=\"spacer.default\">\n\t\t\t\t<div class=\"elementor-widget-container\">\n\t\t\t\t\t\t\t<div class=\"elementor-spacer\">\n\t\t\t<div class=\"elementor-spacer-inner\"><\/div>\n\t\t<\/div>\n\t\t\t\t\t\t<\/div>\n\t\t\t\t<\/div>\n\t\t\t\t\t<\/div>\n\t\t\t\t<\/div>\n\t\t<div class=\"elementor-element elementor-element-3d67349 e-flex e-con-boxed e-con e-parent\" data-id=\"3d67349\" data-element_type=\"container\" data-e-type=\"container\">\n\t\t\t\t\t<div class=\"e-con-inner\">\n\t\t<div class=\"elementor-element elementor-element-ed19bf9 e-con-full e-flex e-con e-child\" data-id=\"ed19bf9\" data-element_type=\"container\" data-e-type=\"container\">\n\t\t\t\t<div class=\"elementor-element elementor-element-feb3b6b animated-slow elementor-invisible elementor-widget elementor-widget-text-editor\" data-id=\"feb3b6b\" data-element_type=\"widget\" data-e-type=\"widget\" data-settings=\"{&quot;_animation&quot;:&quot;fadeInUp&quot;}\" data-widget_type=\"text-editor.default\">\n\t\t\t\t<div class=\"elementor-widget-container\">\n\t\t\t\t\t\t\t\t\t<p>La isla se convierte en el elemento protagonista: amplia, funcional y est\u00e9ticamente impecable, que refuerza la calidez. La campana extractora integrada en el techo manteniendo la visi\u00f3n despejada.\u00a0<\/p>\t\t\t\t\t\t\t\t<\/div>\n\t\t\t\t<\/div>\n\t\t\t\t<\/div>\n\t\t\t\t\t<\/div>\n\t\t\t\t<\/div>\n\t\t<div class=\"elementor-element elementor-element-f80bae8 e-flex e-con-boxed e-con e-parent\" data-id=\"f80bae8\" data-element_type=\"container\" data-e-type=\"container\">\n\t\t\t\t\t<div class=\"e-con-inner\">\n\t\t\t\t<div class=\"elementor-element elementor-element-8fecbfe animated-slow elementor-invisible elementor-widget elementor-widget-image\" data-id=\"8fecbfe\" data-element_type=\"widget\" data-e-type=\"widget\" data-settings=\"{&quot;_animation&quot;:&quot;fadeInUp&quot;}\" data-widget_type=\"image.default\">\n\t\t\t\t<div class=\"elementor-widget-container\">\n\t\t\t\t\t\t\t\t\t\t\t\t\t\t\t<img decoding=\"async\" width=\"819\" height=\"1024\" src=\"https:\/\/www.helicecocinas.com\/wp-content\/uploads\/2026\/04\/Contenido-Helice-Cocinas-2-78-819x1024.jpg\" class=\"attachment-large size-large wp-image-22860\" alt=\"\" srcset=\"https:\/\/www.helicecocinas.com\/wp-content\/uploads\/2026\/04\/Contenido-Helice-Cocinas-2-78-819x1024.jpg 819w, https:\/\/www.helicecocinas.com\/wp-content\/uploads\/2026\/04\/Contenido-Helice-Cocinas-2-78-240x300.jpg 240w, https:\/\/www.helicecocinas.com\/wp-content\/uploads\/2026\/04\/Contenido-Helice-Cocinas-2-78-768x960.jpg 768w, https:\/\/www.helicecocinas.com\/wp-content\/uploads\/2026\/04\/Contenido-Helice-Cocinas-2-78-10x12.jpg 10w, https:\/\/www.helicecocinas.com\/wp-content\/uploads\/2026\/04\/Contenido-Helice-Cocinas-2-78.jpg 1080w\" sizes=\"(max-width: 819px) 100vw, 819px\" title=\"\">\t\t\t\t\t\t\t\t\t\t\t\t\t\t\t<\/div>\n\t\t\t\t<\/div>\n\t\t\t\t\t<\/div>\n\t\t\t\t<\/div>\n\t\t<div class=\"elementor-element elementor-element-f0e60df e-flex e-con-boxed e-con e-parent\" data-id=\"f0e60df\" data-element_type=\"container\" data-e-type=\"container\">\n\t\t\t\t\t<div class=\"e-con-inner\">\n\t\t\t\t<div class=\"elementor-element elementor-element-9225766 elementor-widget elementor-widget-spacer\" data-id=\"9225766\" data-element_type=\"widget\" data-e-type=\"widget\" data-widget_type=\"spacer.default\">\n\t\t\t\t<div class=\"elementor-widget-container\">\n\t\t\t\t\t\t\t<div class=\"elementor-spacer\">\n\t\t\t<div class=\"elementor-spacer-inner\"><\/div>\n\t\t<\/div>\n\t\t\t\t\t\t<\/div>\n\t\t\t\t<\/div>\n\t\t\t\t\t<\/div>\n\t\t\t\t<\/div>\n\t\t<div class=\"elementor-element elementor-element-35d7e3c e-flex e-con-boxed e-con e-parent\" data-id=\"35d7e3c\" data-element_type=\"container\" data-e-type=\"container\">\n\t\t\t\t\t<div class=\"e-con-inner\">\n\t\t<div class=\"elementor-element elementor-element-1a3067a e-con-full e-flex e-con e-child\" data-id=\"1a3067a\" data-element_type=\"container\" data-e-type=\"container\">\n\t\t\t\t<div class=\"elementor-element elementor-element-dea0cbe elementor-invisible elementor-widget elementor-widget-image\" data-id=\"dea0cbe\" data-element_type=\"widget\" data-e-type=\"widget\" data-settings=\"{&quot;_animation&quot;:&quot;fadeInUp&quot;}\" data-widget_type=\"image.default\">\n\t\t\t\t<div class=\"elementor-widget-container\">\n\t\t\t\t\t\t\t\t\t\t\t\t\t\t\t<img loading=\"lazy\" decoding=\"async\" width=\"819\" height=\"1024\" src=\"https:\/\/www.helicecocinas.com\/wp-content\/uploads\/2026\/04\/Contenido-Helice-Cocinas-2-79-819x1024.jpg\" class=\"attachment-large size-large wp-image-22862\" alt=\"cocina estilo escandinavo\" srcset=\"https:\/\/www.helicecocinas.com\/wp-content\/uploads\/2026\/04\/Contenido-Helice-Cocinas-2-79-819x1024.jpg 819w, https:\/\/www.helicecocinas.com\/wp-content\/uploads\/2026\/04\/Contenido-Helice-Cocinas-2-79-240x300.jpg 240w, https:\/\/www.helicecocinas.com\/wp-content\/uploads\/2026\/04\/Contenido-Helice-Cocinas-2-79-768x960.jpg 768w, https:\/\/www.helicecocinas.com\/wp-content\/uploads\/2026\/04\/Contenido-Helice-Cocinas-2-79-10x12.jpg 10w, https:\/\/www.helicecocinas.com\/wp-content\/uploads\/2026\/04\/Contenido-Helice-Cocinas-2-79.jpg 1080w\" sizes=\"(max-width: 819px) 100vw, 819px\" title=\"\">\t\t\t\t\t\t\t\t\t\t\t\t\t\t\t<\/div>\n\t\t\t\t<\/div>\n\t\t\t\t<\/div>\n\t\t<div class=\"elementor-element elementor-element-e27cfc5 e-con-full e-flex e-con e-child\" data-id=\"e27cfc5\" data-element_type=\"container\" data-e-type=\"container\">\n\t\t\t\t<div class=\"elementor-element elementor-element-479e58a animated-slow elementor-invisible elementor-widget elementor-widget-image\" data-id=\"479e58a\" data-element_type=\"widget\" data-e-type=\"widget\" data-settings=\"{&quot;_animation&quot;:&quot;fadeInUp&quot;}\" data-widget_type=\"image.default\">\n\t\t\t\t<div class=\"elementor-widget-container\">\n\t\t\t\t\t\t\t\t\t\t\t\t\t\t\t<img loading=\"lazy\" decoding=\"async\" width=\"819\" height=\"1024\" src=\"https:\/\/www.helicecocinas.com\/wp-content\/uploads\/2026\/04\/Contenido-Helice-Cocinas-2-80-819x1024.jpg\" class=\"attachment-large size-large wp-image-22863\" alt=\"\" srcset=\"https:\/\/www.helicecocinas.com\/wp-content\/uploads\/2026\/04\/Contenido-Helice-Cocinas-2-80-819x1024.jpg 819w, https:\/\/www.helicecocinas.com\/wp-content\/uploads\/2026\/04\/Contenido-Helice-Cocinas-2-80-240x300.jpg 240w, https:\/\/www.helicecocinas.com\/wp-content\/uploads\/2026\/04\/Contenido-Helice-Cocinas-2-80-768x960.jpg 768w, https:\/\/www.helicecocinas.com\/wp-content\/uploads\/2026\/04\/Contenido-Helice-Cocinas-2-80-10x12.jpg 10w, https:\/\/www.helicecocinas.com\/wp-content\/uploads\/2026\/04\/Contenido-Helice-Cocinas-2-80.jpg 1080w\" sizes=\"(max-width: 819px) 100vw, 819px\" title=\"\">\t\t\t\t\t\t\t\t\t\t\t\t\t\t\t<\/div>\n\t\t\t\t<\/div>\n\t\t\t\t<\/div>\n\t\t\t\t\t<\/div>\n\t\t\t\t<\/div>\n\t\t<div class=\"elementor-element elementor-element-2048199 e-flex e-con-boxed e-con e-parent\" data-id=\"2048199\" data-element_type=\"container\" data-e-type=\"container\">\n\t\t\t\t\t<div class=\"e-con-inner\">\n\t\t<div class=\"elementor-element elementor-element-47388fc e-con-full e-flex e-con e-child\" data-id=\"47388fc\" data-element_type=\"container\" data-e-type=\"container\">\n\t\t\t\t<div class=\"elementor-element elementor-element-b3f6237 animated-slow elementor-invisible elementor-widget elementor-widget-text-editor\" data-id=\"b3f6237\" data-element_type=\"widget\" data-e-type=\"widget\" data-settings=\"{&quot;_animation&quot;:&quot;fadeInUp&quot;}\" data-widget_type=\"text-editor.default\">\n\t\t\t\t<div class=\"elementor-widget-container\">\n\t\t\t\t\t\t\t\t\t<p class=\"intro\">Cada detalle ha sido pensado para equilibrar funcionalidad y elegancia: los armarios superiores en madera flotan sobre la encimera creando un contraluz c\u00e1lido, y la organizaci\u00f3n del espacio permite trabajar con comodidad sin sacrificar un \u00e1pice de la est\u00e9tica.<\/p>\t\t\t\t\t\t\t\t<\/div>\n\t\t\t\t<\/div>\n\t\t\t\t<\/div>\n\t\t\t\t\t<\/div>\n\t\t\t\t<\/div>\n\t\t<div class=\"elementor-element elementor-element-b737423 e-flex e-con-boxed e-con e-parent\" data-id=\"b737423\" data-element_type=\"container\" data-e-type=\"container\">\n\t\t\t\t\t<div class=\"e-con-inner\">\n\t\t<div class=\"elementor-element elementor-element-800ec76 e-con-full e-flex e-con e-child\" data-id=\"800ec76\" data-element_type=\"container\" data-e-type=\"container\">\n\t\t\t\t<\/div>\n\t\t<div class=\"elementor-element elementor-element-a93fe87 e-con-full e-flex e-con e-child\" data-id=\"a93fe87\" data-element_type=\"container\" data-e-type=\"container\">\n\t\t\t\t<div class=\"elementor-element elementor-element-781eb21 animated-slow elementor-invisible elementor-widget elementor-widget-image\" data-id=\"781eb21\" data-element_type=\"widget\" data-e-type=\"widget\" data-settings=\"{&quot;_animation&quot;:&quot;fadeInUp&quot;}\" data-widget_type=\"image.default\">\n\t\t\t\t<div class=\"elementor-widget-container\">\n\t\t\t\t\t\t\t\t\t\t\t\t\t\t\t<img loading=\"lazy\" decoding=\"async\" width=\"819\" height=\"1024\" src=\"https:\/\/www.helicecocinas.com\/wp-content\/uploads\/2026\/04\/Contenido-Helice-Cocinas-2-81-819x1024.jpg\" class=\"attachment-large size-large wp-image-22864\" alt=\"\" srcset=\"https:\/\/www.helicecocinas.com\/wp-content\/uploads\/2026\/04\/Contenido-Helice-Cocinas-2-81-819x1024.jpg 819w, https:\/\/www.helicecocinas.com\/wp-content\/uploads\/2026\/04\/Contenido-Helice-Cocinas-2-81-240x300.jpg 240w, https:\/\/www.helicecocinas.com\/wp-content\/uploads\/2026\/04\/Contenido-Helice-Cocinas-2-81-768x960.jpg 768w, https:\/\/www.helicecocinas.com\/wp-content\/uploads\/2026\/04\/Contenido-Helice-Cocinas-2-81-10x12.jpg 10w, https:\/\/www.helicecocinas.com\/wp-content\/uploads\/2026\/04\/Contenido-Helice-Cocinas-2-81.jpg 1080w\" sizes=\"(max-width: 819px) 100vw, 819px\" title=\"\">\t\t\t\t\t\t\t\t\t\t\t\t\t\t\t<\/div>\n\t\t\t\t<\/div>\n\t\t\t\t<\/div>\n\t\t\t\t\t<\/div>\n\t\t\t\t<\/div>\n\t\t<div class=\"elementor-element elementor-element-0685071 e-flex e-con-boxed e-con e-parent\" data-id=\"0685071\" data-element_type=\"container\" data-e-type=\"container\">\n\t\t\t\t\t<div class=\"e-con-inner\">\n\t\t\t\t<div class=\"elementor-element elementor-element-58c21be elementor-widget elementor-widget-spacer\" data-id=\"58c21be\" data-element_type=\"widget\" data-e-type=\"widget\" data-widget_type=\"spacer.default\">\n\t\t\t\t<div class=\"elementor-widget-container\">\n\t\t\t\t\t\t\t<div class=\"elementor-spacer\">\n\t\t\t<div class=\"elementor-spacer-inner\"><\/div>\n\t\t<\/div>\n\t\t\t\t\t\t<\/div>\n\t\t\t\t<\/div>\n\t\t\t\t\t<\/div>\n\t\t\t\t<\/div>\n\t\t<div class=\"elementor-element elementor-element-8c03d3f e-flex e-con-boxed e-con e-parent\" data-id=\"8c03d3f\" data-element_type=\"container\" data-e-type=\"container\">\n\t\t\t\t\t<div class=\"e-con-inner\">\n\t\t\t\t<div class=\"elementor-element elementor-element-bc63524 elementor-widget elementor-widget-text-editor\" data-id=\"bc63524\" data-element_type=\"widget\" data-e-type=\"widget\" data-widget_type=\"text-editor.default\">\n\t\t\t\t<div class=\"elementor-widget-container\">\n\t\t\t\t\t\t\t\t\t<p style=\"text-align: center;\"><a href=\"https:\/\/www.helicecocinas.com\/es\/ver-mas-proyectos\/\"><span style=\"text-decoration: underline;\">Ver m\u00e1s proyectos\u00a0<\/span><\/a><\/p>\t\t\t\t\t\t\t\t<\/div>\n\t\t\t\t<\/div>\n\t\t\t\t\t<\/div>\n\t\t\t\t<\/div>\n\t\t\t\t<\/div>\n\t\t","protected":false},"excerpt":{"rendered":"<p> [&hellip;]<\/p>\n","protected":false},"author":2,"featured_media":0,"parent":0,"menu_order":0,"comment_status":"closed","ping_status":"closed","template":"","meta":{"site-sidebar-layout":"no-sidebar","site-content-layout":"page-builder","ast-site-content-layout":"full-width-container","site-content-style":"default","site-sidebar-style":"default","ast-global-header-display":"","ast-banner-title-visibility":"disabled","ast-main-header-display":"","ast-hfb-above-header-display":"","ast-hfb-below-header-display":"","ast-hfb-mobile-header-display":"","site-post-title":"disabled","ast-breadcrumbs-content":"","ast-featured-img":"disabled","footer-sml-layout":"","theme-transparent-header-meta":"default","adv-header-id-meta":"6825","stick-header-meta":"default","header-above-stick-meta":"","header-main-stick-meta":"","header-below-stick-meta":"","astra-migrate-meta-layouts":"set","ast-page-background-enabled":"default","ast-page-background-meta":{"desktop":{"background-color":"","background-image":"","background-repeat":"repeat","background-position":"center center","background-size":"auto","background-attachment":"scroll","background-type":"","background-media":"","overlay-type":"","overlay-color":"","overlay-opacity":"","overlay-gradient":""},"tablet":{"background-color":"","background-image":"","background-repeat":"repeat","background-position":"center center","background-size":"auto","background-attachment":"scroll","background-type":"","background-media":"","overlay-type":"","overlay-color":"","overlay-opacity":"","overlay-gradient":""},"mobile":{"background-color":"","background-image":"","background-repeat":"repeat","background-position":"center center","background-size":"auto","background-attachment":"scroll","background-type":"","background-media":"","overlay-type":"","overlay-color":"","overlay-opacity":"","overlay-gradient":""}},"ast-content-background-meta":{"desktop":{"background-color":"var(--ast-global-color-5)","background-image":"","background-repeat":"repeat","background-position":"center center","background-size":"auto","background-attachment":"scroll","background-type":"","background-media":"","overlay-type":"","overlay-color":"","overlay-opacity":"","overlay-gradient":""},"tablet":{"background-color":"var(--ast-global-color-5)","background-image":"","background-repeat":"repeat","background-position":"center center","background-size":"auto","background-attachment":"scroll","background-type":"","background-media":"","overlay-type":"","overlay-color":"","overlay-opacity":"","overlay-gradient":""},"mobile":{"background-color":"var(--ast-global-color-5)","background-image":"","background-repeat":"repeat","background-position":"center center","background-size":"auto","background-attachment":"scroll","background-type":"","background-media":"","overlay-type":"","overlay-color":"","overlay-opacity":"","overlay-gradient":""}},"footnotes":""},"class_list":["post-22839","page","type-page","status-publish","hentry"],"_links":{"self":[{"href":"https:\/\/www.helicecocinas.com\/es\/wp-json\/wp\/v2\/pages\/22839","targetHints":{"allow":["GET"]}}],"collection":[{"href":"https:\/\/www.helicecocinas.com\/es\/wp-json\/wp\/v2\/pages"}],"about":[{"href":"https:\/\/www.helicecocinas.com\/es\/wp-json\/wp\/v2\/types\/page"}],"author":[{"embeddable":true,"href":"https:\/\/www.helicecocinas.com\/es\/wp-json\/wp\/v2\/users\/2"}],"replies":[{"embeddable":true,"href":"https:\/\/www.helicecocinas.com\/es\/wp-json\/wp\/v2\/comments?post=22839"}],"version-history":[{"count":0,"href":"https:\/\/www.helicecocinas.com\/es\/wp-json\/wp\/v2\/pages\/22839\/revisions"}],"wp:attachment":[{"href":"https:\/\/www.helicecocinas.com\/es\/wp-json\/wp\/v2\/media?parent=22839"}],"curies":[{"name":"wp","href":"https:\/\/api.w.org\/{rel}","templated":true}]}}