{"id":22668,"date":"2026-04-15T11:51:44","date_gmt":"2026-04-15T09:51:44","guid":{"rendered":"https:\/\/www.helicecocinas.com\/?page_id=22668"},"modified":"2026-04-16T14:50:56","modified_gmt":"2026-04-16T12:50:56","slug":"blanco-y-marmol","status":"publish","type":"page","link":"https:\/\/www.helicecocinas.com\/es\/blanco-y-marmol\/","title":{"rendered":"blanco y m\u00e1rmol"},"content":{"rendered":"\t\t<div data-elementor-type=\"wp-page\" data-elementor-id=\"22668\" class=\"elementor elementor-22668\" data-elementor-settings=\"{&quot;element_pack_global_tooltip_width&quot;:{&quot;unit&quot;:&quot;px&quot;,&quot;size&quot;:&quot;&quot;,&quot;sizes&quot;:[]},&quot;element_pack_global_tooltip_width_tablet&quot;:{&quot;unit&quot;:&quot;px&quot;,&quot;size&quot;:&quot;&quot;,&quot;sizes&quot;:[]},&quot;element_pack_global_tooltip_width_mobile&quot;:{&quot;unit&quot;:&quot;px&quot;,&quot;size&quot;:&quot;&quot;,&quot;sizes&quot;:[]},&quot;element_pack_global_tooltip_padding&quot;:{&quot;unit&quot;:&quot;px&quot;,&quot;top&quot;:&quot;&quot;,&quot;right&quot;:&quot;&quot;,&quot;bottom&quot;:&quot;&quot;,&quot;left&quot;:&quot;&quot;,&quot;isLinked&quot;:true},&quot;element_pack_global_tooltip_padding_tablet&quot;:{&quot;unit&quot;:&quot;px&quot;,&quot;top&quot;:&quot;&quot;,&quot;right&quot;:&quot;&quot;,&quot;bottom&quot;:&quot;&quot;,&quot;left&quot;:&quot;&quot;,&quot;isLinked&quot;:true},&quot;element_pack_global_tooltip_padding_mobile&quot;:{&quot;unit&quot;:&quot;px&quot;,&quot;top&quot;:&quot;&quot;,&quot;right&quot;:&quot;&quot;,&quot;bottom&quot;:&quot;&quot;,&quot;left&quot;:&quot;&quot;,&quot;isLinked&quot;:true},&quot;element_pack_global_tooltip_border_radius&quot;:{&quot;unit&quot;:&quot;px&quot;,&quot;top&quot;:&quot;&quot;,&quot;right&quot;:&quot;&quot;,&quot;bottom&quot;:&quot;&quot;,&quot;left&quot;:&quot;&quot;,&quot;isLinked&quot;:true},&quot;element_pack_global_tooltip_border_radius_tablet&quot;:{&quot;unit&quot;:&quot;px&quot;,&quot;top&quot;:&quot;&quot;,&quot;right&quot;:&quot;&quot;,&quot;bottom&quot;:&quot;&quot;,&quot;left&quot;:&quot;&quot;,&quot;isLinked&quot;:true},&quot;element_pack_global_tooltip_border_radius_mobile&quot;:{&quot;unit&quot;:&quot;px&quot;,&quot;top&quot;:&quot;&quot;,&quot;right&quot;:&quot;&quot;,&quot;bottom&quot;:&quot;&quot;,&quot;left&quot;:&quot;&quot;,&quot;isLinked&quot;:true}}\" data-elementor-post-type=\"page\">\n\t\t\t\t<div class=\"elementor-element elementor-element-e7adbee e-flex e-con-boxed e-con e-parent\" data-id=\"e7adbee\" data-element_type=\"container\" data-e-type=\"container\">\n\t\t\t\t\t<div class=\"e-con-inner\">\n\t\t\t\t<div class=\"elementor-element elementor-element-55c475d elementor-widget elementor-widget-spacer\" data-id=\"55c475d\" data-element_type=\"widget\" data-e-type=\"widget\" data-widget_type=\"spacer.default\">\n\t\t\t\t<div class=\"elementor-widget-container\">\n\t\t\t\t\t\t\t<div class=\"elementor-spacer\">\n\t\t\t<div class=\"elementor-spacer-inner\"><\/div>\n\t\t<\/div>\n\t\t\t\t\t\t<\/div>\n\t\t\t\t<\/div>\n\t\t\t\t\t<\/div>\n\t\t\t\t<\/div>\n\t\t<div class=\"elementor-element elementor-element-47c4021 e-flex e-con-boxed e-con e-parent\" data-id=\"47c4021\" data-element_type=\"container\" data-e-type=\"container\">\n\t\t\t\t\t<div class=\"e-con-inner\">\n\t\t\t\t<div class=\"elementor-element elementor-element-a370461 elementor-widget elementor-widget-heading\" data-id=\"a370461\" data-element_type=\"widget\" data-e-type=\"widget\" data-widget_type=\"heading.default\">\n\t\t\t\t<div class=\"elementor-widget-container\">\n\t\t\t\t\t<h3 class=\"elementor-heading-title elementor-size-default\">Cocina con isla: madera en perfecto equilibrio\n<\/h3>\t\t\t\t<\/div>\n\t\t\t\t<\/div>\n\t\t\t\t\t<\/div>\n\t\t\t\t<\/div>\n\t\t<div class=\"elementor-element elementor-element-887cca6 e-flex e-con-boxed e-con e-parent\" data-id=\"887cca6\" data-element_type=\"container\" data-e-type=\"container\">\n\t\t\t\t\t<div class=\"e-con-inner\">\n\t\t\t\t<div class=\"elementor-element elementor-element-618a950 elementor-widget elementor-widget-spacer\" data-id=\"618a950\" data-element_type=\"widget\" data-e-type=\"widget\" data-widget_type=\"spacer.default\">\n\t\t\t\t<div class=\"elementor-widget-container\">\n\t\t\t\t\t\t\t<div class=\"elementor-spacer\">\n\t\t\t<div class=\"elementor-spacer-inner\"><\/div>\n\t\t<\/div>\n\t\t\t\t\t\t<\/div>\n\t\t\t\t<\/div>\n\t\t\t\t\t<\/div>\n\t\t\t\t<\/div>\n\t\t<div class=\"elementor-element elementor-element-aa0b9b5 e-flex e-con-boxed e-con e-parent\" data-id=\"aa0b9b5\" data-element_type=\"container\" data-e-type=\"container\">\n\t\t\t\t\t<div class=\"e-con-inner\">\n\t\t<div class=\"elementor-element elementor-element-d609ff4 e-con-full e-flex e-con e-child\" data-id=\"d609ff4\" data-element_type=\"container\" data-e-type=\"container\">\n\t\t\t\t<div class=\"elementor-element elementor-element-bcbc27b animated-slow elementor-invisible elementor-widget elementor-widget-text-editor\" data-id=\"bcbc27b\" data-element_type=\"widget\" data-e-type=\"widget\" data-settings=\"{&quot;_animation&quot;:&quot;fadeInUp&quot;}\" data-widget_type=\"text-editor.default\">\n\t\t\t\t<div class=\"elementor-widget-container\">\n\t\t\t\t\t\t\t\t\t<p>Un proyecto que destaca por la combinaci\u00f3n de dos acabados cuidadosamente seleccionados. El modelo Oslo Cashmere, presente en los m\u00f3dulos altos, aporta serenidad y un tono neutro que ampl\u00eda visualmente el espacio. Por su parte, el modelo Aluplas NF116 en los frentes inferiores y la isla introduce calidez y un contraste sofisticado.<\/p>\t\t\t\t\t\t\t\t<\/div>\n\t\t\t\t<\/div>\n\t\t\t\t<\/div>\n\t\t<div class=\"elementor-element elementor-element-75905a8 e-con-full e-flex e-con e-child\" data-id=\"75905a8\" data-element_type=\"container\" data-e-type=\"container\">\n\t\t\t\t<div class=\"elementor-element elementor-element-9489067 animated-slow elementor-invisible elementor-widget elementor-widget-image\" data-id=\"9489067\" data-element_type=\"widget\" data-e-type=\"widget\" data-settings=\"{&quot;_animation&quot;:&quot;fadeInUp&quot;}\" data-widget_type=\"image.default\">\n\t\t\t\t<div class=\"elementor-widget-container\">\n\t\t\t\t\t\t\t\t\t\t\t\t\t\t\t\t<a href=\"https:\/\/www.helicecocinas.com\/wp-content\/uploads\/2026\/04\/Diseno-sin-titulo-2026-04-16T131034.028.jpg\" data-elementor-open-lightbox=\"yes\" data-e-action-hash=\"#elementor-action%3Aaction%3Dlightbox%26settings%3DeyJpZCI6MjI3NzMsInVybCI6Imh0dHBzOlwvXC93d3cuaGVsaWNlY29jaW5hcy5jb21cL3dwLWNvbnRlbnRcL3VwbG9hZHNcLzIwMjZcLzA0XC9EaXNlbm8tc2luLXRpdHVsby0yMDI2LTA0LTE2VDEzMTAzNC4wMjguanBnIn0%3D\">\n\t\t\t\t\t\t\t<img fetchpriority=\"high\" decoding=\"async\" width=\"576\" height=\"1024\" src=\"https:\/\/www.helicecocinas.com\/wp-content\/uploads\/2026\/04\/Diseno-sin-titulo-2026-04-16T131034.028-576x1024.jpg\" class=\"attachment-large size-large wp-image-22773\" alt=\"\" srcset=\"https:\/\/www.helicecocinas.com\/wp-content\/uploads\/2026\/04\/Diseno-sin-titulo-2026-04-16T131034.028-576x1024.jpg 576w, https:\/\/www.helicecocinas.com\/wp-content\/uploads\/2026\/04\/Diseno-sin-titulo-2026-04-16T131034.028-169x300.jpg 169w, https:\/\/www.helicecocinas.com\/wp-content\/uploads\/2026\/04\/Diseno-sin-titulo-2026-04-16T131034.028-768x1365.jpg 768w, https:\/\/www.helicecocinas.com\/wp-content\/uploads\/2026\/04\/Diseno-sin-titulo-2026-04-16T131034.028-864x1536.jpg 864w, https:\/\/www.helicecocinas.com\/wp-content\/uploads\/2026\/04\/Diseno-sin-titulo-2026-04-16T131034.028-7x12.jpg 7w, https:\/\/www.helicecocinas.com\/wp-content\/uploads\/2026\/04\/Diseno-sin-titulo-2026-04-16T131034.028.jpg 1152w\" sizes=\"(max-width: 576px) 100vw, 576px\" title=\"\">\t\t\t\t\t\t\t\t<\/a>\n\t\t\t\t\t\t\t\t\t\t\t\t\t\t\t<\/div>\n\t\t\t\t<\/div>\n\t\t\t\t<\/div>\n\t\t\t\t\t<\/div>\n\t\t\t\t<\/div>\n\t\t<div class=\"elementor-element elementor-element-68bfdc7 e-flex e-con-boxed e-con e-parent\" data-id=\"68bfdc7\" data-element_type=\"container\" data-e-type=\"container\">\n\t\t\t\t\t<div class=\"e-con-inner\">\n\t\t\t\t<div class=\"elementor-element elementor-element-fc05900 elementor-widget elementor-widget-spacer\" data-id=\"fc05900\" data-element_type=\"widget\" data-e-type=\"widget\" data-widget_type=\"spacer.default\">\n\t\t\t\t<div class=\"elementor-widget-container\">\n\t\t\t\t\t\t\t<div class=\"elementor-spacer\">\n\t\t\t<div class=\"elementor-spacer-inner\"><\/div>\n\t\t<\/div>\n\t\t\t\t\t\t<\/div>\n\t\t\t\t<\/div>\n\t\t\t\t\t<\/div>\n\t\t\t\t<\/div>\n\t\t<div class=\"elementor-element elementor-element-b6b42d3 e-flex e-con-boxed e-con e-parent\" data-id=\"b6b42d3\" data-element_type=\"container\" data-e-type=\"container\">\n\t\t\t\t\t<div class=\"e-con-inner\">\n\t\t<div class=\"elementor-element elementor-element-a294019 e-con-full e-flex e-con e-child\" data-id=\"a294019\" data-element_type=\"container\" data-e-type=\"container\">\n\t\t\t\t<div class=\"elementor-element elementor-element-1e37fd8 elementor-widget elementor-widget-text-editor\" data-id=\"1e37fd8\" data-element_type=\"widget\" data-e-type=\"widget\" data-widget_type=\"text-editor.default\">\n\t\t\t\t<div class=\"elementor-widget-container\">\n\t\t\t\t\t\t\t\t\t<p>La selecci\u00f3n de estos dos acabados no es casual: responde a una b\u00fasqueda de contraste controlado, donde cada material ocupa exactamente el espacio que le corresponde.<\/p>\t\t\t\t\t\t\t\t<\/div>\n\t\t\t\t<\/div>\n\t\t\t\t<\/div>\n\t\t\t\t\t<\/div>\n\t\t\t\t<\/div>\n\t\t<div class=\"elementor-element elementor-element-7146b62 e-flex e-con-boxed e-con e-parent\" data-id=\"7146b62\" data-element_type=\"container\" data-e-type=\"container\">\n\t\t\t\t\t<div class=\"e-con-inner\">\n\t\t<div class=\"elementor-element elementor-element-9374050 e-con-full e-flex e-con e-child\" data-id=\"9374050\" data-element_type=\"container\" data-e-type=\"container\">\n\t\t\t\t<div class=\"elementor-element elementor-element-4c73752 animated-slow elementor-invisible elementor-widget elementor-widget-image\" data-id=\"4c73752\" data-element_type=\"widget\" data-e-type=\"widget\" data-settings=\"{&quot;_animation&quot;:&quot;fadeInUp&quot;}\" data-widget_type=\"image.default\">\n\t\t\t\t<div class=\"elementor-widget-container\">\n\t\t\t\t\t\t\t\t\t\t\t\t\t\t\t\t<a href=\"https:\/\/www.helicecocinas.com\/wp-content\/uploads\/2026\/04\/Diseno-sin-titulo-2026-04-16T132649.840.jpg\" data-elementor-open-lightbox=\"yes\" data-e-action-hash=\"#elementor-action%3Aaction%3Dlightbox%26settings%3DeyJpZCI6MjI3NzcsInVybCI6Imh0dHBzOlwvXC93d3cuaGVsaWNlY29jaW5hcy5jb21cL3dwLWNvbnRlbnRcL3VwbG9hZHNcLzIwMjZcLzA0XC9EaXNlbm8tc2luLXRpdHVsby0yMDI2LTA0LTE2VDEzMjY0OS44NDAuanBnIn0%3D\">\n\t\t\t\t\t\t\t<img decoding=\"async\" width=\"768\" height=\"1024\" src=\"https:\/\/www.helicecocinas.com\/wp-content\/uploads\/2026\/04\/Diseno-sin-titulo-2026-04-16T132649.840-768x1024.jpg\" class=\"attachment-large size-large wp-image-22777\" alt=\"\" srcset=\"https:\/\/www.helicecocinas.com\/wp-content\/uploads\/2026\/04\/Diseno-sin-titulo-2026-04-16T132649.840-768x1024.jpg 768w, https:\/\/www.helicecocinas.com\/wp-content\/uploads\/2026\/04\/Diseno-sin-titulo-2026-04-16T132649.840-225x300.jpg 225w, https:\/\/www.helicecocinas.com\/wp-content\/uploads\/2026\/04\/Diseno-sin-titulo-2026-04-16T132649.840-1152x1536.jpg 1152w, https:\/\/www.helicecocinas.com\/wp-content\/uploads\/2026\/04\/Diseno-sin-titulo-2026-04-16T132649.840-9x12.jpg 9w, https:\/\/www.helicecocinas.com\/wp-content\/uploads\/2026\/04\/Diseno-sin-titulo-2026-04-16T132649.840.jpg 1536w\" sizes=\"(max-width: 768px) 100vw, 768px\" title=\"\">\t\t\t\t\t\t\t\t<\/a>\n\t\t\t\t\t\t\t\t\t\t\t\t\t\t\t<\/div>\n\t\t\t\t<\/div>\n\t\t\t\t<\/div>\n\t\t<div class=\"elementor-element elementor-element-a58d25e e-con-full e-flex e-con e-child\" data-id=\"a58d25e\" data-element_type=\"container\" data-e-type=\"container\">\n\t\t\t\t<div class=\"elementor-element elementor-element-ea6a8eb animated-slow elementor-invisible elementor-widget elementor-widget-image\" data-id=\"ea6a8eb\" data-element_type=\"widget\" data-e-type=\"widget\" data-settings=\"{&quot;_animation&quot;:&quot;fadeInUp&quot;}\" data-widget_type=\"image.default\">\n\t\t\t\t<div class=\"elementor-widget-container\">\n\t\t\t\t\t\t\t\t\t\t\t\t\t\t\t\t<a href=\"https:\/\/www.helicecocinas.com\/wp-content\/uploads\/2026\/04\/Diseno-sin-titulo-2026-04-16T133107.682.jpg\" data-elementor-open-lightbox=\"yes\" data-e-action-hash=\"#elementor-action%3Aaction%3Dlightbox%26settings%3DeyJpZCI6MjI3NzgsInVybCI6Imh0dHBzOlwvXC93d3cuaGVsaWNlY29jaW5hcy5jb21cL3dwLWNvbnRlbnRcL3VwbG9hZHNcLzIwMjZcLzA0XC9EaXNlbm8tc2luLXRpdHVsby0yMDI2LTA0LTE2VDEzMzEwNy42ODIuanBnIn0%3D\">\n\t\t\t\t\t\t\t<img decoding=\"async\" width=\"768\" height=\"1024\" src=\"https:\/\/www.helicecocinas.com\/wp-content\/uploads\/2026\/04\/Diseno-sin-titulo-2026-04-16T133107.682-768x1024.jpg\" class=\"attachment-large size-large wp-image-22778\" alt=\"\" srcset=\"https:\/\/www.helicecocinas.com\/wp-content\/uploads\/2026\/04\/Diseno-sin-titulo-2026-04-16T133107.682-768x1024.jpg 768w, https:\/\/www.helicecocinas.com\/wp-content\/uploads\/2026\/04\/Diseno-sin-titulo-2026-04-16T133107.682-225x300.jpg 225w, https:\/\/www.helicecocinas.com\/wp-content\/uploads\/2026\/04\/Diseno-sin-titulo-2026-04-16T133107.682-1152x1536.jpg 1152w, https:\/\/www.helicecocinas.com\/wp-content\/uploads\/2026\/04\/Diseno-sin-titulo-2026-04-16T133107.682-9x12.jpg 9w, https:\/\/www.helicecocinas.com\/wp-content\/uploads\/2026\/04\/Diseno-sin-titulo-2026-04-16T133107.682.jpg 1536w\" sizes=\"(max-width: 768px) 100vw, 768px\" title=\"\">\t\t\t\t\t\t\t\t<\/a>\n\t\t\t\t\t\t\t\t\t\t\t\t\t\t\t<\/div>\n\t\t\t\t<\/div>\n\t\t\t\t<\/div>\n\t\t\t\t\t<\/div>\n\t\t\t\t<\/div>\n\t\t<div class=\"elementor-element elementor-element-c310f28 e-flex e-con-boxed e-con e-parent\" data-id=\"c310f28\" data-element_type=\"container\" data-e-type=\"container\">\n\t\t\t\t\t<div class=\"e-con-inner\">\n\t\t\t\t<div class=\"elementor-element elementor-element-c2c30ce elementor-widget elementor-widget-spacer\" data-id=\"c2c30ce\" data-element_type=\"widget\" data-e-type=\"widget\" data-widget_type=\"spacer.default\">\n\t\t\t\t<div class=\"elementor-widget-container\">\n\t\t\t\t\t\t\t<div class=\"elementor-spacer\">\n\t\t\t<div class=\"elementor-spacer-inner\"><\/div>\n\t\t<\/div>\n\t\t\t\t\t\t<\/div>\n\t\t\t\t<\/div>\n\t\t\t\t\t<\/div>\n\t\t\t\t<\/div>\n\t\t<div class=\"elementor-element elementor-element-c572833 e-flex e-con-boxed e-con e-parent\" data-id=\"c572833\" data-element_type=\"container\" data-e-type=\"container\">\n\t\t\t\t\t<div class=\"e-con-inner\">\n\t\t<div class=\"elementor-element elementor-element-7aa04c1 e-con-full e-flex e-con e-child\" data-id=\"7aa04c1\" data-element_type=\"container\" data-e-type=\"container\">\n\t\t\t\t<div class=\"elementor-element elementor-element-a7d0639 animated-slow elementor-invisible elementor-widget elementor-widget-text-editor\" data-id=\"a7d0639\" data-element_type=\"widget\" data-e-type=\"widget\" data-settings=\"{&quot;_animation&quot;:&quot;fadeInUp&quot;}\" data-widget_type=\"text-editor.default\">\n\t\t\t\t<div class=\"elementor-widget-container\">\n\t\t\t\t\t\t\t\t\t<p>La iluminaci\u00f3n integrada bajo los m\u00f3dulos altos es uno de los detalles que m\u00e1s car\u00e1cter aporta al proyecto. Una l\u00ednea de luz continua que recorre toda la zona de trabajo, realza la textura de los frentes y crea una atm\u00f3sfera c\u00e1lida que transforma el espacio seg\u00fan la hora del d\u00eda. Un recurso sencillo que marca una diferencia notable en el resultado fina<\/p>\t\t\t\t\t\t\t\t<\/div>\n\t\t\t\t<\/div>\n\t\t\t\t<\/div>\n\t\t<div class=\"elementor-element elementor-element-7806967 e-con-full e-flex e-con e-child\" data-id=\"7806967\" data-element_type=\"container\" data-e-type=\"container\">\n\t\t\t\t<\/div>\n\t\t\t\t\t<\/div>\n\t\t\t\t<\/div>\n\t\t<div class=\"elementor-element elementor-element-afe9d1c e-flex e-con-boxed e-con e-parent\" data-id=\"afe9d1c\" data-element_type=\"container\" data-e-type=\"container\">\n\t\t\t\t\t<div class=\"e-con-inner\">\n\t\t\t\t<div class=\"elementor-element elementor-element-131adc9 elementor-widget elementor-widget-spacer\" data-id=\"131adc9\" data-element_type=\"widget\" data-e-type=\"widget\" data-widget_type=\"spacer.default\">\n\t\t\t\t<div class=\"elementor-widget-container\">\n\t\t\t\t\t\t\t<div class=\"elementor-spacer\">\n\t\t\t<div class=\"elementor-spacer-inner\"><\/div>\n\t\t<\/div>\n\t\t\t\t\t\t<\/div>\n\t\t\t\t<\/div>\n\t\t\t\t\t<\/div>\n\t\t\t\t<\/div>\n\t\t<div class=\"elementor-element elementor-element-a05d76e e-flex e-con-boxed e-con e-parent\" data-id=\"a05d76e\" data-element_type=\"container\" data-e-type=\"container\">\n\t\t\t\t\t<div class=\"e-con-inner\">\n\t\t\t\t<div class=\"elementor-element elementor-element-b2a5ae7 animated-slow elementor-invisible elementor-widget elementor-widget-image\" data-id=\"b2a5ae7\" data-element_type=\"widget\" data-e-type=\"widget\" data-settings=\"{&quot;_animation&quot;:&quot;fadeInUp&quot;}\" data-widget_type=\"image.default\">\n\t\t\t\t<div class=\"elementor-widget-container\">\n\t\t\t\t\t\t\t\t\t\t\t\t\t\t\t\t<a href=\"https:\/\/www.helicecocinas.com\/wp-content\/uploads\/2026\/04\/Contenido-Helice-Cocinas-2-75.jpg\" data-elementor-open-lightbox=\"yes\" data-e-action-hash=\"#elementor-action%3Aaction%3Dlightbox%26settings%3DeyJpZCI6MjI2ODUsInVybCI6Imh0dHBzOlwvXC93d3cuaGVsaWNlY29jaW5hcy5jb21cL3dwLWNvbnRlbnRcL3VwbG9hZHNcLzIwMjZcLzA0XC9Db250ZW5pZG8tSGVsaWNlLUNvY2luYXMtMi03NS5qcGcifQ%3D%3D\">\n\t\t\t\t\t\t\t<img loading=\"lazy\" decoding=\"async\" width=\"819\" height=\"1024\" src=\"https:\/\/www.helicecocinas.com\/wp-content\/uploads\/2026\/04\/Contenido-Helice-Cocinas-2-75-819x1024.jpg\" class=\"attachment-large size-large wp-image-22685\" alt=\"cocina con m\u00e1rmol\" srcset=\"https:\/\/www.helicecocinas.com\/wp-content\/uploads\/2026\/04\/Contenido-Helice-Cocinas-2-75-819x1024.jpg 819w, https:\/\/www.helicecocinas.com\/wp-content\/uploads\/2026\/04\/Contenido-Helice-Cocinas-2-75-240x300.jpg 240w, https:\/\/www.helicecocinas.com\/wp-content\/uploads\/2026\/04\/Contenido-Helice-Cocinas-2-75-768x960.jpg 768w, https:\/\/www.helicecocinas.com\/wp-content\/uploads\/2026\/04\/Contenido-Helice-Cocinas-2-75-10x12.jpg 10w, https:\/\/www.helicecocinas.com\/wp-content\/uploads\/2026\/04\/Contenido-Helice-Cocinas-2-75.jpg 1080w\" sizes=\"(max-width: 819px) 100vw, 819px\" title=\"\">\t\t\t\t\t\t\t\t<\/a>\n\t\t\t\t\t\t\t\t\t\t\t\t\t\t\t<\/div>\n\t\t\t\t<\/div>\n\t\t\t\t\t<\/div>\n\t\t\t\t<\/div>\n\t\t<div class=\"elementor-element elementor-element-3413f45 e-flex e-con-boxed e-con e-parent\" data-id=\"3413f45\" data-element_type=\"container\" data-e-type=\"container\">\n\t\t\t\t\t<div class=\"e-con-inner\">\n\t\t<div class=\"elementor-element elementor-element-a02fba7 e-con-full e-flex e-con e-child\" data-id=\"a02fba7\" data-element_type=\"container\" data-e-type=\"container\">\n\t\t\t\t<div class=\"elementor-element elementor-element-71c3f6f elementor-widget elementor-widget-text-editor\" data-id=\"71c3f6f\" data-element_type=\"widget\" data-e-type=\"widget\" data-widget_type=\"text-editor.default\">\n\t\t\t\t<div class=\"elementor-widget-container\">\n\t\t\t\t\t\t\t\t\t<p>La isla se resuelve en el mismo acabado que los frentes inferiores, extendiendo el lenguaje de la madera hasta el centro del espacio y creando una continuidad visual que unifica cocina y comedor.<\/p>\t\t\t\t\t\t\t\t<\/div>\n\t\t\t\t<\/div>\n\t\t\t\t<\/div>\n\t\t\t\t\t<\/div>\n\t\t\t\t<\/div>\n\t\t<div class=\"elementor-element elementor-element-e03648d e-flex e-con-boxed e-con e-parent\" data-id=\"e03648d\" data-element_type=\"container\" data-e-type=\"container\">\n\t\t\t\t\t<div class=\"e-con-inner\">\n\t\t\t\t<div class=\"elementor-element elementor-element-8d2a661 elementor-widget elementor-widget-text-editor\" data-id=\"8d2a661\" data-element_type=\"widget\" data-e-type=\"widget\" data-widget_type=\"text-editor.default\">\n\t\t\t\t<div class=\"elementor-widget-container\">\n\t\t\t\t\t\t\t\t\t<p style=\"text-align: center;\"><a href=\"http:\/\/helicecocinas.com\/ver-mas-proyectos\/\"><span style=\"text-decoration: underline;\">Ver m\u00e1s proyectos\u00a0<\/span><\/a><\/p>\t\t\t\t\t\t\t\t<\/div>\n\t\t\t\t<\/div>\n\t\t\t\t\t<\/div>\n\t\t\t\t<\/div>\n\t\t\t\t<\/div>\n\t\t","protected":false},"excerpt":{"rendered":"<p> [&hellip;]<\/p>\n","protected":false},"author":2,"featured_media":0,"parent":0,"menu_order":0,"comment_status":"closed","ping_status":"closed","template":"","meta":{"site-sidebar-layout":"no-sidebar","site-content-layout":"page-builder","ast-site-content-layout":"full-width-container","site-content-style":"default","site-sidebar-style":"default","ast-global-header-display":"","ast-banner-title-visibility":"disabled","ast-main-header-display":"","ast-hfb-above-header-display":"","ast-hfb-below-header-display":"","ast-hfb-mobile-header-display":"","site-post-title":"disabled","ast-breadcrumbs-content":"","ast-featured-img":"disabled","footer-sml-layout":"","theme-transparent-header-meta":"default","adv-header-id-meta":"6825","stick-header-meta":"default","header-above-stick-meta":"","header-main-stick-meta":"","header-below-stick-meta":"","astra-migrate-meta-layouts":"set","ast-page-background-enabled":"default","ast-page-background-meta":{"desktop":{"background-color":"","background-image":"","background-repeat":"repeat","background-position":"center center","background-size":"auto","background-attachment":"scroll","background-type":"","background-media":"","overlay-type":"","overlay-color":"","overlay-opacity":"","overlay-gradient":""},"tablet":{"background-color":"","background-image":"","background-repeat":"repeat","background-position":"center center","background-size":"auto","background-attachment":"scroll","background-type":"","background-media":"","overlay-type":"","overlay-color":"","overlay-opacity":"","overlay-gradient":""},"mobile":{"background-color":"","background-image":"","background-repeat":"repeat","background-position":"center center","background-size":"auto","background-attachment":"scroll","background-type":"","background-media":"","overlay-type":"","overlay-color":"","overlay-opacity":"","overlay-gradient":""}},"ast-content-background-meta":{"desktop":{"background-color":"var(--ast-global-color-5)","background-image":"","background-repeat":"repeat","background-position":"center center","background-size":"auto","background-attachment":"scroll","background-type":"","background-media":"","overlay-type":"","overlay-color":"","overlay-opacity":"","overlay-gradient":""},"tablet":{"background-color":"var(--ast-global-color-5)","background-image":"","background-repeat":"repeat","background-position":"center center","background-size":"auto","background-attachment":"scroll","background-type":"","background-media":"","overlay-type":"","overlay-color":"","overlay-opacity":"","overlay-gradient":""},"mobile":{"background-color":"var(--ast-global-color-5)","background-image":"","background-repeat":"repeat","background-position":"center center","background-size":"auto","background-attachment":"scroll","background-type":"","background-media":"","overlay-type":"","overlay-color":"","overlay-opacity":"","overlay-gradient":""}},"footnotes":""},"class_list":["post-22668","page","type-page","status-publish","hentry"],"_links":{"self":[{"href":"https:\/\/www.helicecocinas.com\/es\/wp-json\/wp\/v2\/pages\/22668","targetHints":{"allow":["GET"]}}],"collection":[{"href":"https:\/\/www.helicecocinas.com\/es\/wp-json\/wp\/v2\/pages"}],"about":[{"href":"https:\/\/www.helicecocinas.com\/es\/wp-json\/wp\/v2\/types\/page"}],"author":[{"embeddable":true,"href":"https:\/\/www.helicecocinas.com\/es\/wp-json\/wp\/v2\/users\/2"}],"replies":[{"embeddable":true,"href":"https:\/\/www.helicecocinas.com\/es\/wp-json\/wp\/v2\/comments?post=22668"}],"version-history":[{"count":0,"href":"https:\/\/www.helicecocinas.com\/es\/wp-json\/wp\/v2\/pages\/22668\/revisions"}],"wp:attachment":[{"href":"https:\/\/www.helicecocinas.com\/es\/wp-json\/wp\/v2\/media?parent=22668"}],"curies":[{"name":"wp","href":"https:\/\/api.w.org\/{rel}","templated":true}]}}