{"id":22546,"date":"2026-04-13T13:46:57","date_gmt":"2026-04-13T11:46:57","guid":{"rendered":"https:\/\/www.helicecocinas.com\/?page_id=22546"},"modified":"2026-04-15T11:52:31","modified_gmt":"2026-04-15T09:52:31","slug":"elementor-22546","status":"publish","type":"page","link":"https:\/\/www.helicecocinas.com\/es\/elementor-22546\/","title":{"rendered":"PROYECTOS DE COCINAS"},"content":{"rendered":"\t\t<div data-elementor-type=\"wp-page\" data-elementor-id=\"22546\" class=\"elementor elementor-22546\" data-elementor-settings=\"{&quot;element_pack_global_tooltip_width&quot;:{&quot;unit&quot;:&quot;px&quot;,&quot;size&quot;:&quot;&quot;,&quot;sizes&quot;:[]},&quot;element_pack_global_tooltip_width_tablet&quot;:{&quot;unit&quot;:&quot;px&quot;,&quot;size&quot;:&quot;&quot;,&quot;sizes&quot;:[]},&quot;element_pack_global_tooltip_width_mobile&quot;:{&quot;unit&quot;:&quot;px&quot;,&quot;size&quot;:&quot;&quot;,&quot;sizes&quot;:[]},&quot;element_pack_global_tooltip_padding&quot;:{&quot;unit&quot;:&quot;px&quot;,&quot;top&quot;:&quot;&quot;,&quot;right&quot;:&quot;&quot;,&quot;bottom&quot;:&quot;&quot;,&quot;left&quot;:&quot;&quot;,&quot;isLinked&quot;:true},&quot;element_pack_global_tooltip_padding_tablet&quot;:{&quot;unit&quot;:&quot;px&quot;,&quot;top&quot;:&quot;&quot;,&quot;right&quot;:&quot;&quot;,&quot;bottom&quot;:&quot;&quot;,&quot;left&quot;:&quot;&quot;,&quot;isLinked&quot;:true},&quot;element_pack_global_tooltip_padding_mobile&quot;:{&quot;unit&quot;:&quot;px&quot;,&quot;top&quot;:&quot;&quot;,&quot;right&quot;:&quot;&quot;,&quot;bottom&quot;:&quot;&quot;,&quot;left&quot;:&quot;&quot;,&quot;isLinked&quot;:true},&quot;element_pack_global_tooltip_border_radius&quot;:{&quot;unit&quot;:&quot;px&quot;,&quot;top&quot;:&quot;&quot;,&quot;right&quot;:&quot;&quot;,&quot;bottom&quot;:&quot;&quot;,&quot;left&quot;:&quot;&quot;,&quot;isLinked&quot;:true},&quot;element_pack_global_tooltip_border_radius_tablet&quot;:{&quot;unit&quot;:&quot;px&quot;,&quot;top&quot;:&quot;&quot;,&quot;right&quot;:&quot;&quot;,&quot;bottom&quot;:&quot;&quot;,&quot;left&quot;:&quot;&quot;,&quot;isLinked&quot;:true},&quot;element_pack_global_tooltip_border_radius_mobile&quot;:{&quot;unit&quot;:&quot;px&quot;,&quot;top&quot;:&quot;&quot;,&quot;right&quot;:&quot;&quot;,&quot;bottom&quot;:&quot;&quot;,&quot;left&quot;:&quot;&quot;,&quot;isLinked&quot;:true}}\" data-elementor-post-type=\"page\">\n\t\t\t\t<div class=\"elementor-element elementor-element-73034ba e-flex e-con-boxed e-con e-parent\" data-id=\"73034ba\" data-element_type=\"container\" data-e-type=\"container\">\n\t\t\t\t\t<div class=\"e-con-inner\">\n\t\t\t\t<div class=\"elementor-element elementor-element-745dcca elementor-widget elementor-widget-spacer\" data-id=\"745dcca\" data-element_type=\"widget\" data-e-type=\"widget\" data-widget_type=\"spacer.default\">\n\t\t\t\t<div class=\"elementor-widget-container\">\n\t\t\t\t\t\t\t<div class=\"elementor-spacer\">\n\t\t\t<div class=\"elementor-spacer-inner\"><\/div>\n\t\t<\/div>\n\t\t\t\t\t\t<\/div>\n\t\t\t\t<\/div>\n\t\t\t\t\t<\/div>\n\t\t\t\t<\/div>\n\t\t<div class=\"elementor-element elementor-element-d0e8c1a e-flex e-con-boxed e-con e-parent\" data-id=\"d0e8c1a\" data-element_type=\"container\" data-e-type=\"container\">\n\t\t\t\t\t<div class=\"e-con-inner\">\n\t\t\t\t<div class=\"elementor-element elementor-element-c8210ff elementor-widget elementor-widget-heading\" data-id=\"c8210ff\" data-element_type=\"widget\" data-e-type=\"widget\" data-widget_type=\"heading.default\">\n\t\t\t\t<div class=\"elementor-widget-container\">\n\t\t\t\t\t<h1 class=\"elementor-heading-title elementor-size-default\">proyectos de cocinas<br> Dise\u00f1o a medida<\/h1>\t\t\t\t<\/div>\n\t\t\t\t<\/div>\n\t\t\t\t\t<\/div>\n\t\t\t\t<\/div>\n\t\t<div class=\"elementor-element elementor-element-aef9433 e-flex e-con-boxed e-con e-parent\" data-id=\"aef9433\" data-element_type=\"container\" data-e-type=\"container\">\n\t\t\t\t\t<div class=\"e-con-inner\">\n\t\t<div class=\"elementor-element elementor-element-e6a357d e-con-full e-flex e-con e-child\" data-id=\"e6a357d\" data-element_type=\"container\" data-e-type=\"container\">\n\t\t\t\t<div class=\"elementor-element elementor-element-884d98b elementor-widget elementor-widget-text-editor\" data-id=\"884d98b\" data-element_type=\"widget\" data-e-type=\"widget\" data-widget_type=\"text-editor.default\">\n\t\t\t\t<div class=\"elementor-widget-container\">\n\t\t\t\t\t\t\t\t\t<p>El objetivo de H\u00e9lice Cocinas siempre ha sido crear espacios que perduren en el tiempo. Cada proyecto nace de una idea y se transforma en un entorno \u00fanico, donde cada elemento tiene un prop\u00f3sito y cada decisi\u00f3n responde a quien va a vivirlo. Porque una cocina bien dise\u00f1ada no solo se ve, se siente. Y es ah\u00ed donde el dise\u00f1o personalizado encuentra su forma definitiva.\u00a0<\/p>\t\t\t\t\t\t\t\t<\/div>\n\t\t\t\t<\/div>\n\t\t\t\t<\/div>\n\t\t\t\t\t<\/div>\n\t\t\t\t<\/div>\n\t\t<div class=\"elementor-element elementor-element-eb1aca9 e-flex e-con-boxed e-con e-parent\" data-id=\"eb1aca9\" data-element_type=\"container\" data-e-type=\"container\">\n\t\t\t\t\t<div class=\"e-con-inner\">\n\t\t\t\t<div class=\"elementor-element elementor-element-bcb4856 elementor-widget elementor-widget-spacer\" data-id=\"bcb4856\" data-element_type=\"widget\" data-e-type=\"widget\" data-widget_type=\"spacer.default\">\n\t\t\t\t<div class=\"elementor-widget-container\">\n\t\t\t\t\t\t\t<div class=\"elementor-spacer\">\n\t\t\t<div class=\"elementor-spacer-inner\"><\/div>\n\t\t<\/div>\n\t\t\t\t\t\t<\/div>\n\t\t\t\t<\/div>\n\t\t\t\t\t<\/div>\n\t\t\t\t<\/div>\n\t\t<div class=\"elementor-element elementor-element-c34d30f e-flex e-con-boxed e-con e-parent\" data-id=\"c34d30f\" data-element_type=\"container\" data-e-type=\"container\">\n\t\t\t\t\t<div class=\"e-con-inner\">\n\t\t\t\t<div class=\"elementor-element elementor-element-6bcfd67 elementor-widget elementor-widget-text-editor\" data-id=\"6bcfd67\" data-element_type=\"widget\" data-e-type=\"widget\" data-widget_type=\"text-editor.default\">\n\t\t\t\t<div class=\"elementor-widget-container\">\n\t\t\t\t\t\t\t\t\t<p class=\"font-claude-response-body break-words whitespace-normal leading-[1.7]\">Explora los proyectos, d\u00e9jate inspirar y descubre el estilo que mejor encaja con tu hogar.<\/p>\t\t\t\t\t\t\t\t<\/div>\n\t\t\t\t<\/div>\n\t\t\t\t\t<\/div>\n\t\t\t\t<\/div>\n\t\t<div class=\"elementor-element elementor-element-afb8ab1 e-flex e-con-boxed e-con e-parent\" data-id=\"afb8ab1\" data-element_type=\"container\" data-e-type=\"container\">\n\t\t\t\t\t<div class=\"e-con-inner\">\n\t\t\t\t<div class=\"elementor-element elementor-element-b91644c elementor-widget elementor-widget-spacer\" data-id=\"b91644c\" data-element_type=\"widget\" data-e-type=\"widget\" data-widget_type=\"spacer.default\">\n\t\t\t\t<div class=\"elementor-widget-container\">\n\t\t\t\t\t\t\t<div class=\"elementor-spacer\">\n\t\t\t<div class=\"elementor-spacer-inner\"><\/div>\n\t\t<\/div>\n\t\t\t\t\t\t<\/div>\n\t\t\t\t<\/div>\n\t\t\t\t\t<\/div>\n\t\t\t\t<\/div>\n\t\t<div class=\"elementor-element elementor-element-1307aee e-con-full e-flex e-con e-parent\" data-id=\"1307aee\" data-element_type=\"container\" data-e-type=\"container\">\n\t\t<div class=\"elementor-element elementor-element-59c7f29 e-con-full e-flex e-con e-child\" data-id=\"59c7f29\" data-element_type=\"container\" data-e-type=\"container\">\n\t\t\t\t<div class=\"elementor-element elementor-element-64c7d51 bdt-image-hover-effect-wrap bdt-image-hover-effect-1 elementor-widget elementor-widget-image\" data-id=\"64c7d51\" data-element_type=\"widget\" data-e-type=\"widget\" data-widget_type=\"image.default\">\n\t\t\t\t<div class=\"elementor-widget-container\">\n\t\t\t\t\t\t\t\t\t\t\t\t\t\t\t<img fetchpriority=\"high\" decoding=\"async\" width=\"768\" height=\"1024\" src=\"https:\/\/www.helicecocinas.com\/wp-content\/uploads\/2026\/04\/TRANSPARENTE-28-768x1024.jpg\" class=\"attachment-large size-large wp-image-22587\" alt=\"Proyecto cocina a medida blanco y madera\" srcset=\"https:\/\/www.helicecocinas.com\/wp-content\/uploads\/2026\/04\/TRANSPARENTE-28-768x1024.jpg 768w, https:\/\/www.helicecocinas.com\/wp-content\/uploads\/2026\/04\/TRANSPARENTE-28-225x300.jpg 225w, https:\/\/www.helicecocinas.com\/wp-content\/uploads\/2026\/04\/TRANSPARENTE-28-1152x1536.jpg 1152w, https:\/\/www.helicecocinas.com\/wp-content\/uploads\/2026\/04\/TRANSPARENTE-28-9x12.jpg 9w, https:\/\/www.helicecocinas.com\/wp-content\/uploads\/2026\/04\/TRANSPARENTE-28.jpg 1536w\" sizes=\"(max-width: 768px) 100vw, 768px\" title=\"\">\t\t\t\t\t\t\t\t\t\t\t\t\t\t\t<\/div>\n\t\t\t\t<\/div>\n\t\t\t\t<div class=\"elementor-element elementor-element-7fd891f elementor-widget elementor-widget-heading\" data-id=\"7fd891f\" data-element_type=\"widget\" data-e-type=\"widget\" data-widget_type=\"heading.default\">\n\t\t\t\t<div class=\"elementor-widget-container\">\n\t\t\t\t\t<h6 class=\"elementor-heading-title elementor-size-default\">blanco y madera <\/h6>\t\t\t\t<\/div>\n\t\t\t\t<\/div>\n\t\t\t\t<div data-premium-element-link=\"{&quot;type&quot;:&quot;url&quot;,&quot;link&quot;:{&quot;url&quot;:&quot;https:\\\/\\\/www.helicecocinas.com\\\/es\\\/blanco-y-madera\\\/&quot;,&quot;is_external&quot;:&quot;&quot;,&quot;nofollow&quot;:&quot;&quot;,&quot;custom_attributes&quot;:&quot;&quot;},&quot;href&quot;:&quot;https:\\\/\\\/www.helicecocinas.com\\\/es\\\/blanco-y-madera\\\/&quot;}\" style=\"cursor: pointer\" class=\"elementor-element elementor-element-ebd8b37 premium-wrapper-link-yes elementor-widget elementor-widget-text-editor\" data-id=\"ebd8b37\" data-element_type=\"widget\" data-e-type=\"widget\" data-widget_type=\"text-editor.default\">\n\t\t\t\t<div class=\"elementor-widget-container\">\n\t\t\t\t\t\t\t\t\t<p><a href=\"https:\/\/www.helicecocinas.com\/es\/blanco-y-madera\/\"><span style=\"text-decoration: underline;\">Descubrir m\u00e1s\u00a0<\/span><\/a><\/p>\t\t\t\t\t\t\t\t<\/div>\n\t\t\t\t<\/div>\n\t\t\t\t<\/div>\n\t\t<div class=\"elementor-element elementor-element-1aa39d8 e-con-full e-flex e-con e-child\" data-id=\"1aa39d8\" data-element_type=\"container\" data-e-type=\"container\">\n\t\t\t\t<div class=\"elementor-element elementor-element-a2c8dde bdt-image-hover-effect-wrap bdt-image-hover-effect-1 elementor-widget elementor-widget-image\" data-id=\"a2c8dde\" data-element_type=\"widget\" data-e-type=\"widget\" data-widget_type=\"image.default\">\n\t\t\t\t<div class=\"elementor-widget-container\">\n\t\t\t\t\t\t\t\t\t\t\t\t\t\t\t<img decoding=\"async\" width=\"768\" height=\"1024\" src=\"https:\/\/www.helicecocinas.com\/wp-content\/uploads\/2026\/04\/TRANSPARENTE-29-768x1024.jpg\" class=\"attachment-large size-large wp-image-22588\" alt=\"Proyecto cocina a medida blanco y m\u00e1rmol\" srcset=\"https:\/\/www.helicecocinas.com\/wp-content\/uploads\/2026\/04\/TRANSPARENTE-29-768x1024.jpg 768w, https:\/\/www.helicecocinas.com\/wp-content\/uploads\/2026\/04\/TRANSPARENTE-29-225x300.jpg 225w, https:\/\/www.helicecocinas.com\/wp-content\/uploads\/2026\/04\/TRANSPARENTE-29-1152x1536.jpg 1152w, https:\/\/www.helicecocinas.com\/wp-content\/uploads\/2026\/04\/TRANSPARENTE-29-9x12.jpg 9w, https:\/\/www.helicecocinas.com\/wp-content\/uploads\/2026\/04\/TRANSPARENTE-29.jpg 1536w\" sizes=\"(max-width: 768px) 100vw, 768px\" title=\"\">\t\t\t\t\t\t\t\t\t\t\t\t\t\t\t<\/div>\n\t\t\t\t<\/div>\n\t\t\t\t<div class=\"elementor-element elementor-element-a9e242f elementor-widget elementor-widget-heading\" data-id=\"a9e242f\" data-element_type=\"widget\" data-e-type=\"widget\" data-widget_type=\"heading.default\">\n\t\t\t\t<div class=\"elementor-widget-container\">\n\t\t\t\t\t<h6 class=\"elementor-heading-title elementor-size-default\">blanco y m\u00e1rmol <\/h6>\t\t\t\t<\/div>\n\t\t\t\t<\/div>\n\t\t\t\t<div class=\"elementor-element elementor-element-dc64a68 elementor-widget elementor-widget-text-editor\" data-id=\"dc64a68\" data-element_type=\"widget\" data-e-type=\"widget\" data-widget_type=\"text-editor.default\">\n\t\t\t\t<div class=\"elementor-widget-container\">\n\t\t\t\t\t\t\t\t\t<p><a href=\"https:\/\/www.helicecocinas.com\/es\/blanco-y-marmol\/\"><span style=\"text-decoration: underline;\">Descubrir m\u00e1s\u00a0<\/span><\/a><\/p>\t\t\t\t\t\t\t\t<\/div>\n\t\t\t\t<\/div>\n\t\t\t\t<\/div>\n\t\t<div class=\"elementor-element elementor-element-a9d88a0 e-con-full e-flex e-con e-child\" data-id=\"a9d88a0\" data-element_type=\"container\" data-e-type=\"container\">\n\t\t\t\t<div class=\"elementor-element elementor-element-244914f bdt-image-hover-effect-wrap bdt-image-hover-effect-1 elementor-widget elementor-widget-image\" data-id=\"244914f\" data-element_type=\"widget\" data-e-type=\"widget\" data-widget_type=\"image.default\">\n\t\t\t\t<div class=\"elementor-widget-container\">\n\t\t\t\t\t\t\t\t\t\t\t\t\t\t\t<img decoding=\"async\" width=\"768\" height=\"1024\" src=\"https:\/\/www.helicecocinas.com\/wp-content\/uploads\/2026\/04\/TRANSPARENTE-30-768x1024.jpg\" class=\"attachment-large size-large wp-image-22589\" alt=\"Proyecto cocina a medida azul y nogal\" srcset=\"https:\/\/www.helicecocinas.com\/wp-content\/uploads\/2026\/04\/TRANSPARENTE-30-768x1024.jpg 768w, https:\/\/www.helicecocinas.com\/wp-content\/uploads\/2026\/04\/TRANSPARENTE-30-225x300.jpg 225w, https:\/\/www.helicecocinas.com\/wp-content\/uploads\/2026\/04\/TRANSPARENTE-30-1152x1536.jpg 1152w, https:\/\/www.helicecocinas.com\/wp-content\/uploads\/2026\/04\/TRANSPARENTE-30-9x12.jpg 9w, https:\/\/www.helicecocinas.com\/wp-content\/uploads\/2026\/04\/TRANSPARENTE-30.jpg 1536w\" sizes=\"(max-width: 768px) 100vw, 768px\" title=\"\">\t\t\t\t\t\t\t\t\t\t\t\t\t\t\t<\/div>\n\t\t\t\t<\/div>\n\t\t\t\t<div class=\"elementor-element elementor-element-744fa56 elementor-widget elementor-widget-heading\" data-id=\"744fa56\" data-element_type=\"widget\" data-e-type=\"widget\" data-widget_type=\"heading.default\">\n\t\t\t\t<div class=\"elementor-widget-container\">\n\t\t\t\t\t<h6 class=\"elementor-heading-title elementor-size-default\">azul y nogal <\/h6>\t\t\t\t<\/div>\n\t\t\t\t<\/div>\n\t\t\t\t<div class=\"elementor-element elementor-element-375554a elementor-widget elementor-widget-text-editor\" data-id=\"375554a\" data-element_type=\"widget\" data-e-type=\"widget\" data-widget_type=\"text-editor.default\">\n\t\t\t\t<div class=\"elementor-widget-container\">\n\t\t\t\t\t\t\t\t\t<p><span style=\"text-decoration: underline;\">Descubrir m\u00e1s\u00a0<\/span><\/p>\t\t\t\t\t\t\t\t<\/div>\n\t\t\t\t<\/div>\n\t\t\t\t<\/div>\n\t\t<div class=\"elementor-element elementor-element-fb92b8c e-con-full e-flex e-con e-child\" data-id=\"fb92b8c\" data-element_type=\"container\" data-e-type=\"container\">\n\t\t\t\t<div class=\"elementor-element elementor-element-922229d bdt-image-hover-effect-wrap bdt-image-hover-effect-1 elementor-widget elementor-widget-image\" data-id=\"922229d\" data-element_type=\"widget\" data-e-type=\"widget\" data-widget_type=\"image.default\">\n\t\t\t\t<div class=\"elementor-widget-container\">\n\t\t\t\t\t\t\t\t\t\t\t\t\t\t\t<img loading=\"lazy\" decoding=\"async\" width=\"768\" height=\"1024\" src=\"https:\/\/www.helicecocinas.com\/wp-content\/uploads\/2026\/04\/TRANSPARENTE-31-768x1024.jpg\" class=\"attachment-large size-large wp-image-22590\" alt=\"COCINA\" srcset=\"https:\/\/www.helicecocinas.com\/wp-content\/uploads\/2026\/04\/TRANSPARENTE-31-768x1024.jpg 768w, https:\/\/www.helicecocinas.com\/wp-content\/uploads\/2026\/04\/TRANSPARENTE-31-225x300.jpg 225w, https:\/\/www.helicecocinas.com\/wp-content\/uploads\/2026\/04\/TRANSPARENTE-31-1152x1536.jpg 1152w, https:\/\/www.helicecocinas.com\/wp-content\/uploads\/2026\/04\/TRANSPARENTE-31-9x12.jpg 9w, https:\/\/www.helicecocinas.com\/wp-content\/uploads\/2026\/04\/TRANSPARENTE-31.jpg 1536w\" sizes=\"(max-width: 768px) 100vw, 768px\" title=\"\">\t\t\t\t\t\t\t\t\t\t\t\t\t\t\t<\/div>\n\t\t\t\t<\/div>\n\t\t\t\t<div class=\"elementor-element elementor-element-cb454ab elementor-widget elementor-widget-heading\" data-id=\"cb454ab\" data-element_type=\"widget\" data-e-type=\"widget\" data-widget_type=\"heading.default\">\n\t\t\t\t<div class=\"elementor-widget-container\">\n\t\t\t\t\t<h6 class=\"elementor-heading-title elementor-size-default\">natural y luz <\/h6>\t\t\t\t<\/div>\n\t\t\t\t<\/div>\n\t\t\t\t<div class=\"elementor-element elementor-element-0c2b723 elementor-widget elementor-widget-text-editor\" data-id=\"0c2b723\" data-element_type=\"widget\" data-e-type=\"widget\" data-widget_type=\"text-editor.default\">\n\t\t\t\t<div class=\"elementor-widget-container\">\n\t\t\t\t\t\t\t\t\t<p><span style=\"text-decoration: underline;\">Descubrir m\u00e1s\u00a0<\/span><\/p>\t\t\t\t\t\t\t\t<\/div>\n\t\t\t\t<\/div>\n\t\t\t\t<\/div>\n\t\t\t\t<\/div>\n\t\t<div class=\"elementor-element elementor-element-85feaec e-flex e-con-boxed e-con e-parent\" data-id=\"85feaec\" data-element_type=\"container\" data-e-type=\"container\">\n\t\t\t\t\t<div class=\"e-con-inner\">\n\t\t\t\t<div class=\"elementor-element elementor-element-bb5e967 elementor-widget elementor-widget-text-editor\" data-id=\"bb5e967\" data-element_type=\"widget\" data-e-type=\"widget\" data-widget_type=\"text-editor.default\">\n\t\t\t\t<div class=\"elementor-widget-container\">\n\t\t\t\t\t\t\t\t\t<p style=\"text-align: center;\"><span style=\"text-decoration: underline;\">Ver m\u00e1s proyectos\u00a0<\/span><\/p>\t\t\t\t\t\t\t\t<\/div>\n\t\t\t\t<\/div>\n\t\t\t\t\t<\/div>\n\t\t\t\t<\/div>\n\t\t\t\t<\/div>\n\t\t","protected":false},"excerpt":{"rendered":"<p> [&hellip;]<\/p>\n","protected":false},"author":2,"featured_media":0,"parent":0,"menu_order":0,"comment_status":"closed","ping_status":"closed","template":"","meta":{"site-sidebar-layout":"no-sidebar","site-content-layout":"page-builder","ast-site-content-layout":"full-width-container","site-content-style":"unboxed","site-sidebar-style":"unboxed","ast-global-header-display":"","ast-banner-title-visibility":"","ast-main-header-display":"","ast-hfb-above-header-display":"","ast-hfb-below-header-display":"","ast-hfb-mobile-header-display":"","site-post-title":"","ast-breadcrumbs-content":"","ast-featured-img":"disabled","footer-sml-layout":"","theme-transparent-header-meta":"default","adv-header-id-meta":"","stick-header-meta":"default","header-above-stick-meta":"","header-main-stick-meta":"","header-below-stick-meta":"","astra-migrate-meta-layouts":"set","ast-page-background-enabled":"default","ast-page-background-meta":{"desktop":{"background-color":"","background-image":"","background-repeat":"repeat","background-position":"center center","background-size":"auto","background-attachment":"scroll","background-type":"","background-media":"","overlay-type":"","overlay-color":"","overlay-opacity":"","overlay-gradient":""},"tablet":{"background-color":"","background-image":"","background-repeat":"repeat","background-position":"center center","background-size":"auto","background-attachment":"scroll","background-type":"","background-media":"","overlay-type":"","overlay-color":"","overlay-opacity":"","overlay-gradient":""},"mobile":{"background-color":"","background-image":"","background-repeat":"repeat","background-position":"center center","background-size":"auto","background-attachment":"scroll","background-type":"","background-media":"","overlay-type":"","overlay-color":"","overlay-opacity":"","overlay-gradient":""}},"ast-content-background-meta":{"desktop":{"background-color":"var(--ast-global-color-5)","background-image":"","background-repeat":"repeat","background-position":"center center","background-size":"auto","background-attachment":"scroll","background-type":"","background-media":"","overlay-type":"","overlay-color":"","overlay-opacity":"","overlay-gradient":""},"tablet":{"background-color":"var(--ast-global-color-5)","background-image":"","background-repeat":"repeat","background-position":"center center","background-size":"auto","background-attachment":"scroll","background-type":"","background-media":"","overlay-type":"","overlay-color":"","overlay-opacity":"","overlay-gradient":""},"mobile":{"background-color":"var(--ast-global-color-5)","background-image":"","background-repeat":"repeat","background-position":"center center","background-size":"auto","background-attachment":"scroll","background-type":"","background-media":"","overlay-type":"","overlay-color":"","overlay-opacity":"","overlay-gradient":""}},"footnotes":""},"class_list":["post-22546","page","type-page","status-publish","hentry"],"_links":{"self":[{"href":"https:\/\/www.helicecocinas.com\/es\/wp-json\/wp\/v2\/pages\/22546","targetHints":{"allow":["GET"]}}],"collection":[{"href":"https:\/\/www.helicecocinas.com\/es\/wp-json\/wp\/v2\/pages"}],"about":[{"href":"https:\/\/www.helicecocinas.com\/es\/wp-json\/wp\/v2\/types\/page"}],"author":[{"embeddable":true,"href":"https:\/\/www.helicecocinas.com\/es\/wp-json\/wp\/v2\/users\/2"}],"replies":[{"embeddable":true,"href":"https:\/\/www.helicecocinas.com\/es\/wp-json\/wp\/v2\/comments?post=22546"}],"version-history":[{"count":0,"href":"https:\/\/www.helicecocinas.com\/es\/wp-json\/wp\/v2\/pages\/22546\/revisions"}],"wp:attachment":[{"href":"https:\/\/www.helicecocinas.com\/es\/wp-json\/wp\/v2\/media?parent=22546"}],"curies":[{"name":"wp","href":"https:\/\/api.w.org\/{rel}","templated":true}]}}