{"id":19582,"date":"2026-02-24T07:44:40","date_gmt":"2026-02-24T06:44:40","guid":{"rendered":"https:\/\/www.helicecocinas.com\/?page_id=19582"},"modified":"2026-04-10T13:24:29","modified_gmt":"2026-04-10T11:24:29","slug":"area-reservada-2","status":"publish","type":"page","link":"https:\/\/www.helicecocinas.com\/es\/area-reservada-2\/","title":{"rendered":"\u00c1rea reservada"},"content":{"rendered":"\t\t<div data-elementor-type=\"wp-page\" data-elementor-id=\"19582\" class=\"elementor elementor-19582\" data-elementor-settings=\"{&quot;element_pack_global_tooltip_width&quot;:{&quot;unit&quot;:&quot;px&quot;,&quot;size&quot;:&quot;&quot;,&quot;sizes&quot;:[]},&quot;element_pack_global_tooltip_width_tablet&quot;:{&quot;unit&quot;:&quot;px&quot;,&quot;size&quot;:&quot;&quot;,&quot;sizes&quot;:[]},&quot;element_pack_global_tooltip_width_mobile&quot;:{&quot;unit&quot;:&quot;px&quot;,&quot;size&quot;:&quot;&quot;,&quot;sizes&quot;:[]},&quot;element_pack_global_tooltip_padding&quot;:{&quot;unit&quot;:&quot;px&quot;,&quot;top&quot;:&quot;&quot;,&quot;right&quot;:&quot;&quot;,&quot;bottom&quot;:&quot;&quot;,&quot;left&quot;:&quot;&quot;,&quot;isLinked&quot;:true},&quot;element_pack_global_tooltip_padding_tablet&quot;:{&quot;unit&quot;:&quot;px&quot;,&quot;top&quot;:&quot;&quot;,&quot;right&quot;:&quot;&quot;,&quot;bottom&quot;:&quot;&quot;,&quot;left&quot;:&quot;&quot;,&quot;isLinked&quot;:true},&quot;element_pack_global_tooltip_padding_mobile&quot;:{&quot;unit&quot;:&quot;px&quot;,&quot;top&quot;:&quot;&quot;,&quot;right&quot;:&quot;&quot;,&quot;bottom&quot;:&quot;&quot;,&quot;left&quot;:&quot;&quot;,&quot;isLinked&quot;:true},&quot;element_pack_global_tooltip_border_radius&quot;:{&quot;unit&quot;:&quot;px&quot;,&quot;top&quot;:&quot;&quot;,&quot;right&quot;:&quot;&quot;,&quot;bottom&quot;:&quot;&quot;,&quot;left&quot;:&quot;&quot;,&quot;isLinked&quot;:true},&quot;element_pack_global_tooltip_border_radius_tablet&quot;:{&quot;unit&quot;:&quot;px&quot;,&quot;top&quot;:&quot;&quot;,&quot;right&quot;:&quot;&quot;,&quot;bottom&quot;:&quot;&quot;,&quot;left&quot;:&quot;&quot;,&quot;isLinked&quot;:true},&quot;element_pack_global_tooltip_border_radius_mobile&quot;:{&quot;unit&quot;:&quot;px&quot;,&quot;top&quot;:&quot;&quot;,&quot;right&quot;:&quot;&quot;,&quot;bottom&quot;:&quot;&quot;,&quot;left&quot;:&quot;&quot;,&quot;isLinked&quot;:true}}\" data-elementor-post-type=\"page\">\n\t\t\t\t<div class=\"elementor-element elementor-element-d9de664 e-flex e-con-boxed e-con e-parent\" data-id=\"d9de664\" data-element_type=\"container\" data-e-type=\"container\">\n\t\t\t\t\t<div class=\"e-con-inner\">\n\t\t\t\t<div class=\"elementor-element elementor-element-c933fad elementor-widget elementor-widget-spacer\" data-id=\"c933fad\" data-element_type=\"widget\" data-e-type=\"widget\" data-widget_type=\"spacer.default\">\n\t\t\t\t<div class=\"elementor-widget-container\">\n\t\t\t\t\t\t\t<div class=\"elementor-spacer\">\n\t\t\t<div class=\"elementor-spacer-inner\"><\/div>\n\t\t<\/div>\n\t\t\t\t\t\t<\/div>\n\t\t\t\t<\/div>\n\t\t\t\t\t<\/div>\n\t\t\t\t<\/div>\n\t\t<div class=\"elementor-element elementor-element-e14bf2e e-flex e-con-boxed e-con e-parent\" data-id=\"e14bf2e\" data-element_type=\"container\" data-e-type=\"container\">\n\t\t\t\t\t<div class=\"e-con-inner\">\n\t\t\t\t<div class=\"elementor-element elementor-element-b0f21e9 elementor-widget elementor-widget-heading\" data-id=\"b0f21e9\" data-element_type=\"widget\" data-e-type=\"widget\" data-widget_type=\"heading.default\">\n\t\t\t\t<div class=\"elementor-widget-container\">\n\t\t\t\t\t<h6 class=\"elementor-heading-title elementor-size-default\">bienvenidos al \u00e1rea reservada de h\u00e9lice cocinas <\/h6>\t\t\t\t<\/div>\n\t\t\t\t<\/div>\n\t\t\t\t\t<\/div>\n\t\t\t\t<\/div>\n\t\t<div class=\"elementor-element elementor-element-298c49c e-flex e-con-boxed e-con e-parent\" data-id=\"298c49c\" data-element_type=\"container\" data-e-type=\"container\">\n\t\t\t\t\t<div class=\"e-con-inner\">\n\t\t\t\t<div class=\"elementor-element elementor-element-02923ab elementor-widget elementor-widget-text-editor\" data-id=\"02923ab\" data-element_type=\"widget\" data-e-type=\"widget\" data-widget_type=\"text-editor.default\">\n\t\t\t\t<div class=\"elementor-widget-container\">\n\t\t\t\t\t\t\t\t\t<p>Este espacio exclusivo est\u00e1 dedicado a nuestro clientes y profesionales. Aqu\u00ed encontrar\u00e1s contenido personalizado, novedades de productos, im\u00e1genes y recursos \u00fanicos pensados para mejorar tu experiencia con H\u00e9lice Cocinas.\u00a0<\/p><p>Accede a las \u00faltimas noticias, herramientas de dise\u00f1o e informaci\u00f3n t\u00e9cnica, todo creado para ayudarte a dar vida a tus proyectos con el m\u00e1ximo nivel de detalles y calidad.\u00a0<\/p>\t\t\t\t\t\t\t\t<\/div>\n\t\t\t\t<\/div>\n\t\t\t\t\t<\/div>\n\t\t\t\t<\/div>\n\t\t<div class=\"elementor-element elementor-element-5cae136 e-flex e-con-boxed e-con e-parent\" data-id=\"5cae136\" data-element_type=\"container\" data-e-type=\"container\">\n\t\t\t\t\t<div class=\"e-con-inner\">\n\t\t<div class=\"elementor-element elementor-element-1912a85 e-con-full e-flex e-con e-child\" data-id=\"1912a85\" data-element_type=\"container\" data-e-type=\"container\">\n\t\t\t\t<div data-premium-element-link=\"{&quot;type&quot;:&quot;url&quot;,&quot;link&quot;:{&quot;url&quot;:&quot;https:\\\/\\\/helice.teoweb.pro\\\/&quot;,&quot;is_external&quot;:&quot;&quot;,&quot;nofollow&quot;:&quot;&quot;,&quot;custom_attributes&quot;:&quot;&quot;},&quot;href&quot;:&quot;https:\\\/\\\/helice.teoweb.pro\\\/&quot;}\" style=\"cursor: pointer\" class=\"elementor-element elementor-element-5e9733a premium-wrapper-link-yes elementor-widget__width-initial bdt-image-hover-effect-wrap bdt-image-hover-effect-1 elementor-widget elementor-widget-image\" data-id=\"5e9733a\" data-element_type=\"widget\" data-e-type=\"widget\" data-widget_type=\"image.default\">\n\t\t\t\t<div class=\"elementor-widget-container\">\n\t\t\t\t\t\t\t\t\t\t\t\t\t\t\t<img fetchpriority=\"high\" decoding=\"async\" width=\"1024\" height=\"668\" src=\"https:\/\/www.helicecocinas.com\/wp-content\/uploads\/2026\/03\/Encabezado-1024x668.jpg\" class=\"attachment-large size-large wp-image-21287\" alt=\"\" srcset=\"https:\/\/www.helicecocinas.com\/wp-content\/uploads\/2026\/03\/Encabezado-1024x668.jpg 1024w, https:\/\/www.helicecocinas.com\/wp-content\/uploads\/2026\/03\/Encabezado-300x196.jpg 300w, https:\/\/www.helicecocinas.com\/wp-content\/uploads\/2026\/03\/Encabezado-768x501.jpg 768w, https:\/\/www.helicecocinas.com\/wp-content\/uploads\/2026\/03\/Encabezado-1536x1002.jpg 1536w, https:\/\/www.helicecocinas.com\/wp-content\/uploads\/2026\/03\/Encabezado-18x12.jpg 18w, https:\/\/www.helicecocinas.com\/wp-content\/uploads\/2026\/03\/Encabezado.jpg 2048w\" sizes=\"(max-width: 1024px) 100vw, 1024px\" title=\"\">\t\t\t\t\t\t\t\t\t\t\t\t\t\t\t<\/div>\n\t\t\t\t<\/div>\n\t\t\t\t<\/div>\n\t\t<div class=\"elementor-element elementor-element-7e201e3 e-con-full e-flex e-con e-child\" data-id=\"7e201e3\" data-element_type=\"container\" data-e-type=\"container\">\n\t\t\t\t<div data-premium-element-link=\"{&quot;type&quot;:&quot;url&quot;,&quot;link&quot;:{&quot;url&quot;:&quot;https:\\\/\\\/helice-pedidos.vercel.app\\\/login&quot;,&quot;is_external&quot;:&quot;&quot;,&quot;nofollow&quot;:&quot;&quot;,&quot;custom_attributes&quot;:&quot;&quot;},&quot;href&quot;:&quot;https:\\\/\\\/helice-pedidos.vercel.app\\\/login&quot;}\" style=\"cursor: pointer\" class=\"elementor-element elementor-element-4f90a8b premium-wrapper-link-yes bdt-image-hover-effect-wrap bdt-image-hover-effect-1 elementor-widget elementor-widget-image\" data-id=\"4f90a8b\" data-element_type=\"widget\" data-e-type=\"widget\" data-widget_type=\"image.default\">\n\t\t\t\t<div class=\"elementor-widget-container\">\n\t\t\t\t\t\t\t\t\t\t\t\t\t\t\t<img decoding=\"async\" width=\"1024\" height=\"668\" src=\"https:\/\/www.helicecocinas.com\/wp-content\/uploads\/2026\/03\/Diseno-sin-titulo-2026-03-17T085016.588-1024x668.jpg\" class=\"attachment-large size-large wp-image-21279\" alt=\"\" srcset=\"https:\/\/www.helicecocinas.com\/wp-content\/uploads\/2026\/03\/Diseno-sin-titulo-2026-03-17T085016.588-1024x668.jpg 1024w, https:\/\/www.helicecocinas.com\/wp-content\/uploads\/2026\/03\/Diseno-sin-titulo-2026-03-17T085016.588-300x196.jpg 300w, https:\/\/www.helicecocinas.com\/wp-content\/uploads\/2026\/03\/Diseno-sin-titulo-2026-03-17T085016.588-768x501.jpg 768w, https:\/\/www.helicecocinas.com\/wp-content\/uploads\/2026\/03\/Diseno-sin-titulo-2026-03-17T085016.588-1536x1002.jpg 1536w, https:\/\/www.helicecocinas.com\/wp-content\/uploads\/2026\/03\/Diseno-sin-titulo-2026-03-17T085016.588-18x12.jpg 18w, https:\/\/www.helicecocinas.com\/wp-content\/uploads\/2026\/03\/Diseno-sin-titulo-2026-03-17T085016.588.jpg 2048w\" sizes=\"(max-width: 1024px) 100vw, 1024px\" title=\"\">\t\t\t\t\t\t\t\t\t\t\t\t\t\t\t<\/div>\n\t\t\t\t<\/div>\n\t\t\t\t<\/div>\n\t\t\t\t\t<\/div>\n\t\t\t\t<\/div>\n\t\t<div class=\"elementor-element elementor-element-b73c969 e-flex e-con-boxed e-con e-parent\" data-id=\"b73c969\" data-element_type=\"container\" data-e-type=\"container\">\n\t\t\t\t\t<div class=\"e-con-inner\">\n\t\t<div class=\"elementor-element elementor-element-711f16f e-con-full e-flex e-con e-child\" data-id=\"711f16f\" data-element_type=\"container\" data-e-type=\"container\">\n\t\t\t\t<div class=\"elementor-element elementor-element-c362ddb elementor-widget elementor-widget-text-editor\" data-id=\"c362ddb\" data-element_type=\"widget\" data-e-type=\"widget\" data-widget_type=\"text-editor.default\">\n\t\t\t\t<div class=\"elementor-widget-container\">\n\t\t\t\t\t\t\t\t\t<p>En esta \u00e1rea podr\u00e1s acceder a una herramienta online exclusiva para distribuidores profesionales que te permite configurar, valorar y generar prosupuestos personalizados para tus proyectos de cocina.\u00a0<\/p>\t\t\t\t\t\t\t\t<\/div>\n\t\t\t\t<\/div>\n\t\t\t\t<\/div>\n\t\t<div class=\"elementor-element elementor-element-97c21ff e-con-full e-flex e-con e-child\" data-id=\"97c21ff\" data-element_type=\"container\" data-e-type=\"container\">\n\t\t\t\t<div class=\"elementor-element elementor-element-c399735 elementor-widget elementor-widget-text-editor\" data-id=\"c399735\" data-element_type=\"widget\" data-e-type=\"widget\" data-widget_type=\"text-editor.default\">\n\t\t\t\t<div class=\"elementor-widget-container\">\n\t\t\t\t\t\t\t\t\t<p>En esta \u00e1rea podr\u00e1s realizar en seguimiento de tus pedidos en tiempo real, consultando el estado de cada uno de manera precisa y actualizada.\u00a0<\/p>\t\t\t\t\t\t\t\t<\/div>\n\t\t\t\t<\/div>\n\t\t\t\t<\/div>\n\t\t\t\t\t<\/div>\n\t\t\t\t<\/div>\n\t\t<div class=\"elementor-element elementor-element-b7d1e95 e-flex e-con-boxed e-con e-parent\" data-id=\"b7d1e95\" data-element_type=\"container\" data-e-type=\"container\">\n\t\t\t\t\t<div class=\"e-con-inner\">\n\t\t<div class=\"elementor-element elementor-element-74dca26 e-con-full e-flex e-con e-child\" data-id=\"74dca26\" data-element_type=\"container\" data-e-type=\"container\">\n\t\t\t\t<div class=\"elementor-element elementor-element-4740de8 elementor-align-center premium-wrapper-link-yes elementor-widget elementor-widget-button\" data-id=\"4740de8\" data-element_type=\"widget\" data-e-type=\"widget\" data-widget_type=\"button.default\">\n\t\t\t\t<div class=\"elementor-widget-container\">\n\t\t\t\t\t\t\t\t\t<div class=\"elementor-button-wrapper\">\n\t\t\t\t\t<a class=\"elementor-button elementor-button-link elementor-size-sm\" href=\"https:\/\/helice.teoweb.pro\/\" target=\"_blank\" rel=\"noopener\">\n\t\t\t\t\t\t<span class=\"elementor-button-content-wrapper\">\n\t\t\t\t\t\t\t\t\t<span class=\"elementor-button-text\">INICIAR SESI\u00d3N <\/span>\n\t\t\t\t\t<\/span>\n\t\t\t\t\t<\/a>\n\t\t\t\t<\/div>\n\t\t\t\t\t\t\t\t<\/div>\n\t\t\t\t<\/div>\n\t\t\t\t<\/div>\n\t\t<div class=\"elementor-element elementor-element-687406b e-con-full e-flex e-con e-child\" data-id=\"687406b\" data-element_type=\"container\" data-e-type=\"container\">\n\t\t\t\t<div class=\"elementor-element elementor-element-429796b elementor-align-center premium-wrapper-link-yes elementor-widget elementor-widget-button\" data-id=\"429796b\" data-element_type=\"widget\" data-e-type=\"widget\" data-widget_type=\"button.default\">\n\t\t\t\t<div class=\"elementor-widget-container\">\n\t\t\t\t\t\t\t\t\t<div class=\"elementor-button-wrapper\">\n\t\t\t\t\t<a class=\"elementor-button elementor-button-link elementor-size-sm\" href=\"https:\/\/helice-pedidos.vercel.app\/login\" target=\"_blank\" rel=\"noopener\">\n\t\t\t\t\t\t<span class=\"elementor-button-content-wrapper\">\n\t\t\t\t\t\t\t\t\t<span class=\"elementor-button-text\">INICIAR SESI\u00d3N <\/span>\n\t\t\t\t\t<\/span>\n\t\t\t\t\t<\/a>\n\t\t\t\t<\/div>\n\t\t\t\t\t\t\t\t<\/div>\n\t\t\t\t<\/div>\n\t\t\t\t<\/div>\n\t\t\t\t\t<\/div>\n\t\t\t\t<\/div>\n\t\t<div class=\"elementor-element elementor-element-f1ec5b5 e-flex e-con-boxed e-con e-parent\" data-id=\"f1ec5b5\" data-element_type=\"container\" data-e-type=\"container\">\n\t\t\t\t\t<div class=\"e-con-inner\">\n\t\t<div class=\"elementor-element elementor-element-b96ced0 e-con-full e-flex e-con e-child\" data-id=\"b96ced0\" data-element_type=\"container\" data-e-type=\"container\">\n\t\t\t\t<div data-premium-element-link=\"{&quot;type&quot;:&quot;url&quot;,&quot;link&quot;:{&quot;url&quot;:&quot;https:\\\/\\\/www.helicecocinas.com\\\/es\\\/extra\\\/&quot;,&quot;is_external&quot;:&quot;&quot;,&quot;nofollow&quot;:&quot;&quot;,&quot;custom_attributes&quot;:&quot;&quot;},&quot;href&quot;:&quot;https:\\\/\\\/www.helicecocinas.com\\\/es\\\/extra\\\/&quot;}\" style=\"cursor: pointer\" class=\"elementor-element elementor-element-5203b5d premium-wrapper-link-yes bdt-image-hover-effect-wrap bdt-image-hover-effect-1 elementor-widget elementor-widget-image\" data-id=\"5203b5d\" data-element_type=\"widget\" data-e-type=\"widget\" data-widget_type=\"image.default\">\n\t\t\t\t<div class=\"elementor-widget-container\">\n\t\t\t\t\t\t\t\t\t\t\t\t\t\t\t<img decoding=\"async\" width=\"1024\" height=\"668\" src=\"https:\/\/www.helicecocinas.com\/wp-content\/uploads\/2026\/03\/Diseno-sin-titulo-2026-03-17T082427.153-1024x668.jpg\" class=\"attachment-large size-large wp-image-21274\" alt=\"\" srcset=\"https:\/\/www.helicecocinas.com\/wp-content\/uploads\/2026\/03\/Diseno-sin-titulo-2026-03-17T082427.153-1024x668.jpg 1024w, https:\/\/www.helicecocinas.com\/wp-content\/uploads\/2026\/03\/Diseno-sin-titulo-2026-03-17T082427.153-300x196.jpg 300w, https:\/\/www.helicecocinas.com\/wp-content\/uploads\/2026\/03\/Diseno-sin-titulo-2026-03-17T082427.153-768x501.jpg 768w, https:\/\/www.helicecocinas.com\/wp-content\/uploads\/2026\/03\/Diseno-sin-titulo-2026-03-17T082427.153-1536x1002.jpg 1536w, https:\/\/www.helicecocinas.com\/wp-content\/uploads\/2026\/03\/Diseno-sin-titulo-2026-03-17T082427.153-18x12.jpg 18w, https:\/\/www.helicecocinas.com\/wp-content\/uploads\/2026\/03\/Diseno-sin-titulo-2026-03-17T082427.153.jpg 2048w\" sizes=\"(max-width: 1024px) 100vw, 1024px\" title=\"\">\t\t\t\t\t\t\t\t\t\t\t\t\t\t\t<\/div>\n\t\t\t\t<\/div>\n\t\t\t\t<\/div>\n\t\t<div class=\"elementor-element elementor-element-fed5dd5 e-con-full e-flex e-con e-child\" data-id=\"fed5dd5\" data-element_type=\"container\" data-e-type=\"container\">\n\t\t\t\t<div data-premium-element-link=\"{&quot;type&quot;:&quot;url&quot;,&quot;link&quot;:{&quot;url&quot;:&quot;https:\\\/\\\/www.helicecocinas.com\\\/es\\\/catalogo-interactivo-2\\\/&quot;,&quot;is_external&quot;:&quot;&quot;,&quot;nofollow&quot;:&quot;&quot;,&quot;custom_attributes&quot;:&quot;&quot;},&quot;href&quot;:&quot;https:\\\/\\\/www.helicecocinas.com\\\/es\\\/catalogo-interactivo-2\\\/&quot;}\" style=\"cursor: pointer\" class=\"elementor-element elementor-element-38b4b01 premium-wrapper-link-yes bdt-image-hover-effect-wrap bdt-image-hover-effect-1 elementor-widget elementor-widget-image\" data-id=\"38b4b01\" data-element_type=\"widget\" data-e-type=\"widget\" data-widget_type=\"image.default\">\n\t\t\t\t<div class=\"elementor-widget-container\">\n\t\t\t\t\t\t\t\t\t\t\t\t\t\t\t<img loading=\"lazy\" decoding=\"async\" width=\"1024\" height=\"668\" src=\"https:\/\/www.helicecocinas.com\/wp-content\/uploads\/2026\/03\/Encabezado-3-1024x668.jpg\" class=\"attachment-large size-large wp-image-21488\" alt=\"\" srcset=\"https:\/\/www.helicecocinas.com\/wp-content\/uploads\/2026\/03\/Encabezado-3-1024x668.jpg 1024w, https:\/\/www.helicecocinas.com\/wp-content\/uploads\/2026\/03\/Encabezado-3-300x196.jpg 300w, https:\/\/www.helicecocinas.com\/wp-content\/uploads\/2026\/03\/Encabezado-3-768x501.jpg 768w, https:\/\/www.helicecocinas.com\/wp-content\/uploads\/2026\/03\/Encabezado-3-1536x1002.jpg 1536w, https:\/\/www.helicecocinas.com\/wp-content\/uploads\/2026\/03\/Encabezado-3-18x12.jpg 18w, https:\/\/www.helicecocinas.com\/wp-content\/uploads\/2026\/03\/Encabezado-3.jpg 2048w\" sizes=\"(max-width: 1024px) 100vw, 1024px\" title=\"\">\t\t\t\t\t\t\t\t\t\t\t\t\t\t\t<\/div>\n\t\t\t\t<\/div>\n\t\t\t\t<\/div>\n\t\t\t\t\t<\/div>\n\t\t\t\t<\/div>\n\t\t<div class=\"elementor-element elementor-element-9dc02c9 e-flex e-con-boxed e-con e-parent\" data-id=\"9dc02c9\" data-element_type=\"container\" data-e-type=\"container\">\n\t\t\t\t\t<div class=\"e-con-inner\">\n\t\t<div class=\"elementor-element elementor-element-45719df e-con-full e-flex e-con e-child\" data-id=\"45719df\" data-element_type=\"container\" data-e-type=\"container\">\n\t\t\t\t<div class=\"elementor-element elementor-element-f8593c9 elementor-widget elementor-widget-text-editor\" data-id=\"f8593c9\" data-element_type=\"widget\" data-e-type=\"widget\" data-widget_type=\"text-editor.default\">\n\t\t\t\t<div class=\"elementor-widget-container\">\n\t\t\t\t\t\t\t\t\t<p>En esta \u00e1rea podr\u00e1s explorar nuestros cat\u00e1logos de productos, de armarios, para conocer todas las opciones disponibles de manera clara y detallada.<\/p>\t\t\t\t\t\t\t\t<\/div>\n\t\t\t\t<\/div>\n\t\t\t\t<div class=\"elementor-element elementor-element-75e6513 elementor-align-center premium-wrapper-link-yes elementor-widget elementor-widget-button\" data-id=\"75e6513\" data-element_type=\"widget\" data-e-type=\"widget\" data-widget_type=\"button.default\">\n\t\t\t\t<div class=\"elementor-widget-container\">\n\t\t\t\t\t\t\t\t\t<div class=\"elementor-button-wrapper\">\n\t\t\t\t\t<a class=\"elementor-button elementor-button-link elementor-size-sm\" href=\"https:\/\/www.helicecocinas.com\/es\/extra\/\">\n\t\t\t\t\t\t<span class=\"elementor-button-content-wrapper\">\n\t\t\t\t\t\t\t\t\t<span class=\"elementor-button-text\">INICIAR SESI\u00d3N <\/span>\n\t\t\t\t\t<\/span>\n\t\t\t\t\t<\/a>\n\t\t\t\t<\/div>\n\t\t\t\t\t\t\t\t<\/div>\n\t\t\t\t<\/div>\n\t\t\t\t<\/div>\n\t\t<div class=\"elementor-element elementor-element-e84e8e9 e-con-full e-flex e-con e-child\" data-id=\"e84e8e9\" data-element_type=\"container\" data-e-type=\"container\">\n\t\t\t\t<div class=\"elementor-element elementor-element-837f3a2 elementor-widget elementor-widget-text-editor\" data-id=\"837f3a2\" data-element_type=\"widget\" data-e-type=\"widget\" data-widget_type=\"text-editor.default\">\n\t\t\t\t<div class=\"elementor-widget-container\">\n\t\t\t\t\t\t\t\t\t<p>En esta \u00e1rea podr\u00e1s acceder a nuestro cat\u00e1logo interactivo, donde descubrir\u00e1s todas las opciones disponibles de forma visual, clara y detallada.\u00a0<\/p>\t\t\t\t\t\t\t\t<\/div>\n\t\t\t\t<\/div>\n\t\t\t\t<div data-premium-element-link=\"{&quot;type&quot;:&quot;url&quot;,&quot;link&quot;:{&quot;url&quot;:&quot;https:\\\/\\\/www.helicecocinas.com\\\/es\\\/catalogo-interactivo-2\\\/&quot;,&quot;is_external&quot;:&quot;&quot;,&quot;nofollow&quot;:&quot;&quot;,&quot;custom_attributes&quot;:&quot;&quot;},&quot;href&quot;:&quot;https:\\\/\\\/www.helicecocinas.com\\\/es\\\/catalogo-interactivo-2\\\/&quot;}\" style=\"cursor: pointer\" class=\"elementor-element elementor-element-44a9e61 elementor-align-center premium-wrapper-link-yes elementor-widget elementor-widget-button\" data-id=\"44a9e61\" data-element_type=\"widget\" data-e-type=\"widget\" data-widget_type=\"button.default\">\n\t\t\t\t<div class=\"elementor-widget-container\">\n\t\t\t\t\t\t\t\t\t<div class=\"elementor-button-wrapper\">\n\t\t\t\t\t<a class=\"elementor-button elementor-button-link elementor-size-sm\" href=\"https:\/\/www.helicecocinas.com\/es\/catalogo-interactivo-2\/\">\n\t\t\t\t\t\t<span class=\"elementor-button-content-wrapper\">\n\t\t\t\t\t\t\t\t\t<span class=\"elementor-button-text\">INICIAR SESI\u00d3N <\/span>\n\t\t\t\t\t<\/span>\n\t\t\t\t\t<\/a>\n\t\t\t\t<\/div>\n\t\t\t\t\t\t\t\t<\/div>\n\t\t\t\t<\/div>\n\t\t\t\t<\/div>\n\t\t\t\t\t<\/div>\n\t\t\t\t<\/div>\n\t\t<div class=\"elementor-element elementor-element-08c9668 e-flex e-con-boxed e-con e-parent\" data-id=\"08c9668\" data-element_type=\"container\" data-e-type=\"container\">\n\t\t\t\t\t<div class=\"e-con-inner\">\n\t\t\t\t<div class=\"elementor-element elementor-element-05175a5 elementor-widget elementor-widget-spacer\" data-id=\"05175a5\" data-element_type=\"widget\" data-e-type=\"widget\" data-widget_type=\"spacer.default\">\n\t\t\t\t<div class=\"elementor-widget-container\">\n\t\t\t\t\t\t\t<div class=\"elementor-spacer\">\n\t\t\t<div class=\"elementor-spacer-inner\"><\/div>\n\t\t<\/div>\n\t\t\t\t\t\t<\/div>\n\t\t\t\t<\/div>\n\t\t\t\t\t<\/div>\n\t\t\t\t<\/div>\n\t\t\t\t<\/div>\n\t\t","protected":false},"excerpt":{"rendered":"<p> [&hellip;]<\/p>\n","protected":false},"author":2,"featured_media":20485,"parent":0,"menu_order":0,"comment_status":"closed","ping_status":"closed","template":"","meta":{"site-sidebar-layout":"no-sidebar","site-content-layout":"page-builder","ast-site-content-layout":"full-width-container","site-content-style":"default","site-sidebar-style":"default","ast-global-header-display":"","ast-banner-title-visibility":"","ast-main-header-display":"","ast-hfb-above-header-display":"","ast-hfb-below-header-display":"","ast-hfb-mobile-header-display":"","site-post-title":"","ast-breadcrumbs-content":"","ast-featured-img":"disabled","footer-sml-layout":"","theme-transparent-header-meta":"default","adv-header-id-meta":"","stick-header-meta":"default","header-above-stick-meta":"","header-main-stick-meta":"","header-below-stick-meta":"","astra-migrate-meta-layouts":"set","ast-page-background-enabled":"default","ast-page-background-meta":{"desktop":{"background-color":"","background-image":"","background-repeat":"repeat","background-position":"center center","background-size":"auto","background-attachment":"scroll","background-type":"","background-media":"","overlay-type":"","overlay-color":"","overlay-opacity":"","overlay-gradient":""},"tablet":{"background-color":"","background-image":"","background-repeat":"repeat","background-position":"center center","background-size":"auto","background-attachment":"scroll","background-type":"","background-media":"","overlay-type":"","overlay-color":"","overlay-opacity":"","overlay-gradient":""},"mobile":{"background-color":"","background-image":"","background-repeat":"repeat","background-position":"center center","background-size":"auto","background-attachment":"scroll","background-type":"","background-media":"","overlay-type":"","overlay-color":"","overlay-opacity":"","overlay-gradient":""}},"ast-content-background-meta":{"desktop":{"background-color":"var(--ast-global-color-5)","background-image":"","background-repeat":"repeat","background-position":"center center","background-size":"auto","background-attachment":"scroll","background-type":"","background-media":"","overlay-type":"","overlay-color":"","overlay-opacity":"","overlay-gradient":""},"tablet":{"background-color":"var(--ast-global-color-5)","background-image":"","background-repeat":"repeat","background-position":"center center","background-size":"auto","background-attachment":"scroll","background-type":"","background-media":"","overlay-type":"","overlay-color":"","overlay-opacity":"","overlay-gradient":""},"mobile":{"background-color":"var(--ast-global-color-5)","background-image":"","background-repeat":"repeat","background-position":"center center","background-size":"auto","background-attachment":"scroll","background-type":"","background-media":"","overlay-type":"","overlay-color":"","overlay-opacity":"","overlay-gradient":""}},"footnotes":""},"class_list":["post-19582","page","type-page","status-publish","has-post-thumbnail","hentry"],"_links":{"self":[{"href":"https:\/\/www.helicecocinas.com\/es\/wp-json\/wp\/v2\/pages\/19582","targetHints":{"allow":["GET"]}}],"collection":[{"href":"https:\/\/www.helicecocinas.com\/es\/wp-json\/wp\/v2\/pages"}],"about":[{"href":"https:\/\/www.helicecocinas.com\/es\/wp-json\/wp\/v2\/types\/page"}],"author":[{"embeddable":true,"href":"https:\/\/www.helicecocinas.com\/es\/wp-json\/wp\/v2\/users\/2"}],"replies":[{"embeddable":true,"href":"https:\/\/www.helicecocinas.com\/es\/wp-json\/wp\/v2\/comments?post=19582"}],"version-history":[{"count":0,"href":"https:\/\/www.helicecocinas.com\/es\/wp-json\/wp\/v2\/pages\/19582\/revisions"}],"wp:featuredmedia":[{"embeddable":true,"href":"https:\/\/www.helicecocinas.com\/es\/wp-json\/wp\/v2\/media\/20485"}],"wp:attachment":[{"href":"https:\/\/www.helicecocinas.com\/es\/wp-json\/wp\/v2\/media?parent=19582"}],"curies":[{"name":"wp","href":"https:\/\/api.w.org\/{rel}","templated":true}]}}