{"id":14429,"date":"2025-09-29T11:04:29","date_gmt":"2025-09-29T09:04:29","guid":{"rendered":"https:\/\/www.helicecocinas.com\/?page_id=14429"},"modified":"2025-10-08T12:31:17","modified_gmt":"2025-10-08T10:31:17","slug":"showroom","status":"publish","type":"page","link":"https:\/\/www.helicecocinas.com\/es\/showroom\/","title":{"rendered":"Showroom"},"content":{"rendered":"\t\t<div data-elementor-type=\"wp-page\" data-elementor-id=\"14429\" class=\"elementor elementor-14429\" data-elementor-settings=\"{&quot;element_pack_global_tooltip_width&quot;:{&quot;unit&quot;:&quot;px&quot;,&quot;size&quot;:&quot;&quot;,&quot;sizes&quot;:[]},&quot;element_pack_global_tooltip_width_tablet&quot;:{&quot;unit&quot;:&quot;px&quot;,&quot;size&quot;:&quot;&quot;,&quot;sizes&quot;:[]},&quot;element_pack_global_tooltip_width_mobile&quot;:{&quot;unit&quot;:&quot;px&quot;,&quot;size&quot;:&quot;&quot;,&quot;sizes&quot;:[]},&quot;element_pack_global_tooltip_padding&quot;:{&quot;unit&quot;:&quot;px&quot;,&quot;top&quot;:&quot;&quot;,&quot;right&quot;:&quot;&quot;,&quot;bottom&quot;:&quot;&quot;,&quot;left&quot;:&quot;&quot;,&quot;isLinked&quot;:true},&quot;element_pack_global_tooltip_padding_tablet&quot;:{&quot;unit&quot;:&quot;px&quot;,&quot;top&quot;:&quot;&quot;,&quot;right&quot;:&quot;&quot;,&quot;bottom&quot;:&quot;&quot;,&quot;left&quot;:&quot;&quot;,&quot;isLinked&quot;:true},&quot;element_pack_global_tooltip_padding_mobile&quot;:{&quot;unit&quot;:&quot;px&quot;,&quot;top&quot;:&quot;&quot;,&quot;right&quot;:&quot;&quot;,&quot;bottom&quot;:&quot;&quot;,&quot;left&quot;:&quot;&quot;,&quot;isLinked&quot;:true},&quot;element_pack_global_tooltip_border_radius&quot;:{&quot;unit&quot;:&quot;px&quot;,&quot;top&quot;:&quot;&quot;,&quot;right&quot;:&quot;&quot;,&quot;bottom&quot;:&quot;&quot;,&quot;left&quot;:&quot;&quot;,&quot;isLinked&quot;:true},&quot;element_pack_global_tooltip_border_radius_tablet&quot;:{&quot;unit&quot;:&quot;px&quot;,&quot;top&quot;:&quot;&quot;,&quot;right&quot;:&quot;&quot;,&quot;bottom&quot;:&quot;&quot;,&quot;left&quot;:&quot;&quot;,&quot;isLinked&quot;:true},&quot;element_pack_global_tooltip_border_radius_mobile&quot;:{&quot;unit&quot;:&quot;px&quot;,&quot;top&quot;:&quot;&quot;,&quot;right&quot;:&quot;&quot;,&quot;bottom&quot;:&quot;&quot;,&quot;left&quot;:&quot;&quot;,&quot;isLinked&quot;:true}}\" data-elementor-post-type=\"page\">\n\t\t\t\t<div class=\"elementor-element elementor-element-f6d5dc5 e-flex e-con-boxed e-con e-parent\" data-id=\"f6d5dc5\" data-element_type=\"container\" data-e-type=\"container\">\n\t\t\t\t\t<div class=\"e-con-inner\">\n\t\t\t\t<div class=\"elementor-element elementor-element-3008cb3 elementor-widget elementor-widget-spacer\" data-id=\"3008cb3\" data-element_type=\"widget\" data-e-type=\"widget\" data-widget_type=\"spacer.default\">\n\t\t\t\t<div class=\"elementor-widget-container\">\n\t\t\t\t\t\t\t<div class=\"elementor-spacer\">\n\t\t\t<div class=\"elementor-spacer-inner\"><\/div>\n\t\t<\/div>\n\t\t\t\t\t\t<\/div>\n\t\t\t\t<\/div>\n\t\t\t\t\t<\/div>\n\t\t\t\t<\/div>\n\t\t<div class=\"elementor-element elementor-element-6432da0 e-flex e-con-boxed e-con e-parent\" data-id=\"6432da0\" data-element_type=\"container\" data-e-type=\"container\">\n\t\t\t\t\t<div class=\"e-con-inner\">\n\t\t\t\t<div class=\"elementor-element elementor-element-2c73239 elementor-widget elementor-widget-heading\" data-id=\"2c73239\" data-element_type=\"widget\" data-e-type=\"widget\" data-widget_type=\"heading.default\">\n\t\t\t\t<div class=\"elementor-widget-container\">\n\t\t\t\t\t<h5 class=\"elementor-heading-title elementor-size-default\">h\u00e9lice cocinas<\/h5>\t\t\t\t<\/div>\n\t\t\t\t<\/div>\n\t\t\t\t<div class=\"elementor-element elementor-element-6be5881 elementor-widget elementor-widget-text-editor\" data-id=\"6be5881\" data-element_type=\"widget\" data-e-type=\"widget\" data-widget_type=\"text-editor.default\">\n\t\t\t\t<div class=\"elementor-widget-container\">\n\t\t\t\t\t\t\t\t\t<p>SHOWROOM<\/p>\t\t\t\t\t\t\t\t<\/div>\n\t\t\t\t<\/div>\n\t\t\t\t\t<\/div>\n\t\t\t\t<\/div>\n\t\t<div class=\"elementor-element elementor-element-5b23344 e-flex e-con-boxed e-con e-parent\" data-id=\"5b23344\" data-element_type=\"container\" data-e-type=\"container\">\n\t\t\t\t\t<div class=\"e-con-inner\">\n\t\t<div class=\"elementor-element elementor-element-916a307 e-con-full e-flex e-con e-child\" data-id=\"916a307\" data-element_type=\"container\" data-e-type=\"container\">\n\t\t\t\t<div class=\"elementor-element elementor-element-5da2c98 elementor-widget elementor-widget-text-editor\" data-id=\"5da2c98\" data-element_type=\"widget\" data-e-type=\"widget\" data-widget_type=\"text-editor.default\">\n\t\t\t\t<div class=\"elementor-widget-container\">\n\t\t\t\t\t\t\t\t\t<p>En H\u00e9lice Cocinas, entendemos que la cocina es el coraz\u00f3n del hogar. Por eso, cada uno de nuestros espacios est\u00e1 dise\u00f1ado para ofrecer una experiencia \u00fanica, donde la funcionalidad se encuentra con la est\u00e9tica. desde la elecci\u00f3n de materiales hasta la disposici\u00f3n de los elementos, todo est\u00e1 pensado para que cada momento en la cocina sea especial.\u00a0<\/p>\t\t\t\t\t\t\t\t<\/div>\n\t\t\t\t<\/div>\n\t\t\t\t<\/div>\n\t\t<div class=\"elementor-element elementor-element-a8a3482 e-con-full e-flex e-con e-child\" data-id=\"a8a3482\" data-element_type=\"container\" data-e-type=\"container\">\n\t\t<div class=\"elementor-element elementor-element-c10a448 e-con-full e-flex e-con e-child\" data-id=\"c10a448\" data-element_type=\"container\" data-e-type=\"container\">\n\t\t\t\t<\/div>\n\t\t<div class=\"elementor-element elementor-element-91677a2 e-con-full e-flex e-con e-child\" data-id=\"91677a2\" data-element_type=\"container\" data-e-type=\"container\">\n\t\t\t\t<\/div>\n\t\t\t\t<\/div>\n\t\t\t\t\t<\/div>\n\t\t\t\t<\/div>\n\t\t<div class=\"elementor-element elementor-element-079a8c7 e-flex e-con-boxed e-con e-parent\" data-id=\"079a8c7\" data-element_type=\"container\" data-e-type=\"container\">\n\t\t\t\t\t<div class=\"e-con-inner\">\n\t\t\t\t<div class=\"elementor-element elementor-element-d9ea0c6 animated-slow elementor-invisible elementor-widget elementor-widget-image\" data-id=\"d9ea0c6\" data-element_type=\"widget\" data-e-type=\"widget\" data-settings=\"{&quot;_animation&quot;:&quot;fadeInUp&quot;}\" data-widget_type=\"image.default\">\n\t\t\t\t<div class=\"elementor-widget-container\">\n\t\t\t\t\t\t\t\t\t\t\t\t\t\t\t<img fetchpriority=\"high\" decoding=\"async\" width=\"768\" height=\"1365\" src=\"https:\/\/www.helicecocinas.com\/wp-content\/uploads\/2025\/10\/IMG_0953-2-768x1365.jpg\" class=\"attachment-medium_large size-medium_large wp-image-14548\" alt=\"\" srcset=\"https:\/\/www.helicecocinas.com\/wp-content\/uploads\/2025\/10\/IMG_0953-2-768x1365.jpg 768w, https:\/\/www.helicecocinas.com\/wp-content\/uploads\/2025\/10\/IMG_0953-2-169x300.jpg 169w, https:\/\/www.helicecocinas.com\/wp-content\/uploads\/2025\/10\/IMG_0953-2-576x1024.jpg 576w, https:\/\/www.helicecocinas.com\/wp-content\/uploads\/2025\/10\/IMG_0953-2-864x1536.jpg 864w, https:\/\/www.helicecocinas.com\/wp-content\/uploads\/2025\/10\/IMG_0953-2-1152x2048.jpg 1152w, https:\/\/www.helicecocinas.com\/wp-content\/uploads\/2025\/10\/IMG_0953-2-7x12.jpg 7w, https:\/\/www.helicecocinas.com\/wp-content\/uploads\/2025\/10\/IMG_0953-2-scaled.jpg 1440w\" sizes=\"(max-width: 768px) 100vw, 768px\" title=\"\">\t\t\t\t\t\t\t\t\t\t\t\t\t\t\t<\/div>\n\t\t\t\t<\/div>\n\t\t\t\t\t<\/div>\n\t\t\t\t<\/div>\n\t\t<div class=\"elementor-element elementor-element-367ceed e-flex e-con-boxed e-con e-parent\" data-id=\"367ceed\" data-element_type=\"container\" data-e-type=\"container\">\n\t\t\t\t\t<div class=\"e-con-inner\">\n\t\t\t\t<div class=\"elementor-element elementor-element-111c18e elementor-widget elementor-widget-spacer\" data-id=\"111c18e\" data-element_type=\"widget\" data-e-type=\"widget\" data-widget_type=\"spacer.default\">\n\t\t\t\t<div class=\"elementor-widget-container\">\n\t\t\t\t\t\t\t<div class=\"elementor-spacer\">\n\t\t\t<div class=\"elementor-spacer-inner\"><\/div>\n\t\t<\/div>\n\t\t\t\t\t\t<\/div>\n\t\t\t\t<\/div>\n\t\t\t\t\t<\/div>\n\t\t\t\t<\/div>\n\t\t<div class=\"elementor-element elementor-element-82ea849 e-flex e-con-boxed e-con e-parent\" data-id=\"82ea849\" data-element_type=\"container\" data-e-type=\"container\">\n\t\t\t\t\t<div class=\"e-con-inner\">\n\t\t<div class=\"elementor-element elementor-element-f032b6c e-con-full e-flex e-con e-child\" data-id=\"f032b6c\" data-element_type=\"container\" data-e-type=\"container\">\n\t\t\t\t<div class=\"elementor-element elementor-element-e77c0ae elementor-widget elementor-widget-text-editor\" data-id=\"e77c0ae\" data-element_type=\"widget\" data-e-type=\"widget\" data-widget_type=\"text-editor.default\">\n\t\t\t\t<div class=\"elementor-widget-container\">\n\t\t\t\t\t\t\t\t\t<p>Cada detalle, desde la disposici\u00f3n de los elementos hasta las soluciones de almacenamiento, est\u00e1 pensado para hacer la vida m\u00e1s c\u00f3moda y eficiente. La innovaci\u00f3n se integra de manera natural, creando un entorno donde cada acci\u00f3n es intuitiva y placentera, y la experiencia diaria se vuelve m\u00e1s satisfactoria.\u00a0<\/p>\t\t\t\t\t\t\t\t<\/div>\n\t\t\t\t<\/div>\n\t\t\t\t<\/div>\n\t\t<div class=\"elementor-element elementor-element-25afed4 e-con-full e-flex e-con e-child\" data-id=\"25afed4\" data-element_type=\"container\" data-e-type=\"container\">\n\t\t<div class=\"elementor-element elementor-element-5709389 e-con-full e-flex e-con e-child\" data-id=\"5709389\" data-element_type=\"container\" data-e-type=\"container\">\n\t\t\t\t<\/div>\n\t\t<div class=\"elementor-element elementor-element-0048185 e-con-full e-flex e-con e-child\" data-id=\"0048185\" data-element_type=\"container\" data-e-type=\"container\">\n\t\t\t\t<\/div>\n\t\t\t\t<\/div>\n\t\t\t\t\t<\/div>\n\t\t\t\t<\/div>\n\t\t<div class=\"elementor-element elementor-element-bf56a6a e-flex e-con-boxed e-con e-parent\" data-id=\"bf56a6a\" data-element_type=\"container\" data-e-type=\"container\">\n\t\t\t\t\t<div class=\"e-con-inner\">\n\t\t<div class=\"elementor-element elementor-element-6ce3ecc e-con-full e-flex e-con e-child\" data-id=\"6ce3ecc\" data-element_type=\"container\" data-e-type=\"container\">\n\t\t\t\t<div class=\"elementor-element elementor-element-bcc7020 animated-slow elementor-invisible elementor-widget elementor-widget-image\" data-id=\"bcc7020\" data-element_type=\"widget\" data-e-type=\"widget\" data-settings=\"{&quot;_animation&quot;:&quot;fadeInUp&quot;}\" data-widget_type=\"image.default\">\n\t\t\t\t<div class=\"elementor-widget-container\">\n\t\t\t\t\t\t\t\t\t\t\t\t\t\t\t<img decoding=\"async\" width=\"768\" height=\"1024\" src=\"https:\/\/www.helicecocinas.com\/wp-content\/uploads\/2025\/10\/IMG_1344-768x1024.gif\" class=\"attachment-large size-large wp-image-14445\" alt=\"\" srcset=\"https:\/\/www.helicecocinas.com\/wp-content\/uploads\/2025\/10\/IMG_1344-768x1024.gif 768w, https:\/\/www.helicecocinas.com\/wp-content\/uploads\/2025\/10\/IMG_1344-225x300.gif 225w, https:\/\/www.helicecocinas.com\/wp-content\/uploads\/2025\/10\/IMG_1344-1152x1536.gif 1152w, https:\/\/www.helicecocinas.com\/wp-content\/uploads\/2025\/10\/IMG_1344-1536x2048.gif 1536w, https:\/\/www.helicecocinas.com\/wp-content\/uploads\/2025\/10\/IMG_1344-9x12.gif 9w\" sizes=\"(max-width: 768px) 100vw, 768px\" title=\"\">\t\t\t\t\t\t\t\t\t\t\t\t\t\t\t<\/div>\n\t\t\t\t<\/div>\n\t\t\t\t<\/div>\n\t\t<div class=\"elementor-element elementor-element-8dc9c56 e-con-full e-flex e-con e-child\" data-id=\"8dc9c56\" data-element_type=\"container\" data-e-type=\"container\">\n\t\t\t\t<div class=\"elementor-element elementor-element-3dcc124 animated-slow elementor-invisible elementor-widget elementor-widget-image\" data-id=\"3dcc124\" data-element_type=\"widget\" data-e-type=\"widget\" data-settings=\"{&quot;_animation&quot;:&quot;fadeInUp&quot;}\" data-widget_type=\"image.default\">\n\t\t\t\t<div class=\"elementor-widget-container\">\n\t\t\t\t\t\t\t\t\t\t\t\t\t\t\t<img decoding=\"async\" width=\"768\" height=\"1024\" src=\"https:\/\/www.helicecocinas.com\/wp-content\/uploads\/2025\/10\/IMG_2411-1-768x1024.jpg\" class=\"attachment-large size-large wp-image-14535\" alt=\"\" srcset=\"https:\/\/www.helicecocinas.com\/wp-content\/uploads\/2025\/10\/IMG_2411-1-768x1024.jpg 768w, https:\/\/www.helicecocinas.com\/wp-content\/uploads\/2025\/10\/IMG_2411-1-225x300.jpg 225w, https:\/\/www.helicecocinas.com\/wp-content\/uploads\/2025\/10\/IMG_2411-1-1152x1536.jpg 1152w, https:\/\/www.helicecocinas.com\/wp-content\/uploads\/2025\/10\/IMG_2411-1-1536x2048.jpg 1536w, https:\/\/www.helicecocinas.com\/wp-content\/uploads\/2025\/10\/IMG_2411-1-9x12.jpg 9w, https:\/\/www.helicecocinas.com\/wp-content\/uploads\/2025\/10\/IMG_2411-1-scaled.jpg 1920w\" sizes=\"(max-width: 768px) 100vw, 768px\" title=\"\">\t\t\t\t\t\t\t\t\t\t\t\t\t\t\t<\/div>\n\t\t\t\t<\/div>\n\t\t\t\t<\/div>\n\t\t\t\t\t<\/div>\n\t\t\t\t<\/div>\n\t\t<div class=\"elementor-element elementor-element-a825144 e-flex e-con-boxed e-con e-parent\" data-id=\"a825144\" data-element_type=\"container\" data-e-type=\"container\">\n\t\t\t\t\t<div class=\"e-con-inner\">\n\t\t\t\t<div class=\"elementor-element elementor-element-f5beae3 elementor-widget elementor-widget-spacer\" data-id=\"f5beae3\" data-element_type=\"widget\" data-e-type=\"widget\" data-widget_type=\"spacer.default\">\n\t\t\t\t<div class=\"elementor-widget-container\">\n\t\t\t\t\t\t\t<div class=\"elementor-spacer\">\n\t\t\t<div class=\"elementor-spacer-inner\"><\/div>\n\t\t<\/div>\n\t\t\t\t\t\t<\/div>\n\t\t\t\t<\/div>\n\t\t\t\t\t<\/div>\n\t\t\t\t<\/div>\n\t\t<div class=\"elementor-element elementor-element-202b5ff e-flex e-con-boxed e-con e-parent\" data-id=\"202b5ff\" data-element_type=\"container\" data-e-type=\"container\">\n\t\t\t\t\t<div class=\"e-con-inner\">\n\t\t<div class=\"elementor-element elementor-element-8a3467b e-con-full e-flex e-con e-child\" data-id=\"8a3467b\" data-element_type=\"container\" data-e-type=\"container\">\n\t\t\t\t<div class=\"elementor-element elementor-element-bb8e798 elementor-widget elementor-widget-text-editor\" data-id=\"bb8e798\" data-element_type=\"widget\" data-e-type=\"widget\" data-widget_type=\"text-editor.default\">\n\t\t\t\t<div class=\"elementor-widget-container\">\n\t\t\t\t\t\t\t\t\t<p>La variedad de materiales, acabados y combinaciones permite crear cocinas con identidad propia. Cada espacio refleja personalidad y gustos, adapt\u00e1ndose a diferentes estilos de vida y ofreciendo infinitas posibilidades de personalizaci\u00f3n.\u00a0<\/p>\t\t\t\t\t\t\t\t<\/div>\n\t\t\t\t<\/div>\n\t\t\t\t<\/div>\n\t\t<div class=\"elementor-element elementor-element-6a45f3c e-con-full e-flex e-con e-child\" data-id=\"6a45f3c\" data-element_type=\"container\" data-e-type=\"container\">\n\t\t<div class=\"elementor-element elementor-element-444bed4 e-con-full e-flex e-con e-child\" data-id=\"444bed4\" data-element_type=\"container\" data-e-type=\"container\">\n\t\t\t\t<\/div>\n\t\t<div class=\"elementor-element elementor-element-e5ad81c e-con-full e-flex e-con e-child\" data-id=\"e5ad81c\" data-element_type=\"container\" data-e-type=\"container\">\n\t\t\t\t<\/div>\n\t\t\t\t<\/div>\n\t\t\t\t\t<\/div>\n\t\t\t\t<\/div>\n\t\t<div class=\"elementor-element elementor-element-657d4dd e-flex e-con-boxed e-con e-parent\" data-id=\"657d4dd\" data-element_type=\"container\" data-e-type=\"container\">\n\t\t\t\t\t<div class=\"e-con-inner\">\n\t\t<div class=\"elementor-element elementor-element-9d938ab e-con-full e-flex e-con e-child\" data-id=\"9d938ab\" data-element_type=\"container\" data-e-type=\"container\">\n\t\t\t\t<div class=\"elementor-element elementor-element-989108e animated-slow elementor-invisible elementor-widget elementor-widget-image\" data-id=\"989108e\" data-element_type=\"widget\" data-e-type=\"widget\" data-settings=\"{&quot;_animation&quot;:&quot;fadeInUp&quot;}\" data-widget_type=\"image.default\">\n\t\t\t\t<div class=\"elementor-widget-container\">\n\t\t\t\t\t\t\t\t\t\t\t\t\t\t\t<img loading=\"lazy\" decoding=\"async\" width=\"768\" height=\"1024\" src=\"https:\/\/www.helicecocinas.com\/wp-content\/uploads\/2025\/10\/foto-web-768x1024.gif\" class=\"attachment-large size-large wp-image-14452\" alt=\"\" srcset=\"https:\/\/www.helicecocinas.com\/wp-content\/uploads\/2025\/10\/foto-web-768x1024.gif 768w, https:\/\/www.helicecocinas.com\/wp-content\/uploads\/2025\/10\/foto-web-225x300.gif 225w, https:\/\/www.helicecocinas.com\/wp-content\/uploads\/2025\/10\/foto-web-1152x1536.gif 1152w, https:\/\/www.helicecocinas.com\/wp-content\/uploads\/2025\/10\/foto-web-1536x2048.gif 1536w, https:\/\/www.helicecocinas.com\/wp-content\/uploads\/2025\/10\/foto-web-9x12.gif 9w\" sizes=\"(max-width: 768px) 100vw, 768px\" title=\"\">\t\t\t\t\t\t\t\t\t\t\t\t\t\t\t<\/div>\n\t\t\t\t<\/div>\n\t\t\t\t<\/div>\n\t\t<div class=\"elementor-element elementor-element-745ac24 e-con-full e-flex e-con e-child\" data-id=\"745ac24\" data-element_type=\"container\" data-e-type=\"container\">\n\t\t\t\t<\/div>\n\t\t\t\t\t<\/div>\n\t\t\t\t<\/div>\n\t\t<div class=\"elementor-element elementor-element-0875287 e-flex e-con-boxed e-con e-parent\" data-id=\"0875287\" data-element_type=\"container\" data-e-type=\"container\">\n\t\t\t\t\t<div class=\"e-con-inner\">\n\t\t<div class=\"elementor-element elementor-element-c11fb45 e-con-full e-flex e-con e-child\" data-id=\"c11fb45\" data-element_type=\"container\" data-e-type=\"container\">\n\t\t\t\t<\/div>\n\t\t<div class=\"elementor-element elementor-element-fc2e2cb e-con-full e-flex e-con e-child\" data-id=\"fc2e2cb\" data-element_type=\"container\" data-e-type=\"container\">\n\t\t\t\t<div class=\"elementor-element elementor-element-cdaf2b1 animated-slow elementor-invisible elementor-widget elementor-widget-image\" data-id=\"cdaf2b1\" data-element_type=\"widget\" data-e-type=\"widget\" data-settings=\"{&quot;_animation&quot;:&quot;fadeInUp&quot;}\" data-widget_type=\"image.default\">\n\t\t\t\t<div class=\"elementor-widget-container\">\n\t\t\t\t\t\t\t\t\t\t\t\t\t\t\t<img loading=\"lazy\" decoding=\"async\" width=\"768\" height=\"1024\" src=\"https:\/\/www.helicecocinas.com\/wp-content\/uploads\/2025\/10\/foto-retocada-768x1024.gif\" class=\"attachment-large size-large wp-image-14450\" alt=\"\" srcset=\"https:\/\/www.helicecocinas.com\/wp-content\/uploads\/2025\/10\/foto-retocada-768x1024.gif 768w, https:\/\/www.helicecocinas.com\/wp-content\/uploads\/2025\/10\/foto-retocada-225x300.gif 225w, https:\/\/www.helicecocinas.com\/wp-content\/uploads\/2025\/10\/foto-retocada-1152x1536.gif 1152w, https:\/\/www.helicecocinas.com\/wp-content\/uploads\/2025\/10\/foto-retocada-1536x2048.gif 1536w, https:\/\/www.helicecocinas.com\/wp-content\/uploads\/2025\/10\/foto-retocada-9x12.gif 9w\" sizes=\"(max-width: 768px) 100vw, 768px\" title=\"\">\t\t\t\t\t\t\t\t\t\t\t\t\t\t\t<\/div>\n\t\t\t\t<\/div>\n\t\t\t\t<\/div>\n\t\t\t\t\t<\/div>\n\t\t\t\t<\/div>\n\t\t<div class=\"elementor-element elementor-element-d4dd2a6 e-flex e-con-boxed e-con e-parent\" data-id=\"d4dd2a6\" data-element_type=\"container\" data-e-type=\"container\">\n\t\t\t\t\t<div class=\"e-con-inner\">\n\t\t\t\t<div class=\"elementor-element elementor-element-71aff84 animated-slow elementor-invisible elementor-widget elementor-widget-image\" data-id=\"71aff84\" data-element_type=\"widget\" data-e-type=\"widget\" data-settings=\"{&quot;_animation&quot;:&quot;fadeInUp&quot;}\" data-widget_type=\"image.default\">\n\t\t\t\t<div class=\"elementor-widget-container\">\n\t\t\t\t\t\t\t\t\t\t\t\t\t\t\t<img loading=\"lazy\" decoding=\"async\" width=\"768\" height=\"915\" src=\"https:\/\/www.helicecocinas.com\/wp-content\/uploads\/2025\/10\/FOTO-RETOCADA-INSTA3-768x915.gif\" class=\"attachment-medium_large size-medium_large wp-image-14464\" alt=\"\" srcset=\"https:\/\/www.helicecocinas.com\/wp-content\/uploads\/2025\/10\/FOTO-RETOCADA-INSTA3-768x915.gif 768w, https:\/\/www.helicecocinas.com\/wp-content\/uploads\/2025\/10\/FOTO-RETOCADA-INSTA3-252x300.gif 252w, https:\/\/www.helicecocinas.com\/wp-content\/uploads\/2025\/10\/FOTO-RETOCADA-INSTA3-860x1024.gif 860w, https:\/\/www.helicecocinas.com\/wp-content\/uploads\/2025\/10\/FOTO-RETOCADA-INSTA3-1290x1536.gif 1290w, https:\/\/www.helicecocinas.com\/wp-content\/uploads\/2025\/10\/FOTO-RETOCADA-INSTA3-1720x2048.gif 1720w, https:\/\/www.helicecocinas.com\/wp-content\/uploads\/2025\/10\/FOTO-RETOCADA-INSTA3-10x12.gif 10w\" sizes=\"(max-width: 768px) 100vw, 768px\" title=\"\">\t\t\t\t\t\t\t\t\t\t\t\t\t\t\t<\/div>\n\t\t\t\t<\/div>\n\t\t\t\t\t<\/div>\n\t\t\t\t<\/div>\n\t\t<div class=\"elementor-element elementor-element-a137a79 e-flex e-con-boxed e-con e-parent\" data-id=\"a137a79\" data-element_type=\"container\" data-e-type=\"container\">\n\t\t\t\t\t<div class=\"e-con-inner\">\n\t\t<div class=\"elementor-element elementor-element-a30d75d e-con-full e-flex e-con e-child\" data-id=\"a30d75d\" data-element_type=\"container\" data-e-type=\"container\">\n\t\t\t\t<div class=\"elementor-element elementor-element-bacbc66 animated-slow elementor-invisible elementor-widget elementor-widget-text-editor\" data-id=\"bacbc66\" data-element_type=\"widget\" data-e-type=\"widget\" data-settings=\"{&quot;_animation&quot;:&quot;fadeInUp&quot;}\" data-widget_type=\"text-editor.default\">\n\t\t\t\t<div class=\"elementor-widget-container\">\n\t\t\t\t\t\t\t\t\t<p>Cada espacio de nuestro showroom est\u00e1 pensado para mostrar c\u00f3mo el dise\u00f1o y la creatividad pueden transformar la vida cotidiana. M\u00e1s all\u00e1 de la est\u00e9tica, cada detalle invita a experimentar, descubrir nuevas posibilidades y disfrutar de momentos \u00fanicos. Estos ambientes combinan funcionalidad, armon\u00eda y estilo, ofreciendo soluciones inteligentes que facilitan la vida diaria y, al mismo tiempo, inspiran.&nbsp;<\/p>\t\t\t\t\t\t\t\t<\/div>\n\t\t\t\t<\/div>\n\t\t\t\t<\/div>\n\t\t<div class=\"elementor-element elementor-element-8d623f0 e-con-full e-flex e-con e-child\" data-id=\"8d623f0\" data-element_type=\"container\" data-e-type=\"container\">\n\t\t<div class=\"elementor-element elementor-element-d4e360a e-con-full e-flex e-con e-child\" data-id=\"d4e360a\" data-element_type=\"container\" data-e-type=\"container\">\n\t\t\t\t<\/div>\n\t\t<div class=\"elementor-element elementor-element-2cd3aa1 e-con-full e-flex e-con e-child\" data-id=\"2cd3aa1\" data-element_type=\"container\" data-e-type=\"container\">\n\t\t\t\t<\/div>\n\t\t\t\t<\/div>\n\t\t\t\t\t<\/div>\n\t\t\t\t<\/div>\n\t\t\t\t<\/div>\n\t\t","protected":false},"excerpt":{"rendered":"<p> [&hellip;]<\/p>\n","protected":false},"author":2,"featured_media":14556,"parent":0,"menu_order":0,"comment_status":"closed","ping_status":"closed","template":"","meta":{"site-sidebar-layout":"no-sidebar","site-content-layout":"page-builder","ast-site-content-layout":"full-width-container","site-content-style":"default","site-sidebar-style":"default","ast-global-header-display":"","ast-banner-title-visibility":"","ast-main-header-display":"","ast-hfb-above-header-display":"","ast-hfb-below-header-display":"","ast-hfb-mobile-header-display":"","site-post-title":"","ast-breadcrumbs-content":"","ast-featured-img":"disabled","footer-sml-layout":"","theme-transparent-header-meta":"default","adv-header-id-meta":"","stick-header-meta":"default","header-above-stick-meta":"","header-main-stick-meta":"","header-below-stick-meta":"","astra-migrate-meta-layouts":"set","ast-page-background-enabled":"default","ast-page-background-meta":{"desktop":{"background-color":"","background-image":"","background-repeat":"repeat","background-position":"center center","background-size":"auto","background-attachment":"scroll","background-type":"","background-media":"","overlay-type":"","overlay-color":"","overlay-opacity":"","overlay-gradient":""},"tablet":{"background-color":"","background-image":"","background-repeat":"repeat","background-position":"center center","background-size":"auto","background-attachment":"scroll","background-type":"","background-media":"","overlay-type":"","overlay-color":"","overlay-opacity":"","overlay-gradient":""},"mobile":{"background-color":"","background-image":"","background-repeat":"repeat","background-position":"center center","background-size":"auto","background-attachment":"scroll","background-type":"","background-media":"","overlay-type":"","overlay-color":"","overlay-opacity":"","overlay-gradient":""}},"ast-content-background-meta":{"desktop":{"background-color":"var(--ast-global-color-5)","background-image":"","background-repeat":"repeat","background-position":"center center","background-size":"auto","background-attachment":"scroll","background-type":"","background-media":"","overlay-type":"","overlay-color":"","overlay-opacity":"","overlay-gradient":""},"tablet":{"background-color":"var(--ast-global-color-5)","background-image":"","background-repeat":"repeat","background-position":"center center","background-size":"auto","background-attachment":"scroll","background-type":"","background-media":"","overlay-type":"","overlay-color":"","overlay-opacity":"","overlay-gradient":""},"mobile":{"background-color":"var(--ast-global-color-5)","background-image":"","background-repeat":"repeat","background-position":"center center","background-size":"auto","background-attachment":"scroll","background-type":"","background-media":"","overlay-type":"","overlay-color":"","overlay-opacity":"","overlay-gradient":""}},"footnotes":""},"class_list":["post-14429","page","type-page","status-publish","has-post-thumbnail","hentry"],"_links":{"self":[{"href":"https:\/\/www.helicecocinas.com\/es\/wp-json\/wp\/v2\/pages\/14429","targetHints":{"allow":["GET"]}}],"collection":[{"href":"https:\/\/www.helicecocinas.com\/es\/wp-json\/wp\/v2\/pages"}],"about":[{"href":"https:\/\/www.helicecocinas.com\/es\/wp-json\/wp\/v2\/types\/page"}],"author":[{"embeddable":true,"href":"https:\/\/www.helicecocinas.com\/es\/wp-json\/wp\/v2\/users\/2"}],"replies":[{"embeddable":true,"href":"https:\/\/www.helicecocinas.com\/es\/wp-json\/wp\/v2\/comments?post=14429"}],"version-history":[{"count":0,"href":"https:\/\/www.helicecocinas.com\/es\/wp-json\/wp\/v2\/pages\/14429\/revisions"}],"wp:featuredmedia":[{"embeddable":true,"href":"https:\/\/www.helicecocinas.com\/es\/wp-json\/wp\/v2\/media\/14556"}],"wp:attachment":[{"href":"https:\/\/www.helicecocinas.com\/es\/wp-json\/wp\/v2\/media?parent=14429"}],"curies":[{"name":"wp","href":"https:\/\/api.w.org\/{rel}","templated":true}]}}