{"id":14045,"date":"2025-08-14T11:20:09","date_gmt":"2025-08-14T09:20:09","guid":{"rendered":"https:\/\/www.helicecocinas.com\/?page_id=14045"},"modified":"2025-08-14T11:27:11","modified_gmt":"2025-08-14T09:27:11","slug":"sencillez-y-modernidad-en-su-maxima-expresion","status":"publish","type":"page","link":"https:\/\/www.helicecocinas.com\/es\/sencillez-y-modernidad-en-su-maxima-expresion\/","title":{"rendered":"Sencillez y modernidad en su m\u00e1xima expresi\u00f3n"},"content":{"rendered":"\t\t<div data-elementor-type=\"wp-page\" data-elementor-id=\"14045\" class=\"elementor elementor-14045\" data-elementor-settings=\"{&quot;element_pack_global_tooltip_width&quot;:{&quot;unit&quot;:&quot;px&quot;,&quot;size&quot;:&quot;&quot;,&quot;sizes&quot;:[]},&quot;element_pack_global_tooltip_width_tablet&quot;:{&quot;unit&quot;:&quot;px&quot;,&quot;size&quot;:&quot;&quot;,&quot;sizes&quot;:[]},&quot;element_pack_global_tooltip_width_mobile&quot;:{&quot;unit&quot;:&quot;px&quot;,&quot;size&quot;:&quot;&quot;,&quot;sizes&quot;:[]},&quot;element_pack_global_tooltip_padding&quot;:{&quot;unit&quot;:&quot;px&quot;,&quot;top&quot;:&quot;&quot;,&quot;right&quot;:&quot;&quot;,&quot;bottom&quot;:&quot;&quot;,&quot;left&quot;:&quot;&quot;,&quot;isLinked&quot;:true},&quot;element_pack_global_tooltip_padding_tablet&quot;:{&quot;unit&quot;:&quot;px&quot;,&quot;top&quot;:&quot;&quot;,&quot;right&quot;:&quot;&quot;,&quot;bottom&quot;:&quot;&quot;,&quot;left&quot;:&quot;&quot;,&quot;isLinked&quot;:true},&quot;element_pack_global_tooltip_padding_mobile&quot;:{&quot;unit&quot;:&quot;px&quot;,&quot;top&quot;:&quot;&quot;,&quot;right&quot;:&quot;&quot;,&quot;bottom&quot;:&quot;&quot;,&quot;left&quot;:&quot;&quot;,&quot;isLinked&quot;:true},&quot;element_pack_global_tooltip_border_radius&quot;:{&quot;unit&quot;:&quot;px&quot;,&quot;top&quot;:&quot;&quot;,&quot;right&quot;:&quot;&quot;,&quot;bottom&quot;:&quot;&quot;,&quot;left&quot;:&quot;&quot;,&quot;isLinked&quot;:true},&quot;element_pack_global_tooltip_border_radius_tablet&quot;:{&quot;unit&quot;:&quot;px&quot;,&quot;top&quot;:&quot;&quot;,&quot;right&quot;:&quot;&quot;,&quot;bottom&quot;:&quot;&quot;,&quot;left&quot;:&quot;&quot;,&quot;isLinked&quot;:true},&quot;element_pack_global_tooltip_border_radius_mobile&quot;:{&quot;unit&quot;:&quot;px&quot;,&quot;top&quot;:&quot;&quot;,&quot;right&quot;:&quot;&quot;,&quot;bottom&quot;:&quot;&quot;,&quot;left&quot;:&quot;&quot;,&quot;isLinked&quot;:true}}\" data-elementor-post-type=\"page\">\n\t\t\t\t\t\t<section class=\"elementor-section elementor-top-section elementor-element elementor-element-b968304 elementor-section-boxed elementor-section-height-default elementor-section-height-default\" data-id=\"b968304\" data-element_type=\"section\" data-e-type=\"section\">\n\t\t\t\t\t\t<div class=\"elementor-container elementor-column-gap-default\">\n\t\t\t\t\t<div class=\"elementor-column elementor-col-100 elementor-top-column elementor-element elementor-element-2f926c3\" data-id=\"2f926c3\" data-element_type=\"column\" data-e-type=\"column\">\n\t\t\t<div class=\"elementor-widget-wrap elementor-element-populated\">\n\t\t\t\t\t\t<div class=\"elementor-element elementor-element-e915c3d elementor-widget elementor-widget-spacer\" data-id=\"e915c3d\" data-element_type=\"widget\" data-e-type=\"widget\" data-widget_type=\"spacer.default\">\n\t\t\t\t<div class=\"elementor-widget-container\">\n\t\t\t\t\t\t\t<div class=\"elementor-spacer\">\n\t\t\t<div class=\"elementor-spacer-inner\"><\/div>\n\t\t<\/div>\n\t\t\t\t\t\t<\/div>\n\t\t\t\t<\/div>\n\t\t\t\t\t<\/div>\n\t\t<\/div>\n\t\t\t\t\t<\/div>\n\t\t<\/section>\n\t\t\t\t<section class=\"elementor-section elementor-top-section elementor-element elementor-element-a2e885b elementor-section-boxed elementor-section-height-default elementor-section-height-default\" data-id=\"a2e885b\" data-element_type=\"section\" data-e-type=\"section\">\n\t\t\t\t\t\t<div class=\"elementor-container elementor-column-gap-default\">\n\t\t\t\t\t<div class=\"elementor-column elementor-col-50 elementor-top-column elementor-element elementor-element-6b762d8\" data-id=\"6b762d8\" data-element_type=\"column\" data-e-type=\"column\">\n\t\t\t<div class=\"elementor-widget-wrap elementor-element-populated\">\n\t\t\t\t\t\t<div class=\"elementor-element elementor-element-1a743fa elementor-widget elementor-widget-image\" data-id=\"1a743fa\" data-element_type=\"widget\" data-e-type=\"widget\" data-widget_type=\"image.default\">\n\t\t\t\t<div class=\"elementor-widget-container\">\n\t\t\t\t\t\t\t\t\t\t\t\t\t\t\t<img fetchpriority=\"high\" decoding=\"async\" width=\"700\" height=\"500\" src=\"https:\/\/www.helicecocinas.com\/wp-content\/uploads\/2025\/08\/Lagoons-village-laguna-rosa-r-9.jpg\" class=\"attachment-large size-large wp-image-14034\" alt=\"Sencillez y modernidad en su m\u00e1xima expresi\u00f3n\" srcset=\"https:\/\/www.helicecocinas.com\/wp-content\/uploads\/2025\/08\/Lagoons-village-laguna-rosa-r-9.jpg 700w, https:\/\/www.helicecocinas.com\/wp-content\/uploads\/2025\/08\/Lagoons-village-laguna-rosa-r-9-300x214.jpg 300w, https:\/\/www.helicecocinas.com\/wp-content\/uploads\/2025\/08\/Lagoons-village-laguna-rosa-r-9-18x12.jpg 18w\" sizes=\"(max-width: 700px) 100vw, 700px\" title=\"\">\t\t\t\t\t\t\t\t\t\t\t\t\t\t\t<\/div>\n\t\t\t\t<\/div>\n\t\t\t\t\t<\/div>\n\t\t<\/div>\n\t\t\t\t<div class=\"elementor-column elementor-col-50 elementor-top-column elementor-element elementor-element-125808c\" data-id=\"125808c\" data-element_type=\"column\" data-e-type=\"column\">\n\t\t\t<div class=\"elementor-widget-wrap elementor-element-populated\">\n\t\t\t\t\t\t<div class=\"elementor-element elementor-element-d47b7fb elementor-widget elementor-widget-spacer\" data-id=\"d47b7fb\" data-element_type=\"widget\" data-e-type=\"widget\" data-widget_type=\"spacer.default\">\n\t\t\t\t<div class=\"elementor-widget-container\">\n\t\t\t\t\t\t\t<div class=\"elementor-spacer\">\n\t\t\t<div class=\"elementor-spacer-inner\"><\/div>\n\t\t<\/div>\n\t\t\t\t\t\t<\/div>\n\t\t\t\t<\/div>\n\t\t\t\t<div class=\"elementor-element elementor-element-147a83a elementor-widget elementor-widget-text-editor\" data-id=\"147a83a\" data-element_type=\"widget\" data-e-type=\"widget\" data-widget_type=\"text-editor.default\">\n\t\t\t\t<div class=\"elementor-widget-container\">\n\t\t\t\t\t\t\t\t\t<p>Con un dise\u00f1o moderno y minimalista, esta cocina destaca por sus l\u00edneas simples y acabados en tonos neutros. La iluminaci\u00f3n suave resalta la est\u00e9tica del espacio, es el lugar perfecto para disfrutar de la cocina en su m\u00e1xima expresi\u00f3n. Un ambiente sereno, elegante y practico, donde cada rinc\u00f3n invita a ser aprovechado.\u00a0<\/p>\t\t\t\t\t\t\t\t<\/div>\n\t\t\t\t<\/div>\n\t\t\t\t\t<\/div>\n\t\t<\/div>\n\t\t\t\t\t<\/div>\n\t\t<\/section>\n\t\t\t\t<section class=\"elementor-section elementor-top-section elementor-element elementor-element-904b37c elementor-section-boxed elementor-section-height-default elementor-section-height-default\" data-id=\"904b37c\" data-element_type=\"section\" data-e-type=\"section\">\n\t\t\t\t\t\t<div class=\"elementor-container elementor-column-gap-default\">\n\t\t\t\t\t<div class=\"elementor-column elementor-col-50 elementor-top-column elementor-element elementor-element-093ce7c\" data-id=\"093ce7c\" data-element_type=\"column\" data-e-type=\"column\">\n\t\t\t<div class=\"elementor-widget-wrap elementor-element-populated\">\n\t\t\t\t\t\t<div class=\"elementor-element elementor-element-ff47dec elementor-widget elementor-widget-spacer\" data-id=\"ff47dec\" data-element_type=\"widget\" data-e-type=\"widget\" data-widget_type=\"spacer.default\">\n\t\t\t\t<div class=\"elementor-widget-container\">\n\t\t\t\t\t\t\t<div class=\"elementor-spacer\">\n\t\t\t<div class=\"elementor-spacer-inner\"><\/div>\n\t\t<\/div>\n\t\t\t\t\t\t<\/div>\n\t\t\t\t<\/div>\n\t\t\t\t<div class=\"elementor-element elementor-element-fecc0c1 elementor-widget elementor-widget-text-editor\" data-id=\"fecc0c1\" data-element_type=\"widget\" data-e-type=\"widget\" data-widget_type=\"text-editor.default\">\n\t\t\t\t<div class=\"elementor-widget-container\">\n\t\t\t\t\t\t\t\t\t<p>Esta cocina cuenta con una distribuci\u00f3n inteligente que maximiza el uso del espacio disponible. Sus amplios armarios y gavetas brindan suficiente capacidad de almacenamiento para mantener todo organizado. La superficie de trabajo est\u00e1 dise\u00f1ada para ofrecer comodidad y facilidad, ideal para quienes disfrutan cocinar con tranquilidad.<\/p>\t\t\t\t\t\t\t\t<\/div>\n\t\t\t\t<\/div>\n\t\t\t\t\t<\/div>\n\t\t<\/div>\n\t\t\t\t<div class=\"elementor-column elementor-col-50 elementor-top-column elementor-element elementor-element-0c23d61\" data-id=\"0c23d61\" data-element_type=\"column\" data-e-type=\"column\">\n\t\t\t<div class=\"elementor-widget-wrap elementor-element-populated\">\n\t\t\t\t\t\t<div class=\"elementor-element elementor-element-e1b58c2 elementor-widget elementor-widget-image\" data-id=\"e1b58c2\" data-element_type=\"widget\" data-e-type=\"widget\" data-widget_type=\"image.default\">\n\t\t\t\t<div class=\"elementor-widget-container\">\n\t\t\t\t\t\t\t\t\t\t\t\t\t\t\t<img decoding=\"async\" width=\"700\" height=\"500\" src=\"https:\/\/www.helicecocinas.com\/wp-content\/uploads\/2025\/08\/Lagoons-village-laguna-rosa-r-10.jpg\" class=\"attachment-large size-large wp-image-14035\" alt=\"Sencillez y modernidad en su m\u00e1xima expresi\u00f3n\" srcset=\"https:\/\/www.helicecocinas.com\/wp-content\/uploads\/2025\/08\/Lagoons-village-laguna-rosa-r-10.jpg 700w, https:\/\/www.helicecocinas.com\/wp-content\/uploads\/2025\/08\/Lagoons-village-laguna-rosa-r-10-300x214.jpg 300w, https:\/\/www.helicecocinas.com\/wp-content\/uploads\/2025\/08\/Lagoons-village-laguna-rosa-r-10-18x12.jpg 18w\" sizes=\"(max-width: 700px) 100vw, 700px\" title=\"\">\t\t\t\t\t\t\t\t\t\t\t\t\t\t\t<\/div>\n\t\t\t\t<\/div>\n\t\t\t\t\t<\/div>\n\t\t<\/div>\n\t\t\t\t\t<\/div>\n\t\t<\/section>\n\t\t\t\t<section class=\"elementor-section elementor-top-section elementor-element elementor-element-e8d57c1 elementor-section-boxed elementor-section-height-default elementor-section-height-default\" data-id=\"e8d57c1\" data-element_type=\"section\" data-e-type=\"section\">\n\t\t\t\t\t\t<div class=\"elementor-container elementor-column-gap-default\">\n\t\t\t\t\t<div class=\"elementor-column elementor-col-100 elementor-top-column elementor-element elementor-element-8c521bc\" data-id=\"8c521bc\" data-element_type=\"column\" data-e-type=\"column\">\n\t\t\t<div class=\"elementor-widget-wrap elementor-element-populated\">\n\t\t\t\t\t\t<div class=\"elementor-element elementor-element-cbb6a95 elementor-widget elementor-widget-spacer\" data-id=\"cbb6a95\" data-element_type=\"widget\" data-e-type=\"widget\" data-widget_type=\"spacer.default\">\n\t\t\t\t<div class=\"elementor-widget-container\">\n\t\t\t\t\t\t\t<div class=\"elementor-spacer\">\n\t\t\t<div class=\"elementor-spacer-inner\"><\/div>\n\t\t<\/div>\n\t\t\t\t\t\t<\/div>\n\t\t\t\t<\/div>\n\t\t\t\t<div class=\"elementor-element elementor-element-1378d2a elementor-widget elementor-widget-text-editor\" data-id=\"1378d2a\" data-element_type=\"widget\" data-e-type=\"widget\" data-widget_type=\"text-editor.default\">\n\t\t\t\t<div class=\"elementor-widget-container\">\n\t\t\t\t\t\t\t\t\t<p>Esta cocina es la mezcla perfecta entre simplicidad y elegancia. Con sus superficies limpias y un dise\u00f1o intuitivo, crea un ambiente relajado pero sofisticado. La iluminaci\u00f3n integrada resalta sus contornos, haciendo de este espacio un lugar ideal para quienes buscan un lugar amplio y luminoso, donde cocinar y compartir sean un verdadero placer. Cada detalle est\u00e1 pensado para combinar estilo y funcionalidad de manera perfecta.<\/p>\t\t\t\t\t\t\t\t<\/div>\n\t\t\t\t<\/div>\n\t\t\t\t<div class=\"elementor-element elementor-element-272057f elementor-widget elementor-widget-image\" data-id=\"272057f\" data-element_type=\"widget\" data-e-type=\"widget\" data-widget_type=\"image.default\">\n\t\t\t\t<div class=\"elementor-widget-container\">\n\t\t\t\t\t\t\t\t\t\t\t\t\t\t\t<img decoding=\"async\" width=\"1024\" height=\"683\" src=\"https:\/\/www.helicecocinas.com\/wp-content\/uploads\/2025\/08\/DSC_0322-1024x683.jpg\" class=\"attachment-large size-large wp-image-14036\" alt=\"\" srcset=\"https:\/\/www.helicecocinas.com\/wp-content\/uploads\/2025\/08\/DSC_0322-1024x683.jpg 1024w, https:\/\/www.helicecocinas.com\/wp-content\/uploads\/2025\/08\/DSC_0322-300x200.jpg 300w, https:\/\/www.helicecocinas.com\/wp-content\/uploads\/2025\/08\/DSC_0322-768x512.jpg 768w, https:\/\/www.helicecocinas.com\/wp-content\/uploads\/2025\/08\/DSC_0322-1536x1024.jpg 1536w, https:\/\/www.helicecocinas.com\/wp-content\/uploads\/2025\/08\/DSC_0322-2048x1365.jpg 2048w, https:\/\/www.helicecocinas.com\/wp-content\/uploads\/2025\/08\/DSC_0322-18x12.jpg 18w\" sizes=\"(max-width: 1024px) 100vw, 1024px\" title=\"\">\t\t\t\t\t\t\t\t\t\t\t\t\t\t\t<\/div>\n\t\t\t\t<\/div>\n\t\t\t\t\t<\/div>\n\t\t<\/div>\n\t\t\t\t\t<\/div>\n\t\t<\/section>\n\t\t\t\t<\/div>\n\t\t","protected":false},"excerpt":{"rendered":"<p> [&hellip;]<\/p>\n","protected":false},"author":2,"featured_media":14055,"parent":0,"menu_order":0,"comment_status":"closed","ping_status":"closed","template":"","meta":{"site-sidebar-layout":"no-sidebar","site-content-layout":"page-builder","ast-site-content-layout":"full-width-container","site-content-style":"default","site-sidebar-style":"default","ast-global-header-display":"","ast-banner-title-visibility":"","ast-main-header-display":"","ast-hfb-above-header-display":"","ast-hfb-below-header-display":"","ast-hfb-mobile-header-display":"","site-post-title":"disabled","ast-breadcrumbs-content":"disabled","ast-featured-img":"disabled","footer-sml-layout":"","theme-transparent-header-meta":"default","adv-header-id-meta":"","stick-header-meta":"default","header-above-stick-meta":"","header-main-stick-meta":"","header-below-stick-meta":"","astra-migrate-meta-layouts":"set","ast-page-background-enabled":"default","ast-page-background-meta":{"desktop":{"background-color":"","background-image":"","background-repeat":"repeat","background-position":"center center","background-size":"auto","background-attachment":"scroll","background-type":"","background-media":"","overlay-type":"","overlay-color":"","overlay-opacity":"","overlay-gradient":""},"tablet":{"background-color":"","background-image":"","background-repeat":"repeat","background-position":"center center","background-size":"auto","background-attachment":"scroll","background-type":"","background-media":"","overlay-type":"","overlay-color":"","overlay-opacity":"","overlay-gradient":""},"mobile":{"background-color":"","background-image":"","background-repeat":"repeat","background-position":"center center","background-size":"auto","background-attachment":"scroll","background-type":"","background-media":"","overlay-type":"","overlay-color":"","overlay-opacity":"","overlay-gradient":""}},"ast-content-background-meta":{"desktop":{"background-color":"var(--ast-global-color-5)","background-image":"","background-repeat":"repeat","background-position":"center center","background-size":"auto","background-attachment":"scroll","background-type":"","background-media":"","overlay-type":"","overlay-color":"","overlay-opacity":"","overlay-gradient":""},"tablet":{"background-color":"var(--ast-global-color-5)","background-image":"","background-repeat":"repeat","background-position":"center center","background-size":"auto","background-attachment":"scroll","background-type":"","background-media":"","overlay-type":"","overlay-color":"","overlay-opacity":"","overlay-gradient":""},"mobile":{"background-color":"var(--ast-global-color-5)","background-image":"","background-repeat":"repeat","background-position":"center center","background-size":"auto","background-attachment":"scroll","background-type":"","background-media":"","overlay-type":"","overlay-color":"","overlay-opacity":"","overlay-gradient":""}},"footnotes":""},"class_list":["post-14045","page","type-page","status-publish","has-post-thumbnail","hentry"],"_links":{"self":[{"href":"https:\/\/www.helicecocinas.com\/es\/wp-json\/wp\/v2\/pages\/14045","targetHints":{"allow":["GET"]}}],"collection":[{"href":"https:\/\/www.helicecocinas.com\/es\/wp-json\/wp\/v2\/pages"}],"about":[{"href":"https:\/\/www.helicecocinas.com\/es\/wp-json\/wp\/v2\/types\/page"}],"author":[{"embeddable":true,"href":"https:\/\/www.helicecocinas.com\/es\/wp-json\/wp\/v2\/users\/2"}],"replies":[{"embeddable":true,"href":"https:\/\/www.helicecocinas.com\/es\/wp-json\/wp\/v2\/comments?post=14045"}],"version-history":[{"count":0,"href":"https:\/\/www.helicecocinas.com\/es\/wp-json\/wp\/v2\/pages\/14045\/revisions"}],"wp:featuredmedia":[{"embeddable":true,"href":"https:\/\/www.helicecocinas.com\/es\/wp-json\/wp\/v2\/media\/14055"}],"wp:attachment":[{"href":"https:\/\/www.helicecocinas.com\/es\/wp-json\/wp\/v2\/media?parent=14045"}],"curies":[{"name":"wp","href":"https:\/\/api.w.org\/{rel}","templated":true}]}}