{"id":22931,"date":"2026-04-21T13:43:39","date_gmt":"2026-04-21T11:43:39","guid":{"rendered":"https:\/\/www.helicecocinas.com\/?page_id=22931"},"modified":"2026-04-21T15:36:34","modified_gmt":"2026-04-21T13:36:34","slug":"proyectos-cocina-madera-blanco-luces","status":"publish","type":"page","link":"https:\/\/www.helicecocinas.com\/en\/proyectos-cocina-madera-blanco-luces\/","title":{"rendered":"Elementor #22931"},"content":{"rendered":"<div data-elementor-type=\"wp-page\" data-elementor-id=\"22931\" class=\"elementor elementor-22931\" data-elementor-settings=\"{&quot;element_pack_global_tooltip_width&quot;:{&quot;unit&quot;:&quot;px&quot;,&quot;size&quot;:&quot;&quot;,&quot;sizes&quot;:[]},&quot;element_pack_global_tooltip_width_tablet&quot;:{&quot;unit&quot;:&quot;px&quot;,&quot;size&quot;:&quot;&quot;,&quot;sizes&quot;:[]},&quot;element_pack_global_tooltip_width_mobile&quot;:{&quot;unit&quot;:&quot;px&quot;,&quot;size&quot;:&quot;&quot;,&quot;sizes&quot;:[]},&quot;element_pack_global_tooltip_padding&quot;:{&quot;unit&quot;:&quot;px&quot;,&quot;top&quot;:&quot;&quot;,&quot;right&quot;:&quot;&quot;,&quot;bottom&quot;:&quot;&quot;,&quot;left&quot;:&quot;&quot;,&quot;isLinked&quot;:true},&quot;element_pack_global_tooltip_padding_tablet&quot;:{&quot;unit&quot;:&quot;px&quot;,&quot;top&quot;:&quot;&quot;,&quot;right&quot;:&quot;&quot;,&quot;bottom&quot;:&quot;&quot;,&quot;left&quot;:&quot;&quot;,&quot;isLinked&quot;:true},&quot;element_pack_global_tooltip_padding_mobile&quot;:{&quot;unit&quot;:&quot;px&quot;,&quot;top&quot;:&quot;&quot;,&quot;right&quot;:&quot;&quot;,&quot;bottom&quot;:&quot;&quot;,&quot;left&quot;:&quot;&quot;,&quot;isLinked&quot;:true},&quot;element_pack_global_tooltip_border_radius&quot;:{&quot;unit&quot;:&quot;px&quot;,&quot;top&quot;:&quot;&quot;,&quot;right&quot;:&quot;&quot;,&quot;bottom&quot;:&quot;&quot;,&quot;left&quot;:&quot;&quot;,&quot;isLinked&quot;:true},&quot;element_pack_global_tooltip_border_radius_tablet&quot;:{&quot;unit&quot;:&quot;px&quot;,&quot;top&quot;:&quot;&quot;,&quot;right&quot;:&quot;&quot;,&quot;bottom&quot;:&quot;&quot;,&quot;left&quot;:&quot;&quot;,&quot;isLinked&quot;:true},&quot;element_pack_global_tooltip_border_radius_mobile&quot;:{&quot;unit&quot;:&quot;px&quot;,&quot;top&quot;:&quot;&quot;,&quot;right&quot;:&quot;&quot;,&quot;bottom&quot;:&quot;&quot;,&quot;left&quot;:&quot;&quot;,&quot;isLinked&quot;:true}}\" data-elementor-post-type=\"page\">\n\t\t\t\t<div class=\"elementor-element elementor-element-357a5cf e-flex e-con-boxed e-con e-parent\" data-id=\"357a5cf\" data-element_type=\"container\" data-e-type=\"container\">\n\t\t\t\t\t<div class=\"e-con-inner\">\n\t\t\t\t<div class=\"elementor-element elementor-element-d34baa3 elementor-widget elementor-widget-spacer\" data-id=\"d34baa3\" data-element_type=\"widget\" data-e-type=\"widget\" data-widget_type=\"spacer.default\">\n\t\t\t\t<div class=\"elementor-widget-container\">\n\t\t\t\t\t\t\t<div class=\"elementor-spacer\">\n\t\t\t<div class=\"elementor-spacer-inner\"><\/div>\n\t\t<\/div>\n\t\t\t\t\t\t<\/div>\n\t\t\t\t<\/div>\n\t\t\t\t\t<\/div>\n\t\t\t\t<\/div>\n\t\t<div class=\"elementor-element elementor-element-ec0beec e-flex e-con-boxed e-con e-parent\" data-id=\"ec0beec\" data-element_type=\"container\" data-e-type=\"container\">\n\t\t\t\t\t<div class=\"e-con-inner\">\n\t\t\t\t<div class=\"elementor-element elementor-element-1111d56 elementor-widget elementor-widget-heading\" data-id=\"1111d56\" data-element_type=\"widget\" data-e-type=\"widget\" data-widget_type=\"heading.default\">\n\t\t\t\t<div class=\"elementor-widget-container\">\n\t\t\t\t\t<h3 class=\"elementor-heading-title elementor-size-default\">Dise\u00f1o de cocina: madera y blanco <\/h3>\t\t\t\t<\/div>\n\t\t\t\t<\/div>\n\t\t\t\t\t<\/div>\n\t\t\t\t<\/div>\n\t\t<div class=\"elementor-element elementor-element-807f407 e-flex e-con-boxed e-con e-parent\" data-id=\"807f407\" data-element_type=\"container\" data-e-type=\"container\">\n\t\t\t\t\t<div class=\"e-con-inner\">\n\t\t\t\t<div class=\"elementor-element elementor-element-bcec126 elementor-widget elementor-widget-spacer\" data-id=\"bcec126\" data-element_type=\"widget\" data-e-type=\"widget\" data-widget_type=\"spacer.default\">\n\t\t\t\t<div class=\"elementor-widget-container\">\n\t\t\t\t\t\t\t<div class=\"elementor-spacer\">\n\t\t\t<div class=\"elementor-spacer-inner\"><\/div>\n\t\t<\/div>\n\t\t\t\t\t\t<\/div>\n\t\t\t\t<\/div>\n\t\t\t\t\t<\/div>\n\t\t\t\t<\/div>\n\t\t<div class=\"elementor-element elementor-element-7f81b65 e-flex e-con-boxed e-con e-parent\" data-id=\"7f81b65\" data-element_type=\"container\" data-e-type=\"container\">\n\t\t\t\t\t<div class=\"e-con-inner\">\n\t\t<div class=\"elementor-element elementor-element-b0e2185 e-con-full e-flex e-con e-child\" data-id=\"b0e2185\" data-element_type=\"container\" data-e-type=\"container\">\n\t\t\t\t<div class=\"elementor-element elementor-element-e660e14 animated-slow elementor-invisible elementor-widget elementor-widget-text-editor\" data-id=\"e660e14\" data-element_type=\"widget\" data-e-type=\"widget\" data-settings=\"{&quot;_animation&quot;:&quot;fadeInUp&quot;}\" data-widget_type=\"text-editor.default\">\n\t\t\t\t<div class=\"elementor-widget-container\">\n\t\t\t\t\t\t\t\t\t<p>Una cocina que combina a la perfecci\u00f3n la calidez de la madera con la limpieza del blanco. Los armarios superiores en madrea oscura contrastan con los muebles bajos en blanco, creando un juego de contrastes que aporta personalidad y equilibrio al espacio.\u00a0<\/p>\t\t\t\t\t\t\t\t<\/div>\n\t\t\t\t<\/div>\n\t\t\t\t<\/div>\n\t\t<div class=\"elementor-element elementor-element-ab740dc e-con-full e-flex e-con e-child\" data-id=\"ab740dc\" data-element_type=\"container\" data-e-type=\"container\">\n\t\t\t\t<div class=\"elementor-element elementor-element-e86431c animated-slow elementor-invisible elementor-widget elementor-widget-image\" data-id=\"e86431c\" data-element_type=\"widget\" data-e-type=\"widget\" data-settings=\"{&quot;_animation&quot;:&quot;fadeInUp&quot;}\" data-widget_type=\"image.default\">\n\t\t\t\t<div class=\"elementor-widget-container\">\n\t\t\t\t\t\t\t\t\t\t\t\t\t\t\t<img fetchpriority=\"high\" decoding=\"async\" width=\"576\" height=\"1024\" src=\"https:\/\/www.helicecocinas.com\/wp-content\/uploads\/2026\/04\/Diseno-sin-titulo-2026-04-21T142344.588-576x1024.jpg\" class=\"attachment-large size-large wp-image-22935\" alt=\"Cocina con isla central en madera y blanco con luces colgantes y electrodom\u00e9sticos integrados\" srcset=\"https:\/\/www.helicecocinas.com\/wp-content\/uploads\/2026\/04\/Diseno-sin-titulo-2026-04-21T142344.588-576x1024.jpg 576w, https:\/\/www.helicecocinas.com\/wp-content\/uploads\/2026\/04\/Diseno-sin-titulo-2026-04-21T142344.588-169x300.jpg 169w, https:\/\/www.helicecocinas.com\/wp-content\/uploads\/2026\/04\/Diseno-sin-titulo-2026-04-21T142344.588-768x1365.jpg 768w, https:\/\/www.helicecocinas.com\/wp-content\/uploads\/2026\/04\/Diseno-sin-titulo-2026-04-21T142344.588-864x1536.jpg 864w, https:\/\/www.helicecocinas.com\/wp-content\/uploads\/2026\/04\/Diseno-sin-titulo-2026-04-21T142344.588-7x12.jpg 7w, https:\/\/www.helicecocinas.com\/wp-content\/uploads\/2026\/04\/Diseno-sin-titulo-2026-04-21T142344.588.jpg 1152w\" sizes=\"(max-width: 576px) 100vw, 576px\" title=\"\">\t\t\t\t\t\t\t\t\t\t\t\t\t\t\t<\/div>\n\t\t\t\t<\/div>\n\t\t\t\t<\/div>\n\t\t\t\t\t<\/div>\n\t\t\t\t<\/div>\n\t\t<div class=\"elementor-element elementor-element-bce04ea e-flex e-con-boxed e-con e-parent\" data-id=\"bce04ea\" data-element_type=\"container\" data-e-type=\"container\">\n\t\t\t\t\t<div class=\"e-con-inner\">\n\t\t\t\t<div class=\"elementor-element elementor-element-265a3d4 elementor-widget elementor-widget-spacer\" data-id=\"265a3d4\" data-element_type=\"widget\" data-e-type=\"widget\" data-widget_type=\"spacer.default\">\n\t\t\t\t<div class=\"elementor-widget-container\">\n\t\t\t\t\t\t\t<div class=\"elementor-spacer\">\n\t\t\t<div class=\"elementor-spacer-inner\"><\/div>\n\t\t<\/div>\n\t\t\t\t\t\t<\/div>\n\t\t\t\t<\/div>\n\t\t\t\t\t<\/div>\n\t\t\t\t<\/div>\n\t\t<div class=\"elementor-element elementor-element-4a74576 e-flex e-con-boxed e-con e-parent\" data-id=\"4a74576\" data-element_type=\"container\" data-e-type=\"container\">\n\t\t\t\t\t<div class=\"e-con-inner\">\n\t\t\t\t<div class=\"elementor-element elementor-element-8229c17 animated-slow elementor-invisible elementor-widget elementor-widget-image\" data-id=\"8229c17\" data-element_type=\"widget\" data-e-type=\"widget\" data-settings=\"{&quot;_animation&quot;:&quot;fadeInUp&quot;}\" data-widget_type=\"image.default\">\n\t\t\t\t<div class=\"elementor-widget-container\">\n\t\t\t\t\t\t\t\t\t\t\t\t\t\t\t<img decoding=\"async\" width=\"768\" height=\"1024\" src=\"https:\/\/www.helicecocinas.com\/wp-content\/uploads\/2026\/04\/Diseno-sin-titulo-2026-04-21T142737.343-768x1024.jpg\" class=\"attachment-large size-large wp-image-22936\" alt=\"Cocina con isla central en madera y blanco con luces colgantes y electrodom\u00e9sticos integrados\" srcset=\"https:\/\/www.helicecocinas.com\/wp-content\/uploads\/2026\/04\/Diseno-sin-titulo-2026-04-21T142737.343-768x1024.jpg 768w, https:\/\/www.helicecocinas.com\/wp-content\/uploads\/2026\/04\/Diseno-sin-titulo-2026-04-21T142737.343-225x300.jpg 225w, https:\/\/www.helicecocinas.com\/wp-content\/uploads\/2026\/04\/Diseno-sin-titulo-2026-04-21T142737.343-1152x1536.jpg 1152w, https:\/\/www.helicecocinas.com\/wp-content\/uploads\/2026\/04\/Diseno-sin-titulo-2026-04-21T142737.343-9x12.jpg 9w, https:\/\/www.helicecocinas.com\/wp-content\/uploads\/2026\/04\/Diseno-sin-titulo-2026-04-21T142737.343.jpg 1536w\" sizes=\"(max-width: 768px) 100vw, 768px\" title=\"\">\t\t\t\t\t\t\t\t\t\t\t\t\t\t\t<\/div>\n\t\t\t\t<\/div>\n\t\t\t\t\t<\/div>\n\t\t\t\t<\/div>\n\t\t<div class=\"elementor-element elementor-element-d0eb447 e-flex e-con-boxed e-con e-parent\" data-id=\"d0eb447\" data-element_type=\"container\" data-e-type=\"container\">\n\t\t\t\t\t<div class=\"e-con-inner\">\n\t\t<div class=\"elementor-element elementor-element-3b5f0c6 e-con-full e-flex e-con e-child\" data-id=\"3b5f0c6\" data-element_type=\"container\" data-e-type=\"container\">\n\t\t\t\t<div class=\"elementor-element elementor-element-2348e72 animated-slow elementor-invisible elementor-widget elementor-widget-text-editor\" data-id=\"2348e72\" data-element_type=\"widget\" data-e-type=\"widget\" data-settings=\"{&quot;_animation&quot;:&quot;fadeInUp&quot;}\" data-widget_type=\"text-editor.default\">\n\t\t\t\t<div class=\"elementor-widget-container\">\n\t\t\t\t\t\t\t\t\t<p>La isla central con encimera en m\u00e1rmol blanco y frentes en madera, se convierte en el verdadero coraz\u00f3n del hogar. Un espacio multifuncional que va mucho m\u00e1s all\u00e1 de cocinar. La combinaci\u00f3n de la encimera en m\u00e1rmol blanco, resistente y f\u00e1cil de limpiar.\u00a0<\/p>\t\t\t\t\t\t\t\t<\/div>\n\t\t\t\t<\/div>\n\t\t\t\t<\/div>\n\t\t\t\t\t<\/div>\n\t\t\t\t<\/div>\n\t\t<div class=\"elementor-element elementor-element-bbfbe14 e-flex e-con-boxed e-con e-parent\" data-id=\"bbfbe14\" data-element_type=\"container\" data-e-type=\"container\">\n\t\t\t\t\t<div class=\"e-con-inner\">\n\t\t<div class=\"elementor-element elementor-element-3933f84 e-con-full e-flex e-con e-child\" data-id=\"3933f84\" data-element_type=\"container\" data-e-type=\"container\">\n\t\t\t\t<div class=\"elementor-element elementor-element-6c35a42 animated-slow elementor-invisible elementor-widget elementor-widget-image\" data-id=\"6c35a42\" data-element_type=\"widget\" data-e-type=\"widget\" data-settings=\"{&quot;_animation&quot;:&quot;fadeInUp&quot;}\" data-widget_type=\"image.default\">\n\t\t\t\t<div class=\"elementor-widget-container\">\n\t\t\t\t\t\t\t\t\t\t\t\t\t\t\t<img decoding=\"async\" width=\"768\" height=\"1024\" src=\"https:\/\/www.helicecocinas.com\/wp-content\/uploads\/2026\/04\/Diseno-sin-titulo-2026-04-21T151159.480-768x1024.jpg\" class=\"attachment-large size-large wp-image-22937\" alt=\"\" srcset=\"https:\/\/www.helicecocinas.com\/wp-content\/uploads\/2026\/04\/Diseno-sin-titulo-2026-04-21T151159.480-768x1024.jpg 768w, https:\/\/www.helicecocinas.com\/wp-content\/uploads\/2026\/04\/Diseno-sin-titulo-2026-04-21T151159.480-225x300.jpg 225w, https:\/\/www.helicecocinas.com\/wp-content\/uploads\/2026\/04\/Diseno-sin-titulo-2026-04-21T151159.480-1152x1536.jpg 1152w, https:\/\/www.helicecocinas.com\/wp-content\/uploads\/2026\/04\/Diseno-sin-titulo-2026-04-21T151159.480-9x12.jpg 9w, https:\/\/www.helicecocinas.com\/wp-content\/uploads\/2026\/04\/Diseno-sin-titulo-2026-04-21T151159.480.jpg 1536w\" sizes=\"(max-width: 768px) 100vw, 768px\" title=\"\">\t\t\t\t\t\t\t\t\t\t\t\t\t\t\t<\/div>\n\t\t\t\t<\/div>\n\t\t\t\t<\/div>\n\t\t<div class=\"elementor-element elementor-element-2dc5b94 e-con-full e-flex e-con e-child\" data-id=\"2dc5b94\" data-element_type=\"container\" data-e-type=\"container\">\n\t\t\t\t<div class=\"elementor-element elementor-element-493e30b animated-slow elementor-invisible elementor-widget elementor-widget-image\" data-id=\"493e30b\" data-element_type=\"widget\" data-e-type=\"widget\" data-settings=\"{&quot;_animation&quot;:&quot;fadeInUp&quot;}\" data-widget_type=\"image.default\">\n\t\t\t\t<div class=\"elementor-widget-container\">\n\t\t\t\t\t\t\t\t\t\t\t\t\t\t\t<img loading=\"lazy\" decoding=\"async\" width=\"768\" height=\"1024\" src=\"https:\/\/www.helicecocinas.com\/wp-content\/uploads\/2026\/04\/Diseno-sin-titulo-2026-04-21T151357.449-768x1024.jpg\" class=\"attachment-large size-large wp-image-22938\" alt=\"cocina con isla en madera y blanco\" srcset=\"https:\/\/www.helicecocinas.com\/wp-content\/uploads\/2026\/04\/Diseno-sin-titulo-2026-04-21T151357.449-768x1024.jpg 768w, https:\/\/www.helicecocinas.com\/wp-content\/uploads\/2026\/04\/Diseno-sin-titulo-2026-04-21T151357.449-225x300.jpg 225w, https:\/\/www.helicecocinas.com\/wp-content\/uploads\/2026\/04\/Diseno-sin-titulo-2026-04-21T151357.449-1152x1536.jpg 1152w, https:\/\/www.helicecocinas.com\/wp-content\/uploads\/2026\/04\/Diseno-sin-titulo-2026-04-21T151357.449-9x12.jpg 9w, https:\/\/www.helicecocinas.com\/wp-content\/uploads\/2026\/04\/Diseno-sin-titulo-2026-04-21T151357.449.jpg 1536w\" sizes=\"(max-width: 768px) 100vw, 768px\" title=\"\">\t\t\t\t\t\t\t\t\t\t\t\t\t\t\t<\/div>\n\t\t\t\t<\/div>\n\t\t\t\t<\/div>\n\t\t\t\t\t<\/div>\n\t\t\t\t<\/div>\n\t\t<div class=\"elementor-element elementor-element-169c435 e-flex e-con-boxed e-con e-parent\" data-id=\"169c435\" data-element_type=\"container\" data-e-type=\"container\">\n\t\t\t\t\t<div class=\"e-con-inner\">\n\t\t<div class=\"elementor-element elementor-element-d21884b e-con-full e-flex e-con e-child\" data-id=\"d21884b\" data-element_type=\"container\" data-e-type=\"container\">\n\t\t\t\t<div class=\"elementor-element elementor-element-961ce71 animated-slow elementor-invisible elementor-widget elementor-widget-text-editor\" data-id=\"961ce71\" data-element_type=\"widget\" data-e-type=\"widget\" data-settings=\"{&quot;_animation&quot;:&quot;fadeInUp&quot;}\" data-widget_type=\"text-editor.default\">\n\t\t\t\t<div class=\"elementor-widget-container\">\n\t\t\t\t\t\t\t\t\t<p>Un espacio abierto, luminoso y acogedor donde cada elemento ha sido elegido con criterio: La madera por su calidez, el blanco por su limpieza. El resultado es una cocina con alma propia, que refleja el estilo.\u00a0<\/p>\t\t\t\t\t\t\t\t<\/div>\n\t\t\t\t<\/div>\n\t\t\t\t<\/div>\n\t\t\t\t\t<\/div>\n\t\t\t\t<\/div>\n\t\t<div class=\"elementor-element elementor-element-94ead08 e-flex e-con-boxed e-con e-parent\" data-id=\"94ead08\" data-element_type=\"container\" data-e-type=\"container\">\n\t\t\t\t\t<div class=\"e-con-inner\">\n\t\t<div class=\"elementor-element elementor-element-f8224be e-con-full e-flex e-con e-child\" data-id=\"f8224be\" data-element_type=\"container\" data-e-type=\"container\">\n\t\t\t\t<div class=\"elementor-element elementor-element-03a651a animated-slow elementor-invisible elementor-widget elementor-widget-image\" data-id=\"03a651a\" data-element_type=\"widget\" data-e-type=\"widget\" data-settings=\"{&quot;_animation&quot;:&quot;fadeInUp&quot;}\" data-widget_type=\"image.default\">\n\t\t\t\t<div class=\"elementor-widget-container\">\n\t\t\t\t\t\t\t\t\t\t\t\t\t\t\t<img loading=\"lazy\" decoding=\"async\" width=\"768\" height=\"1024\" src=\"https:\/\/www.helicecocinas.com\/wp-content\/uploads\/2026\/04\/Diseno-sin-titulo-2026-04-21T152534.494-768x1024.jpg\" class=\"attachment-large size-large wp-image-22940\" alt=\"El estilo general de la cocina\" srcset=\"https:\/\/www.helicecocinas.com\/wp-content\/uploads\/2026\/04\/Diseno-sin-titulo-2026-04-21T152534.494-768x1024.jpg 768w, https:\/\/www.helicecocinas.com\/wp-content\/uploads\/2026\/04\/Diseno-sin-titulo-2026-04-21T152534.494-225x300.jpg 225w, https:\/\/www.helicecocinas.com\/wp-content\/uploads\/2026\/04\/Diseno-sin-titulo-2026-04-21T152534.494-1152x1536.jpg 1152w, https:\/\/www.helicecocinas.com\/wp-content\/uploads\/2026\/04\/Diseno-sin-titulo-2026-04-21T152534.494-9x12.jpg 9w, https:\/\/www.helicecocinas.com\/wp-content\/uploads\/2026\/04\/Diseno-sin-titulo-2026-04-21T152534.494.jpg 1536w\" sizes=\"(max-width: 768px) 100vw, 768px\" title=\"\">\t\t\t\t\t\t\t\t\t\t\t\t\t\t\t<\/div>\n\t\t\t\t<\/div>\n\t\t\t\t<\/div>\n\t\t\t\t\t<\/div>\n\t\t\t\t<\/div>\n\t\t<div class=\"elementor-element elementor-element-284c731 e-flex e-con-boxed e-con e-parent\" data-id=\"284c731\" data-element_type=\"container\" data-e-type=\"container\">\n\t\t\t\t\t<div class=\"e-con-inner\">\n\t\t<div class=\"elementor-element elementor-element-32017a9 e-con-full e-flex e-con e-child\" data-id=\"32017a9\" data-element_type=\"container\" data-e-type=\"container\">\n\t\t\t\t<div class=\"elementor-element elementor-element-8b7ad67 animated-slow elementor-invisible elementor-widget elementor-widget-text-editor\" data-id=\"8b7ad67\" data-element_type=\"widget\" data-e-type=\"widget\" data-settings=\"{&quot;_animation&quot;:&quot;fadeInUp&quot;}\" data-widget_type=\"text-editor.default\">\n\t\t\t\t<div class=\"elementor-widget-container\">\n\t\t\t\t\t\t\t\t\t<p>Una reforma que convierte la cocina en el centro del hogar. Porque cuando se hace bien, una reforma no solo cambia el aspecto de un espacio sino la forma en que se vive.\u00a0<\/p>\t\t\t\t\t\t\t\t<\/div>\n\t\t\t\t<\/div>\n\t\t\t\t<\/div>\n\t\t\t\t\t<\/div>\n\t\t\t\t<\/div>\n\t\t<div class=\"elementor-element elementor-element-401e5f4 e-flex e-con-boxed e-con e-parent\" data-id=\"401e5f4\" data-element_type=\"container\" data-e-type=\"container\">\n\t\t\t\t\t<div class=\"e-con-inner\">\n\t\t<div class=\"elementor-element elementor-element-16adf6d e-con-full e-flex e-con e-child\" data-id=\"16adf6d\" data-element_type=\"container\" data-e-type=\"container\">\n\t\t\t\t<\/div>\n\t\t<div class=\"elementor-element elementor-element-878d608 e-con-full e-flex e-con e-child\" data-id=\"878d608\" data-element_type=\"container\" data-e-type=\"container\">\n\t\t\t\t<div class=\"elementor-element elementor-element-7dc729b animated-slow elementor-invisible elementor-widget elementor-widget-image\" data-id=\"7dc729b\" data-element_type=\"widget\" data-e-type=\"widget\" data-settings=\"{&quot;_animation&quot;:&quot;fadeInUp&quot;}\" data-widget_type=\"image.default\">\n\t\t\t\t<div class=\"elementor-widget-container\">\n\t\t\t\t\t\t\t\t\t\t\t\t\t\t\t<img loading=\"lazy\" decoding=\"async\" width=\"768\" height=\"1024\" src=\"https:\/\/www.helicecocinas.com\/wp-content\/uploads\/2026\/04\/Diseno-sin-titulo-2026-04-21T152527.486-768x1024.jpg\" class=\"attachment-large size-large wp-image-22939\" alt=\"El estilo general de la cocina\" srcset=\"https:\/\/www.helicecocinas.com\/wp-content\/uploads\/2026\/04\/Diseno-sin-titulo-2026-04-21T152527.486-768x1024.jpg 768w, https:\/\/www.helicecocinas.com\/wp-content\/uploads\/2026\/04\/Diseno-sin-titulo-2026-04-21T152527.486-225x300.jpg 225w, https:\/\/www.helicecocinas.com\/wp-content\/uploads\/2026\/04\/Diseno-sin-titulo-2026-04-21T152527.486-1152x1536.jpg 1152w, https:\/\/www.helicecocinas.com\/wp-content\/uploads\/2026\/04\/Diseno-sin-titulo-2026-04-21T152527.486-9x12.jpg 9w, https:\/\/www.helicecocinas.com\/wp-content\/uploads\/2026\/04\/Diseno-sin-titulo-2026-04-21T152527.486.jpg 1536w\" sizes=\"(max-width: 768px) 100vw, 768px\" title=\"\">\t\t\t\t\t\t\t\t\t\t\t\t\t\t\t<\/div>\n\t\t\t\t<\/div>\n\t\t\t\t<\/div>\n\t\t\t\t\t<\/div>\n\t\t\t\t<\/div>\n\t\t\t\t<\/div>","protected":false},"excerpt":{"rendered":"<p> [&hellip;]<\/p>\n","protected":false},"author":2,"featured_media":0,"parent":0,"menu_order":0,"comment_status":"closed","ping_status":"closed","template":"","meta":{"site-sidebar-layout":"no-sidebar","site-content-layout":"page-builder","ast-site-content-layout":"full-width-container","site-content-style":"default","site-sidebar-style":"default","ast-global-header-display":"","ast-banner-title-visibility":"disabled","ast-main-header-display":"","ast-hfb-above-header-display":"","ast-hfb-below-header-display":"","ast-hfb-mobile-header-display":"","site-post-title":"disabled","ast-breadcrumbs-content":"","ast-featured-img":"disabled","footer-sml-layout":"","theme-transparent-header-meta":"default","adv-header-id-meta":"6825","stick-header-meta":"default","header-above-stick-meta":"","header-main-stick-meta":"","header-below-stick-meta":"","astra-migrate-meta-layouts":"set","ast-page-background-enabled":"default","ast-page-background-meta":{"desktop":{"background-color":"","background-image":"","background-repeat":"repeat","background-position":"center center","background-size":"auto","background-attachment":"scroll","background-type":"","background-media":"","overlay-type":"","overlay-color":"","overlay-opacity":"","overlay-gradient":""},"tablet":{"background-color":"","background-image":"","background-repeat":"repeat","background-position":"center center","background-size":"auto","background-attachment":"scroll","background-type":"","background-media":"","overlay-type":"","overlay-color":"","overlay-opacity":"","overlay-gradient":""},"mobile":{"background-color":"","background-image":"","background-repeat":"repeat","background-position":"center center","background-size":"auto","background-attachment":"scroll","background-type":"","background-media":"","overlay-type":"","overlay-color":"","overlay-opacity":"","overlay-gradient":""}},"ast-content-background-meta":{"desktop":{"background-color":"var(--ast-global-color-5)","background-image":"","background-repeat":"repeat","background-position":"center center","background-size":"auto","background-attachment":"scroll","background-type":"","background-media":"","overlay-type":"","overlay-color":"","overlay-opacity":"","overlay-gradient":""},"tablet":{"background-color":"var(--ast-global-color-5)","background-image":"","background-repeat":"repeat","background-position":"center center","background-size":"auto","background-attachment":"scroll","background-type":"","background-media":"","overlay-type":"","overlay-color":"","overlay-opacity":"","overlay-gradient":""},"mobile":{"background-color":"var(--ast-global-color-5)","background-image":"","background-repeat":"repeat","background-position":"center center","background-size":"auto","background-attachment":"scroll","background-type":"","background-media":"","overlay-type":"","overlay-color":"","overlay-opacity":"","overlay-gradient":""}},"footnotes":""},"class_list":["post-22931","page","type-page","status-publish","hentry"],"_links":{"self":[{"href":"https:\/\/www.helicecocinas.com\/en\/wp-json\/wp\/v2\/pages\/22931","targetHints":{"allow":["GET"]}}],"collection":[{"href":"https:\/\/www.helicecocinas.com\/en\/wp-json\/wp\/v2\/pages"}],"about":[{"href":"https:\/\/www.helicecocinas.com\/en\/wp-json\/wp\/v2\/types\/page"}],"author":[{"embeddable":true,"href":"https:\/\/www.helicecocinas.com\/en\/wp-json\/wp\/v2\/users\/2"}],"replies":[{"embeddable":true,"href":"https:\/\/www.helicecocinas.com\/en\/wp-json\/wp\/v2\/comments?post=22931"}],"version-history":[{"count":0,"href":"https:\/\/www.helicecocinas.com\/en\/wp-json\/wp\/v2\/pages\/22931\/revisions"}],"wp:attachment":[{"href":"https:\/\/www.helicecocinas.com\/en\/wp-json\/wp\/v2\/media?parent=22931"}],"curies":[{"name":"wp","href":"https:\/\/api.w.org\/{rel}","templated":true}]}}