{"id":22905,"date":"2026-04-21T11:48:59","date_gmt":"2026-04-21T09:48:59","guid":{"rendered":"https:\/\/www.helicecocinas.com\/?page_id=22905"},"modified":"2026-04-21T13:29:16","modified_gmt":"2026-04-21T11:29:16","slug":"proyectos-cocina-isla-central-marmol-blanco-madera","status":"publish","type":"page","link":"https:\/\/www.helicecocinas.com\/en\/proyectos-cocina-isla-central-marmol-blanco-madera\/","title":{"rendered":"funcionalidad Y DISE\u00d1O"},"content":{"rendered":"<div data-elementor-type=\"wp-page\" data-elementor-id=\"22905\" class=\"elementor elementor-22905\" data-elementor-settings=\"{&quot;element_pack_global_tooltip_width&quot;:{&quot;unit&quot;:&quot;px&quot;,&quot;size&quot;:&quot;&quot;,&quot;sizes&quot;:[]},&quot;element_pack_global_tooltip_width_tablet&quot;:{&quot;unit&quot;:&quot;px&quot;,&quot;size&quot;:&quot;&quot;,&quot;sizes&quot;:[]},&quot;element_pack_global_tooltip_width_mobile&quot;:{&quot;unit&quot;:&quot;px&quot;,&quot;size&quot;:&quot;&quot;,&quot;sizes&quot;:[]},&quot;element_pack_global_tooltip_padding&quot;:{&quot;unit&quot;:&quot;px&quot;,&quot;top&quot;:&quot;&quot;,&quot;right&quot;:&quot;&quot;,&quot;bottom&quot;:&quot;&quot;,&quot;left&quot;:&quot;&quot;,&quot;isLinked&quot;:true},&quot;element_pack_global_tooltip_padding_tablet&quot;:{&quot;unit&quot;:&quot;px&quot;,&quot;top&quot;:&quot;&quot;,&quot;right&quot;:&quot;&quot;,&quot;bottom&quot;:&quot;&quot;,&quot;left&quot;:&quot;&quot;,&quot;isLinked&quot;:true},&quot;element_pack_global_tooltip_padding_mobile&quot;:{&quot;unit&quot;:&quot;px&quot;,&quot;top&quot;:&quot;&quot;,&quot;right&quot;:&quot;&quot;,&quot;bottom&quot;:&quot;&quot;,&quot;left&quot;:&quot;&quot;,&quot;isLinked&quot;:true},&quot;element_pack_global_tooltip_border_radius&quot;:{&quot;unit&quot;:&quot;px&quot;,&quot;top&quot;:&quot;&quot;,&quot;right&quot;:&quot;&quot;,&quot;bottom&quot;:&quot;&quot;,&quot;left&quot;:&quot;&quot;,&quot;isLinked&quot;:true},&quot;element_pack_global_tooltip_border_radius_tablet&quot;:{&quot;unit&quot;:&quot;px&quot;,&quot;top&quot;:&quot;&quot;,&quot;right&quot;:&quot;&quot;,&quot;bottom&quot;:&quot;&quot;,&quot;left&quot;:&quot;&quot;,&quot;isLinked&quot;:true},&quot;element_pack_global_tooltip_border_radius_mobile&quot;:{&quot;unit&quot;:&quot;px&quot;,&quot;top&quot;:&quot;&quot;,&quot;right&quot;:&quot;&quot;,&quot;bottom&quot;:&quot;&quot;,&quot;left&quot;:&quot;&quot;,&quot;isLinked&quot;:true}}\" data-elementor-post-type=\"page\">\n\t\t\t\t<div class=\"elementor-element elementor-element-6210e65 e-flex e-con-boxed e-con e-parent\" data-id=\"6210e65\" data-element_type=\"container\" data-e-type=\"container\">\n\t\t\t\t\t<div class=\"e-con-inner\">\n\t\t\t\t<div class=\"elementor-element elementor-element-aeddd58 elementor-widget elementor-widget-spacer\" data-id=\"aeddd58\" data-element_type=\"widget\" data-e-type=\"widget\" data-widget_type=\"spacer.default\">\n\t\t\t\t<div class=\"elementor-widget-container\">\n\t\t\t\t\t\t\t<div class=\"elementor-spacer\">\n\t\t\t<div class=\"elementor-spacer-inner\"><\/div>\n\t\t<\/div>\n\t\t\t\t\t\t<\/div>\n\t\t\t\t<\/div>\n\t\t\t\t\t<\/div>\n\t\t\t\t<\/div>\n\t\t<div class=\"elementor-element elementor-element-528a270 e-flex e-con-boxed e-con e-parent\" data-id=\"528a270\" data-element_type=\"container\" data-e-type=\"container\">\n\t\t\t\t\t<div class=\"e-con-inner\">\n\t\t\t\t<div class=\"elementor-element elementor-element-907b59a elementor-widget elementor-widget-heading\" data-id=\"907b59a\" data-element_type=\"widget\" data-e-type=\"widget\" data-widget_type=\"heading.default\">\n\t\t\t\t<div class=\"elementor-widget-container\">\n\t\t\t\t\t<h6 class=\"elementor-heading-title elementor-size-default\">PROYECTO MODERN KITCHEN<\/h6>\t\t\t\t<\/div>\n\t\t\t\t<\/div>\n\t\t\t\t<div class=\"elementor-element elementor-element-01669d0 elementor-widget elementor-widget-heading\" data-id=\"01669d0\" data-element_type=\"widget\" data-e-type=\"widget\" data-widget_type=\"heading.default\">\n\t\t\t\t<div class=\"elementor-widget-container\">\n\t\t\t\t\t<h3 class=\"elementor-heading-title elementor-size-default\">DISE\u00d1O DE COCINA: M\u00c1RMOL BLANCO Y MADERA<\/h3>\t\t\t\t<\/div>\n\t\t\t\t<\/div>\n\t\t\t\t\t<\/div>\n\t\t\t\t<\/div>\n\t\t<div class=\"elementor-element elementor-element-388a338 e-flex e-con-boxed e-con e-parent\" data-id=\"388a338\" data-element_type=\"container\" data-e-type=\"container\">\n\t\t\t\t\t<div class=\"e-con-inner\">\n\t\t\t\t<div class=\"elementor-element elementor-element-6f372b7 elementor-widget elementor-widget-spacer\" data-id=\"6f372b7\" data-element_type=\"widget\" data-e-type=\"widget\" data-widget_type=\"spacer.default\">\n\t\t\t\t<div class=\"elementor-widget-container\">\n\t\t\t\t\t\t\t<div class=\"elementor-spacer\">\n\t\t\t<div class=\"elementor-spacer-inner\"><\/div>\n\t\t<\/div>\n\t\t\t\t\t\t<\/div>\n\t\t\t\t<\/div>\n\t\t\t\t\t<\/div>\n\t\t\t\t<\/div>\n\t\t<div class=\"elementor-element elementor-element-64f5327 e-flex e-con-boxed e-con e-parent\" data-id=\"64f5327\" data-element_type=\"container\" data-e-type=\"container\">\n\t\t\t\t\t<div class=\"e-con-inner\">\n\t\t<div class=\"elementor-element elementor-element-f5ea1e4 e-con-full e-flex e-con e-child\" data-id=\"f5ea1e4\" data-element_type=\"container\" data-e-type=\"container\">\n\t\t\t\t<div class=\"elementor-element elementor-element-6a3537d animated-slow elementor-invisible elementor-widget elementor-widget-text-editor\" data-id=\"6a3537d\" data-element_type=\"widget\" data-e-type=\"widget\" data-settings=\"{&quot;_animation&quot;:&quot;fadeInUp&quot;}\" data-widget_type=\"text-editor.default\">\n\t\t\t\t<div class=\"elementor-widget-container\">\n\t\t\t\t\t\t\t\t\t<p>Una cocina pensada para impresionar desde el primer momento. La idla central, revestida en m\u00e1rmol blanco, se convierte en el coraz\u00f3n del espacio. Un espacio luminoso y con una presencia que eleva cualquier ambiente.\u00a0<\/p>\t\t\t\t\t\t\t\t<\/div>\n\t\t\t\t<\/div>\n\t\t\t\t<\/div>\n\t\t<div class=\"elementor-element elementor-element-f846949 e-con-full e-flex e-con e-child\" data-id=\"f846949\" data-element_type=\"container\" data-e-type=\"container\">\n\t\t\t\t<div class=\"elementor-element elementor-element-2f63c23 animated-slow elementor-invisible elementor-widget elementor-widget-image\" data-id=\"2f63c23\" data-element_type=\"widget\" data-e-type=\"widget\" data-settings=\"{&quot;_animation&quot;:&quot;fadeInUp&quot;}\" data-widget_type=\"image.default\">\n\t\t\t\t<div class=\"elementor-widget-container\">\n\t\t\t\t\t\t\t\t\t\t\t\t\t\t\t<img fetchpriority=\"high\" decoding=\"async\" width=\"576\" height=\"1024\" src=\"https:\/\/www.helicecocinas.com\/wp-content\/uploads\/2026\/04\/Diseno-sin-titulo-2026-04-21T120426.257-576x1024.jpg\" class=\"attachment-large size-large wp-image-22916\" alt=\"Reforma de cocinas con isla central en m\u00e1rmol blanco y frentes en madera\" srcset=\"https:\/\/www.helicecocinas.com\/wp-content\/uploads\/2026\/04\/Diseno-sin-titulo-2026-04-21T120426.257-576x1024.jpg 576w, https:\/\/www.helicecocinas.com\/wp-content\/uploads\/2026\/04\/Diseno-sin-titulo-2026-04-21T120426.257-169x300.jpg 169w, https:\/\/www.helicecocinas.com\/wp-content\/uploads\/2026\/04\/Diseno-sin-titulo-2026-04-21T120426.257-768x1365.jpg 768w, https:\/\/www.helicecocinas.com\/wp-content\/uploads\/2026\/04\/Diseno-sin-titulo-2026-04-21T120426.257-864x1536.jpg 864w, https:\/\/www.helicecocinas.com\/wp-content\/uploads\/2026\/04\/Diseno-sin-titulo-2026-04-21T120426.257-7x12.jpg 7w, https:\/\/www.helicecocinas.com\/wp-content\/uploads\/2026\/04\/Diseno-sin-titulo-2026-04-21T120426.257.jpg 1152w\" sizes=\"(max-width: 576px) 100vw, 576px\" title=\"\">\t\t\t\t\t\t\t\t\t\t\t\t\t\t\t<\/div>\n\t\t\t\t<\/div>\n\t\t\t\t<\/div>\n\t\t\t\t\t<\/div>\n\t\t\t\t<\/div>\n\t\t<div class=\"elementor-element elementor-element-0405c39 e-flex e-con-boxed e-con e-parent\" data-id=\"0405c39\" data-element_type=\"container\" data-e-type=\"container\">\n\t\t\t\t\t<div class=\"e-con-inner\">\n\t\t\t\t<div class=\"elementor-element elementor-element-8f7a19a elementor-widget elementor-widget-spacer\" data-id=\"8f7a19a\" data-element_type=\"widget\" data-e-type=\"widget\" data-widget_type=\"spacer.default\">\n\t\t\t\t<div class=\"elementor-widget-container\">\n\t\t\t\t\t\t\t<div class=\"elementor-spacer\">\n\t\t\t<div class=\"elementor-spacer-inner\"><\/div>\n\t\t<\/div>\n\t\t\t\t\t\t<\/div>\n\t\t\t\t<\/div>\n\t\t\t\t\t<\/div>\n\t\t\t\t<\/div>\n\t\t<div class=\"elementor-element elementor-element-81c2f89 e-flex e-con-boxed e-con e-parent\" data-id=\"81c2f89\" data-element_type=\"container\" data-e-type=\"container\">\n\t\t\t\t\t<div class=\"e-con-inner\">\n\t\t\t\t<div class=\"elementor-element elementor-element-8a58a67 animated-slow elementor-invisible elementor-widget elementor-widget-image\" data-id=\"8a58a67\" data-element_type=\"widget\" data-e-type=\"widget\" data-settings=\"{&quot;_animation&quot;:&quot;fadeInUp&quot;}\" data-widget_type=\"image.default\">\n\t\t\t\t<div class=\"elementor-widget-container\">\n\t\t\t\t\t\t\t\t\t\t\t\t\t\t\t<img decoding=\"async\" width=\"768\" height=\"1024\" src=\"https:\/\/www.helicecocinas.com\/wp-content\/uploads\/2026\/04\/Diseno-sin-titulo-2026-04-21T121752.688-768x1024.jpg\" class=\"attachment-large size-large wp-image-22917\" alt=\"\" srcset=\"https:\/\/www.helicecocinas.com\/wp-content\/uploads\/2026\/04\/Diseno-sin-titulo-2026-04-21T121752.688-768x1024.jpg 768w, https:\/\/www.helicecocinas.com\/wp-content\/uploads\/2026\/04\/Diseno-sin-titulo-2026-04-21T121752.688-225x300.jpg 225w, https:\/\/www.helicecocinas.com\/wp-content\/uploads\/2026\/04\/Diseno-sin-titulo-2026-04-21T121752.688-1152x1536.jpg 1152w, https:\/\/www.helicecocinas.com\/wp-content\/uploads\/2026\/04\/Diseno-sin-titulo-2026-04-21T121752.688-9x12.jpg 9w, https:\/\/www.helicecocinas.com\/wp-content\/uploads\/2026\/04\/Diseno-sin-titulo-2026-04-21T121752.688.jpg 1536w\" sizes=\"(max-width: 768px) 100vw, 768px\" title=\"\">\t\t\t\t\t\t\t\t\t\t\t\t\t\t\t<\/div>\n\t\t\t\t<\/div>\n\t\t\t\t\t<\/div>\n\t\t\t\t<\/div>\n\t\t<div class=\"elementor-element elementor-element-01f97ba e-flex e-con-boxed e-con e-parent\" data-id=\"01f97ba\" data-element_type=\"container\" data-e-type=\"container\">\n\t\t\t\t\t<div class=\"e-con-inner\">\n\t\t<div class=\"elementor-element elementor-element-4e3b35a e-con-full e-flex e-con e-child\" data-id=\"4e3b35a\" data-element_type=\"container\" data-e-type=\"container\">\n\t\t\t\t<div class=\"elementor-element elementor-element-dd2986d animated-slow elementor-invisible elementor-widget elementor-widget-text-editor\" data-id=\"dd2986d\" data-element_type=\"widget\" data-e-type=\"widget\" data-settings=\"{&quot;_animation&quot;:&quot;fadeInUp&quot;}\" data-widget_type=\"text-editor.default\">\n\t\t\t\t<div class=\"elementor-widget-container\">\n\t\t\t\t\t\t\t\t\t<p>Cada detalle de esta reforma integral de cocina ha sido dise\u00f1ado para combinar funcionalidad y est\u00e9tica: el grifo negro mate, las estanter\u00edas abiertas y la\u00a0 iluminaci\u00f3n completan un conjunto armonioso y sofisticado.\u00a0<\/p>\t\t\t\t\t\t\t\t<\/div>\n\t\t\t\t<\/div>\n\t\t\t\t<\/div>\n\t\t\t\t\t<\/div>\n\t\t\t\t<\/div>\n\t\t<div class=\"elementor-element elementor-element-88f0114 e-flex e-con-boxed e-con e-parent\" data-id=\"88f0114\" data-element_type=\"container\" data-e-type=\"container\">\n\t\t\t\t\t<div class=\"e-con-inner\">\n\t\t<div class=\"elementor-element elementor-element-ef15da9 e-con-full e-flex e-con e-child\" data-id=\"ef15da9\" data-element_type=\"container\" data-e-type=\"container\">\n\t\t\t\t<div class=\"elementor-element elementor-element-66a1257 animated-slow elementor-invisible elementor-widget elementor-widget-image\" data-id=\"66a1257\" data-element_type=\"widget\" data-e-type=\"widget\" data-settings=\"{&quot;_animation&quot;:&quot;fadeInUp&quot;}\" data-widget_type=\"image.default\">\n\t\t\t\t<div class=\"elementor-widget-container\">\n\t\t\t\t\t\t\t\t\t\t\t\t\t\t\t<img decoding=\"async\" width=\"768\" height=\"1024\" src=\"https:\/\/www.helicecocinas.com\/wp-content\/uploads\/2026\/04\/Diseno-sin-titulo-2026-04-21T125750.522-768x1024.jpg\" class=\"attachment-large size-large wp-image-22918\" alt=\"Isla central en m\u00e1rmol con frentes de madera\" srcset=\"https:\/\/www.helicecocinas.com\/wp-content\/uploads\/2026\/04\/Diseno-sin-titulo-2026-04-21T125750.522-768x1024.jpg 768w, https:\/\/www.helicecocinas.com\/wp-content\/uploads\/2026\/04\/Diseno-sin-titulo-2026-04-21T125750.522-225x300.jpg 225w, https:\/\/www.helicecocinas.com\/wp-content\/uploads\/2026\/04\/Diseno-sin-titulo-2026-04-21T125750.522-1152x1536.jpg 1152w, https:\/\/www.helicecocinas.com\/wp-content\/uploads\/2026\/04\/Diseno-sin-titulo-2026-04-21T125750.522-9x12.jpg 9w, https:\/\/www.helicecocinas.com\/wp-content\/uploads\/2026\/04\/Diseno-sin-titulo-2026-04-21T125750.522.jpg 1536w\" sizes=\"(max-width: 768px) 100vw, 768px\" title=\"\">\t\t\t\t\t\t\t\t\t\t\t\t\t\t\t<\/div>\n\t\t\t\t<\/div>\n\t\t\t\t<\/div>\n\t\t<div class=\"elementor-element elementor-element-eacc98b e-con-full e-flex e-con e-child\" data-id=\"eacc98b\" data-element_type=\"container\" data-e-type=\"container\">\n\t\t\t\t<div class=\"elementor-element elementor-element-0b938c0 animated-slow elementor-invisible elementor-widget elementor-widget-image\" data-id=\"0b938c0\" data-element_type=\"widget\" data-e-type=\"widget\" data-settings=\"{&quot;_animation&quot;:&quot;fadeInUp&quot;}\" data-widget_type=\"image.default\">\n\t\t\t\t<div class=\"elementor-widget-container\">\n\t\t\t\t\t\t\t\t\t\t\t\t\t\t\t<img loading=\"lazy\" decoding=\"async\" width=\"768\" height=\"1024\" src=\"https:\/\/www.helicecocinas.com\/wp-content\/uploads\/2026\/04\/Diseno-sin-titulo-2026-04-21T125855.622-768x1024.jpg\" class=\"attachment-large size-large wp-image-22919\" alt=\"\" srcset=\"https:\/\/www.helicecocinas.com\/wp-content\/uploads\/2026\/04\/Diseno-sin-titulo-2026-04-21T125855.622-768x1024.jpg 768w, https:\/\/www.helicecocinas.com\/wp-content\/uploads\/2026\/04\/Diseno-sin-titulo-2026-04-21T125855.622-225x300.jpg 225w, https:\/\/www.helicecocinas.com\/wp-content\/uploads\/2026\/04\/Diseno-sin-titulo-2026-04-21T125855.622-1152x1536.jpg 1152w, https:\/\/www.helicecocinas.com\/wp-content\/uploads\/2026\/04\/Diseno-sin-titulo-2026-04-21T125855.622-9x12.jpg 9w, https:\/\/www.helicecocinas.com\/wp-content\/uploads\/2026\/04\/Diseno-sin-titulo-2026-04-21T125855.622.jpg 1536w\" sizes=\"(max-width: 768px) 100vw, 768px\" title=\"\">\t\t\t\t\t\t\t\t\t\t\t\t\t\t\t<\/div>\n\t\t\t\t<\/div>\n\t\t\t\t<\/div>\n\t\t\t\t\t<\/div>\n\t\t\t\t<\/div>\n\t\t<div class=\"elementor-element elementor-element-a30bf94 e-flex e-con-boxed e-con e-parent\" data-id=\"a30bf94\" data-element_type=\"container\" data-e-type=\"container\">\n\t\t\t\t\t<div class=\"e-con-inner\">\n\t\t\t\t<div class=\"elementor-element elementor-element-bb000b9 elementor-widget elementor-widget-spacer\" data-id=\"bb000b9\" data-element_type=\"widget\" data-e-type=\"widget\" data-widget_type=\"spacer.default\">\n\t\t\t\t<div class=\"elementor-widget-container\">\n\t\t\t\t\t\t\t<div class=\"elementor-spacer\">\n\t\t\t<div class=\"elementor-spacer-inner\"><\/div>\n\t\t<\/div>\n\t\t\t\t\t\t<\/div>\n\t\t\t\t<\/div>\n\t\t\t\t\t<\/div>\n\t\t\t\t<\/div>\n\t\t<div class=\"elementor-element elementor-element-d643c54 e-flex e-con-boxed e-con e-parent\" data-id=\"d643c54\" data-element_type=\"container\" data-e-type=\"container\">\n\t\t\t\t\t<div class=\"e-con-inner\">\n\t\t<div class=\"elementor-element elementor-element-dd7d05c e-con-full e-flex e-con e-child\" data-id=\"dd7d05c\" data-element_type=\"container\" data-e-type=\"container\">\n\t\t\t\t<div class=\"elementor-element elementor-element-0357f97 animated-slow elementor-invisible elementor-widget elementor-widget-text-editor\" data-id=\"0357f97\" data-element_type=\"widget\" data-e-type=\"widget\" data-settings=\"{&quot;_animation&quot;:&quot;fadeInUp&quot;}\" data-widget_type=\"text-editor.default\">\n\t\t\t\t<div class=\"elementor-widget-container\">\n\t\t\t\t\t\t\t\t\t<p>La iluminaci\u00f3n de esta cocina ha sido dise\u00f1ado para potenciar cada material y crear ambientes distintos seg\u00fan el momento del d\u00eda. Las tiras LED integradas bajo las estanter\u00edas abiertas a\u00f1aden una luz c\u00e1lida y envolvente que crea profundidad y da car\u00e1cter al espacio sin sobrecargar la vista\u00a0\u00a0<\/p>\t\t\t\t\t\t\t\t<\/div>\n\t\t\t\t<\/div>\n\t\t\t\t<\/div>\n\t\t\t\t\t<\/div>\n\t\t\t\t<\/div>\n\t\t<div class=\"elementor-element elementor-element-139995c e-flex e-con-boxed e-con e-parent\" data-id=\"139995c\" data-element_type=\"container\" data-e-type=\"container\">\n\t\t\t\t\t<div class=\"e-con-inner\">\n\t\t<div class=\"elementor-element elementor-element-badc14b e-con-full e-flex e-con e-child\" data-id=\"badc14b\" data-element_type=\"container\" data-e-type=\"container\">\n\t\t\t\t<div class=\"elementor-element elementor-element-0930fc7 animated-slow elementor-invisible elementor-widget elementor-widget-image\" data-id=\"0930fc7\" data-element_type=\"widget\" data-e-type=\"widget\" data-settings=\"{&quot;_animation&quot;:&quot;fadeInUp&quot;}\" data-widget_type=\"image.default\">\n\t\t\t\t<div class=\"elementor-widget-container\">\n\t\t\t\t\t\t\t\t\t\t\t\t\t\t\t<img loading=\"lazy\" decoding=\"async\" width=\"768\" height=\"1024\" src=\"https:\/\/www.helicecocinas.com\/wp-content\/uploads\/2026\/04\/Diseno-sin-titulo-2026-04-21T131723.393-768x1024.jpg\" class=\"attachment-large size-large wp-image-22920\" alt=\"\" srcset=\"https:\/\/www.helicecocinas.com\/wp-content\/uploads\/2026\/04\/Diseno-sin-titulo-2026-04-21T131723.393-768x1024.jpg 768w, https:\/\/www.helicecocinas.com\/wp-content\/uploads\/2026\/04\/Diseno-sin-titulo-2026-04-21T131723.393-225x300.jpg 225w, https:\/\/www.helicecocinas.com\/wp-content\/uploads\/2026\/04\/Diseno-sin-titulo-2026-04-21T131723.393-1152x1536.jpg 1152w, https:\/\/www.helicecocinas.com\/wp-content\/uploads\/2026\/04\/Diseno-sin-titulo-2026-04-21T131723.393-9x12.jpg 9w, https:\/\/www.helicecocinas.com\/wp-content\/uploads\/2026\/04\/Diseno-sin-titulo-2026-04-21T131723.393.jpg 1536w\" sizes=\"(max-width: 768px) 100vw, 768px\" title=\"\">\t\t\t\t\t\t\t\t\t\t\t\t\t\t\t<\/div>\n\t\t\t\t<\/div>\n\t\t\t\t<\/div>\n\t\t<div class=\"elementor-element elementor-element-52aff55 e-con-full e-flex e-con e-child\" data-id=\"52aff55\" data-element_type=\"container\" data-e-type=\"container\">\n\t\t\t\t<\/div>\n\t\t\t\t\t<\/div>\n\t\t\t\t<\/div>\n\t\t<div class=\"elementor-element elementor-element-cd058d7 e-flex e-con-boxed e-con e-parent\" data-id=\"cd058d7\" data-element_type=\"container\" data-e-type=\"container\">\n\t\t\t\t\t<div class=\"e-con-inner\">\n\t\t<div class=\"elementor-element elementor-element-49c9167 e-con-full e-flex e-con e-child\" data-id=\"49c9167\" data-element_type=\"container\" data-e-type=\"container\">\n\t\t\t\t<div class=\"elementor-element elementor-element-663c134 animated-slow elementor-invisible elementor-widget elementor-widget-text-editor\" data-id=\"663c134\" data-element_type=\"widget\" data-e-type=\"widget\" data-settings=\"{&quot;_animation&quot;:&quot;fadeInUp&quot;}\" data-widget_type=\"text-editor.default\">\n\t\t\t\t<div class=\"elementor-widget-container\">\n\t\t\t\t\t\t\t\t\t<p>La combinaci\u00f3n de luz natural, focos y led permite regular el ambiente de la cocina en cada momento: m\u00e1s funcional , luminosa y acogedora. un detalle que marca la diferencia en el resultado final de la reforma.\u00a0<\/p>\t\t\t\t\t\t\t\t<\/div>\n\t\t\t\t<\/div>\n\t\t\t\t<\/div>\n\t\t\t\t\t<\/div>\n\t\t\t\t<\/div>\n\t\t<div class=\"elementor-element elementor-element-85fe831 e-flex e-con-boxed e-con e-parent\" data-id=\"85fe831\" data-element_type=\"container\" data-e-type=\"container\">\n\t\t\t\t\t<div class=\"e-con-inner\">\n\t\t<div class=\"elementor-element elementor-element-8f4e022 e-con-full e-flex e-con e-child\" data-id=\"8f4e022\" data-element_type=\"container\" data-e-type=\"container\">\n\t\t\t\t<\/div>\n\t\t<div class=\"elementor-element elementor-element-a4740c6 e-con-full e-flex e-con e-child\" data-id=\"a4740c6\" data-element_type=\"container\" data-e-type=\"container\">\n\t\t\t\t<div class=\"elementor-element elementor-element-2568615 animated-slow elementor-invisible elementor-widget elementor-widget-image\" data-id=\"2568615\" data-element_type=\"widget\" data-e-type=\"widget\" data-settings=\"{&quot;_animation&quot;:&quot;fadeInUp&quot;}\" data-widget_type=\"image.default\">\n\t\t\t\t<div class=\"elementor-widget-container\">\n\t\t\t\t\t\t\t\t\t\t\t\t\t\t\t<img loading=\"lazy\" decoding=\"async\" width=\"768\" height=\"1024\" src=\"https:\/\/www.helicecocinas.com\/wp-content\/uploads\/2026\/04\/Diseno-sin-titulo-2026-04-21T132744.205-768x1024.jpg\" class=\"attachment-large size-large wp-image-22921\" alt=\"Dise\u00f1o de cocina: m\u00e1rmol natural y frentes en madera\" srcset=\"https:\/\/www.helicecocinas.com\/wp-content\/uploads\/2026\/04\/Diseno-sin-titulo-2026-04-21T132744.205-768x1024.jpg 768w, https:\/\/www.helicecocinas.com\/wp-content\/uploads\/2026\/04\/Diseno-sin-titulo-2026-04-21T132744.205-225x300.jpg 225w, https:\/\/www.helicecocinas.com\/wp-content\/uploads\/2026\/04\/Diseno-sin-titulo-2026-04-21T132744.205-1152x1536.jpg 1152w, https:\/\/www.helicecocinas.com\/wp-content\/uploads\/2026\/04\/Diseno-sin-titulo-2026-04-21T132744.205-9x12.jpg 9w, https:\/\/www.helicecocinas.com\/wp-content\/uploads\/2026\/04\/Diseno-sin-titulo-2026-04-21T132744.205.jpg 1536w\" sizes=\"(max-width: 768px) 100vw, 768px\" title=\"\">\t\t\t\t\t\t\t\t\t\t\t\t\t\t\t<\/div>\n\t\t\t\t<\/div>\n\t\t\t\t<\/div>\n\t\t\t\t\t<\/div>\n\t\t\t\t<\/div>\n\t\t\t\t<\/div>","protected":false},"excerpt":{"rendered":"<p> [&hellip;]<\/p>\n","protected":false},"author":2,"featured_media":0,"parent":0,"menu_order":0,"comment_status":"closed","ping_status":"closed","template":"","meta":{"site-sidebar-layout":"no-sidebar","site-content-layout":"page-builder","ast-site-content-layout":"full-width-container","site-content-style":"default","site-sidebar-style":"default","ast-global-header-display":"","ast-banner-title-visibility":"disabled","ast-main-header-display":"","ast-hfb-above-header-display":"","ast-hfb-below-header-display":"","ast-hfb-mobile-header-display":"","site-post-title":"","ast-breadcrumbs-content":"","ast-featured-img":"disabled","footer-sml-layout":"","theme-transparent-header-meta":"default","adv-header-id-meta":"6825","stick-header-meta":"default","header-above-stick-meta":"","header-main-stick-meta":"","header-below-stick-meta":"","astra-migrate-meta-layouts":"set","ast-page-background-enabled":"default","ast-page-background-meta":{"desktop":{"background-color":"","background-image":"","background-repeat":"repeat","background-position":"center center","background-size":"auto","background-attachment":"scroll","background-type":"","background-media":"","overlay-type":"","overlay-color":"","overlay-opacity":"","overlay-gradient":""},"tablet":{"background-color":"","background-image":"","background-repeat":"repeat","background-position":"center center","background-size":"auto","background-attachment":"scroll","background-type":"","background-media":"","overlay-type":"","overlay-color":"","overlay-opacity":"","overlay-gradient":""},"mobile":{"background-color":"","background-image":"","background-repeat":"repeat","background-position":"center center","background-size":"auto","background-attachment":"scroll","background-type":"","background-media":"","overlay-type":"","overlay-color":"","overlay-opacity":"","overlay-gradient":""}},"ast-content-background-meta":{"desktop":{"background-color":"var(--ast-global-color-5)","background-image":"","background-repeat":"repeat","background-position":"center center","background-size":"auto","background-attachment":"scroll","background-type":"","background-media":"","overlay-type":"","overlay-color":"","overlay-opacity":"","overlay-gradient":""},"tablet":{"background-color":"var(--ast-global-color-5)","background-image":"","background-repeat":"repeat","background-position":"center center","background-size":"auto","background-attachment":"scroll","background-type":"","background-media":"","overlay-type":"","overlay-color":"","overlay-opacity":"","overlay-gradient":""},"mobile":{"background-color":"var(--ast-global-color-5)","background-image":"","background-repeat":"repeat","background-position":"center center","background-size":"auto","background-attachment":"scroll","background-type":"","background-media":"","overlay-type":"","overlay-color":"","overlay-opacity":"","overlay-gradient":""}},"footnotes":""},"class_list":["post-22905","page","type-page","status-publish","hentry"],"_links":{"self":[{"href":"https:\/\/www.helicecocinas.com\/en\/wp-json\/wp\/v2\/pages\/22905","targetHints":{"allow":["GET"]}}],"collection":[{"href":"https:\/\/www.helicecocinas.com\/en\/wp-json\/wp\/v2\/pages"}],"about":[{"href":"https:\/\/www.helicecocinas.com\/en\/wp-json\/wp\/v2\/types\/page"}],"author":[{"embeddable":true,"href":"https:\/\/www.helicecocinas.com\/en\/wp-json\/wp\/v2\/users\/2"}],"replies":[{"embeddable":true,"href":"https:\/\/www.helicecocinas.com\/en\/wp-json\/wp\/v2\/comments?post=22905"}],"version-history":[{"count":0,"href":"https:\/\/www.helicecocinas.com\/en\/wp-json\/wp\/v2\/pages\/22905\/revisions"}],"wp:attachment":[{"href":"https:\/\/www.helicecocinas.com\/en\/wp-json\/wp\/v2\/media?parent=22905"}],"curies":[{"name":"wp","href":"https:\/\/api.w.org\/{rel}","templated":true}]}}