{"id":22815,"date":"2026-04-20T07:41:33","date_gmt":"2026-04-20T05:41:33","guid":{"rendered":"https:\/\/www.helicecocinas.com\/?page_id=22815"},"modified":"2026-04-20T15:07:01","modified_gmt":"2026-04-20T13:07:01","slug":"cocina-de-diseno-integral","status":"publish","type":"page","link":"https:\/\/www.helicecocinas.com\/en\/cocina-de-diseno-integral\/","title":{"rendered":"azul y nogal"},"content":{"rendered":"<div data-elementor-type=\"wp-page\" data-elementor-id=\"22815\" class=\"elementor elementor-22815\" data-elementor-settings=\"{&quot;element_pack_global_tooltip_width&quot;:{&quot;unit&quot;:&quot;px&quot;,&quot;size&quot;:&quot;&quot;,&quot;sizes&quot;:[]},&quot;element_pack_global_tooltip_width_tablet&quot;:{&quot;unit&quot;:&quot;px&quot;,&quot;size&quot;:&quot;&quot;,&quot;sizes&quot;:[]},&quot;element_pack_global_tooltip_width_mobile&quot;:{&quot;unit&quot;:&quot;px&quot;,&quot;size&quot;:&quot;&quot;,&quot;sizes&quot;:[]},&quot;element_pack_global_tooltip_padding&quot;:{&quot;unit&quot;:&quot;px&quot;,&quot;top&quot;:&quot;&quot;,&quot;right&quot;:&quot;&quot;,&quot;bottom&quot;:&quot;&quot;,&quot;left&quot;:&quot;&quot;,&quot;isLinked&quot;:true},&quot;element_pack_global_tooltip_padding_tablet&quot;:{&quot;unit&quot;:&quot;px&quot;,&quot;top&quot;:&quot;&quot;,&quot;right&quot;:&quot;&quot;,&quot;bottom&quot;:&quot;&quot;,&quot;left&quot;:&quot;&quot;,&quot;isLinked&quot;:true},&quot;element_pack_global_tooltip_padding_mobile&quot;:{&quot;unit&quot;:&quot;px&quot;,&quot;top&quot;:&quot;&quot;,&quot;right&quot;:&quot;&quot;,&quot;bottom&quot;:&quot;&quot;,&quot;left&quot;:&quot;&quot;,&quot;isLinked&quot;:true},&quot;element_pack_global_tooltip_border_radius&quot;:{&quot;unit&quot;:&quot;px&quot;,&quot;top&quot;:&quot;&quot;,&quot;right&quot;:&quot;&quot;,&quot;bottom&quot;:&quot;&quot;,&quot;left&quot;:&quot;&quot;,&quot;isLinked&quot;:true},&quot;element_pack_global_tooltip_border_radius_tablet&quot;:{&quot;unit&quot;:&quot;px&quot;,&quot;top&quot;:&quot;&quot;,&quot;right&quot;:&quot;&quot;,&quot;bottom&quot;:&quot;&quot;,&quot;left&quot;:&quot;&quot;,&quot;isLinked&quot;:true},&quot;element_pack_global_tooltip_border_radius_mobile&quot;:{&quot;unit&quot;:&quot;px&quot;,&quot;top&quot;:&quot;&quot;,&quot;right&quot;:&quot;&quot;,&quot;bottom&quot;:&quot;&quot;,&quot;left&quot;:&quot;&quot;,&quot;isLinked&quot;:true}}\" data-elementor-post-type=\"page\">\n\t\t\t\t<div class=\"elementor-element elementor-element-b5aedb8 e-flex e-con-boxed e-con e-parent\" data-id=\"b5aedb8\" data-element_type=\"container\" data-e-type=\"container\">\n\t\t\t\t\t<div class=\"e-con-inner\">\n\t\t\t\t<div class=\"elementor-element elementor-element-3fa2841 elementor-widget elementor-widget-spacer\" data-id=\"3fa2841\" data-element_type=\"widget\" data-e-type=\"widget\" data-widget_type=\"spacer.default\">\n\t\t\t\t<div class=\"elementor-widget-container\">\n\t\t\t\t\t\t\t<div class=\"elementor-spacer\">\n\t\t\t<div class=\"elementor-spacer-inner\"><\/div>\n\t\t<\/div>\n\t\t\t\t\t\t<\/div>\n\t\t\t\t<\/div>\n\t\t\t\t\t<\/div>\n\t\t\t\t<\/div>\n\t\t<div class=\"elementor-element elementor-element-ac33e69 e-flex e-con-boxed e-con e-parent\" data-id=\"ac33e69\" data-element_type=\"container\" data-e-type=\"container\">\n\t\t\t\t\t<div class=\"e-con-inner\">\n\t\t\t\t<div class=\"elementor-element elementor-element-5be0378 elementor-widget elementor-widget-heading\" data-id=\"5be0378\" data-element_type=\"widget\" data-e-type=\"widget\" data-widget_type=\"heading.default\">\n\t\t\t\t<div class=\"elementor-widget-container\">\n\t\t\t\t\t<h6 class=\"elementor-heading-title elementor-size-default\">pROYECTO RIVAS SANCHEZ <\/h6>\t\t\t\t<\/div>\n\t\t\t\t<\/div>\n\t\t\t\t<div class=\"elementor-element elementor-element-08f4708 elementor-widget elementor-widget-heading\" data-id=\"08f4708\" data-element_type=\"widget\" data-e-type=\"widget\" data-widget_type=\"heading.default\">\n\t\t\t\t<div class=\"elementor-widget-container\">\n\t\t\t\t\t<h3 class=\"elementor-heading-title elementor-size-default\">COCINA DE DISE\u00d1O integral - car\u00e1cter propio <\/h3>\t\t\t\t<\/div>\n\t\t\t\t<\/div>\n\t\t\t\t\t<\/div>\n\t\t\t\t<\/div>\n\t\t<div class=\"elementor-element elementor-element-be8baaa e-flex e-con-boxed e-con e-parent\" data-id=\"be8baaa\" data-element_type=\"container\" data-e-type=\"container\">\n\t\t\t\t\t<div class=\"e-con-inner\">\n\t\t\t\t<div class=\"elementor-element elementor-element-0585744 elementor-widget elementor-widget-spacer\" data-id=\"0585744\" data-element_type=\"widget\" data-e-type=\"widget\" data-widget_type=\"spacer.default\">\n\t\t\t\t<div class=\"elementor-widget-container\">\n\t\t\t\t\t\t\t<div class=\"elementor-spacer\">\n\t\t\t<div class=\"elementor-spacer-inner\"><\/div>\n\t\t<\/div>\n\t\t\t\t\t\t<\/div>\n\t\t\t\t<\/div>\n\t\t\t\t\t<\/div>\n\t\t\t\t<\/div>\n\t\t<div class=\"elementor-element elementor-element-f1a73ec e-flex e-con-boxed e-con e-parent\" data-id=\"f1a73ec\" data-element_type=\"container\" data-e-type=\"container\">\n\t\t\t\t\t<div class=\"e-con-inner\">\n\t\t<div class=\"elementor-element elementor-element-108b07a e-con-full e-flex e-con e-child\" data-id=\"108b07a\" data-element_type=\"container\" data-e-type=\"container\">\n\t\t\t\t<div class=\"elementor-element elementor-element-5d1185e animated-slow elementor-invisible elementor-widget elementor-widget-text-editor\" data-id=\"5d1185e\" data-element_type=\"widget\" data-e-type=\"widget\" data-settings=\"{&quot;_animation&quot;:&quot;fadeInUp&quot;}\" data-widget_type=\"text-editor.default\">\n\t\t\t\t<div class=\"elementor-widget-container\">\n\t\t\t\t\t\t\t\t\t<p>Cada material fue elegido por lo que transmite, no solo por lo que resiste. La madera de nogal aporta calidez. El m\u00e1rmol, car\u00e1cter. El negro mate, contundencia. Juntos crean un espacio que no necesita presentaci\u00f3n.<\/p>\t\t\t\t\t\t\t\t<\/div>\n\t\t\t\t<\/div>\n\t\t\t\t<\/div>\n\t\t<div class=\"elementor-element elementor-element-95b340e e-con-full e-flex e-con e-child\" data-id=\"95b340e\" data-element_type=\"container\" data-e-type=\"container\">\n\t\t\t\t<div class=\"elementor-element elementor-element-f7a2d0f animated-slow elementor-invisible elementor-widget elementor-widget-image\" data-id=\"f7a2d0f\" data-element_type=\"widget\" data-e-type=\"widget\" data-settings=\"{&quot;_animation&quot;:&quot;fadeInUp&quot;}\" data-widget_type=\"image.default\">\n\t\t\t\t<div class=\"elementor-widget-container\">\n\t\t\t\t\t\t\t\t\t\t\t\t\t\t\t<img fetchpriority=\"high\" decoding=\"async\" width=\"576\" height=\"1024\" src=\"https:\/\/www.helicecocinas.com\/wp-content\/uploads\/2026\/04\/Diseno-sin-titulo-2026-04-20T082835.317-576x1024.jpg\" class=\"attachment-large size-large wp-image-22822\" alt=\"COCINA NOGAL\" srcset=\"https:\/\/www.helicecocinas.com\/wp-content\/uploads\/2026\/04\/Diseno-sin-titulo-2026-04-20T082835.317-576x1024.jpg 576w, https:\/\/www.helicecocinas.com\/wp-content\/uploads\/2026\/04\/Diseno-sin-titulo-2026-04-20T082835.317-169x300.jpg 169w, https:\/\/www.helicecocinas.com\/wp-content\/uploads\/2026\/04\/Diseno-sin-titulo-2026-04-20T082835.317-768x1365.jpg 768w, https:\/\/www.helicecocinas.com\/wp-content\/uploads\/2026\/04\/Diseno-sin-titulo-2026-04-20T082835.317-864x1536.jpg 864w, https:\/\/www.helicecocinas.com\/wp-content\/uploads\/2026\/04\/Diseno-sin-titulo-2026-04-20T082835.317-7x12.jpg 7w, https:\/\/www.helicecocinas.com\/wp-content\/uploads\/2026\/04\/Diseno-sin-titulo-2026-04-20T082835.317.jpg 1152w\" sizes=\"(max-width: 576px) 100vw, 576px\" title=\"\">\t\t\t\t\t\t\t\t\t\t\t\t\t\t\t<\/div>\n\t\t\t\t<\/div>\n\t\t\t\t<\/div>\n\t\t\t\t\t<\/div>\n\t\t\t\t<\/div>\n\t\t<div class=\"elementor-element elementor-element-7cb3484 e-flex e-con-boxed e-con e-parent\" data-id=\"7cb3484\" data-element_type=\"container\" data-e-type=\"container\">\n\t\t\t\t\t<div class=\"e-con-inner\">\n\t\t\t\t<div class=\"elementor-element elementor-element-56d00b0 elementor-widget elementor-widget-spacer\" data-id=\"56d00b0\" data-element_type=\"widget\" data-e-type=\"widget\" data-widget_type=\"spacer.default\">\n\t\t\t\t<div class=\"elementor-widget-container\">\n\t\t\t\t\t\t\t<div class=\"elementor-spacer\">\n\t\t\t<div class=\"elementor-spacer-inner\"><\/div>\n\t\t<\/div>\n\t\t\t\t\t\t<\/div>\n\t\t\t\t<\/div>\n\t\t\t\t\t<\/div>\n\t\t\t\t<\/div>\n\t\t<div class=\"elementor-element elementor-element-1f22eee e-flex e-con-boxed e-con e-parent\" data-id=\"1f22eee\" data-element_type=\"container\" data-e-type=\"container\">\n\t\t\t\t\t<div class=\"e-con-inner\">\n\t\t\t\t<div class=\"elementor-element elementor-element-b5ece23 animated-slow elementor-invisible elementor-widget elementor-widget-image\" data-id=\"b5ece23\" data-element_type=\"widget\" data-e-type=\"widget\" data-settings=\"{&quot;_animation&quot;:&quot;fadeInUp&quot;}\" data-widget_type=\"image.default\">\n\t\t\t\t<div class=\"elementor-widget-container\">\n\t\t\t\t\t\t\t\t\t\t\t\t\t\t\t<img decoding=\"async\" width=\"1024\" height=\"682\" src=\"https:\/\/www.helicecocinas.com\/wp-content\/uploads\/2026\/04\/Diseno-sin-titulo-2026-04-20T103132.587-1024x682.jpg\" class=\"attachment-large size-large wp-image-22825\" alt=\"\" srcset=\"https:\/\/www.helicecocinas.com\/wp-content\/uploads\/2026\/04\/Diseno-sin-titulo-2026-04-20T103132.587-1024x682.jpg 1024w, https:\/\/www.helicecocinas.com\/wp-content\/uploads\/2026\/04\/Diseno-sin-titulo-2026-04-20T103132.587-300x200.jpg 300w, https:\/\/www.helicecocinas.com\/wp-content\/uploads\/2026\/04\/Diseno-sin-titulo-2026-04-20T103132.587-768x512.jpg 768w, https:\/\/www.helicecocinas.com\/wp-content\/uploads\/2026\/04\/Diseno-sin-titulo-2026-04-20T103132.587-1536x1024.jpg 1536w, https:\/\/www.helicecocinas.com\/wp-content\/uploads\/2026\/04\/Diseno-sin-titulo-2026-04-20T103132.587-18x12.jpg 18w, https:\/\/www.helicecocinas.com\/wp-content\/uploads\/2026\/04\/Diseno-sin-titulo-2026-04-20T103132.587.jpg 2000w\" sizes=\"(max-width: 1024px) 100vw, 1024px\" title=\"\">\t\t\t\t\t\t\t\t\t\t\t\t\t\t\t<\/div>\n\t\t\t\t<\/div>\n\t\t\t\t\t<\/div>\n\t\t\t\t<\/div>\n\t\t<div class=\"elementor-element elementor-element-06370a3 e-flex e-con-boxed e-con e-parent\" data-id=\"06370a3\" data-element_type=\"container\" data-e-type=\"container\">\n\t\t\t\t\t<div class=\"e-con-inner\">\n\t\t\t\t<div class=\"elementor-element elementor-element-ace98f3 elementor-widget elementor-widget-spacer\" data-id=\"ace98f3\" data-element_type=\"widget\" data-e-type=\"widget\" data-widget_type=\"spacer.default\">\n\t\t\t\t<div class=\"elementor-widget-container\">\n\t\t\t\t\t\t\t<div class=\"elementor-spacer\">\n\t\t\t<div class=\"elementor-spacer-inner\"><\/div>\n\t\t<\/div>\n\t\t\t\t\t\t<\/div>\n\t\t\t\t<\/div>\n\t\t\t\t\t<\/div>\n\t\t\t\t<\/div>\n\t\t<div class=\"elementor-element elementor-element-89fc934 e-flex e-con-boxed e-con e-parent\" data-id=\"89fc934\" data-element_type=\"container\" data-e-type=\"container\">\n\t\t\t\t\t<div class=\"e-con-inner\">\n\t\t<div class=\"elementor-element elementor-element-7e33b57 e-con-full e-flex e-con e-child\" data-id=\"7e33b57\" data-element_type=\"container\" data-e-type=\"container\">\n\t\t\t\t<div class=\"elementor-element elementor-element-7d91829 animated-slow elementor-invisible elementor-widget elementor-widget-text-editor\" data-id=\"7d91829\" data-element_type=\"widget\" data-e-type=\"widget\" data-settings=\"{&quot;_animation&quot;:&quot;fadeInUp&quot;}\" data-widget_type=\"text-editor.default\">\n\t\t\t\t<div class=\"elementor-widget-container\">\n\t\t\t\t\t\t\t\t\t<p>La isla que combina una superficie e tonos claros con un frente de madera, logrando un equilibrio entre luminosidad y calidez que define el car\u00e1cter de toda la cocina. El resultado es elegante y atemporal, un espacio que invita al uso diario sin renunciar a un acabado impecable.\u00a0<\/p>\t\t\t\t\t\t\t\t<\/div>\n\t\t\t\t<\/div>\n\t\t\t\t<\/div>\n\t\t\t\t\t<\/div>\n\t\t\t\t<\/div>\n\t\t<div class=\"elementor-element elementor-element-9684769 e-flex e-con-boxed e-con e-parent\" data-id=\"9684769\" data-element_type=\"container\" data-e-type=\"container\">\n\t\t\t\t\t<div class=\"e-con-inner\">\n\t\t\t\t<div class=\"elementor-element elementor-element-bf0d4d1 animated-slow elementor-invisible elementor-widget elementor-widget-image\" data-id=\"bf0d4d1\" data-element_type=\"widget\" data-e-type=\"widget\" data-settings=\"{&quot;_animation&quot;:&quot;fadeInUp&quot;}\" data-widget_type=\"image.default\">\n\t\t\t\t<div class=\"elementor-widget-container\">\n\t\t\t\t\t\t\t\t\t\t\t\t\t\t\t<img decoding=\"async\" width=\"768\" height=\"1024\" src=\"https:\/\/www.helicecocinas.com\/wp-content\/uploads\/2026\/04\/Diseno-sin-titulo-2026-04-20T103412.252-768x1024.jpg\" class=\"attachment-large size-large wp-image-22826\" alt=\"\" srcset=\"https:\/\/www.helicecocinas.com\/wp-content\/uploads\/2026\/04\/Diseno-sin-titulo-2026-04-20T103412.252-768x1024.jpg 768w, https:\/\/www.helicecocinas.com\/wp-content\/uploads\/2026\/04\/Diseno-sin-titulo-2026-04-20T103412.252-225x300.jpg 225w, https:\/\/www.helicecocinas.com\/wp-content\/uploads\/2026\/04\/Diseno-sin-titulo-2026-04-20T103412.252-1152x1536.jpg 1152w, https:\/\/www.helicecocinas.com\/wp-content\/uploads\/2026\/04\/Diseno-sin-titulo-2026-04-20T103412.252-9x12.jpg 9w, https:\/\/www.helicecocinas.com\/wp-content\/uploads\/2026\/04\/Diseno-sin-titulo-2026-04-20T103412.252.jpg 1536w\" sizes=\"(max-width: 768px) 100vw, 768px\" title=\"\">\t\t\t\t\t\t\t\t\t\t\t\t\t\t\t<\/div>\n\t\t\t\t<\/div>\n\t\t\t\t\t<\/div>\n\t\t\t\t<\/div>\n\t\t<div class=\"elementor-element elementor-element-1303c0e e-flex e-con-boxed e-con e-parent\" data-id=\"1303c0e\" data-element_type=\"container\" data-e-type=\"container\">\n\t\t\t\t\t<div class=\"e-con-inner\">\n\t\t\t\t<div class=\"elementor-element elementor-element-39a351c elementor-widget elementor-widget-spacer\" data-id=\"39a351c\" data-element_type=\"widget\" data-e-type=\"widget\" data-widget_type=\"spacer.default\">\n\t\t\t\t<div class=\"elementor-widget-container\">\n\t\t\t\t\t\t\t<div class=\"elementor-spacer\">\n\t\t\t<div class=\"elementor-spacer-inner\"><\/div>\n\t\t<\/div>\n\t\t\t\t\t\t<\/div>\n\t\t\t\t<\/div>\n\t\t\t\t\t<\/div>\n\t\t\t\t<\/div>\n\t\t<div class=\"elementor-element elementor-element-6e60afc e-flex e-con-boxed e-con e-parent\" data-id=\"6e60afc\" data-element_type=\"container\" data-e-type=\"container\">\n\t\t\t\t\t<div class=\"e-con-inner\">\n\t\t<div class=\"elementor-element elementor-element-67c15fe e-con-full e-flex e-con e-child\" data-id=\"67c15fe\" data-element_type=\"container\" data-e-type=\"container\">\n\t\t\t\t<div class=\"elementor-element elementor-element-8180c46 animated-slow elementor-invisible elementor-widget elementor-widget-image\" data-id=\"8180c46\" data-element_type=\"widget\" data-e-type=\"widget\" data-settings=\"{&quot;_animation&quot;:&quot;fadeInUp&quot;}\" data-widget_type=\"image.default\">\n\t\t\t\t<div class=\"elementor-widget-container\">\n\t\t\t\t\t\t\t\t\t\t\t\t\t\t\t<img loading=\"lazy\" decoding=\"async\" width=\"768\" height=\"1024\" src=\"https:\/\/www.helicecocinas.com\/wp-content\/uploads\/2026\/04\/Diseno-sin-titulo-2026-04-20T103627.492-768x1024.jpg\" class=\"attachment-large size-large wp-image-22828\" alt=\"cocina con isla\" srcset=\"https:\/\/www.helicecocinas.com\/wp-content\/uploads\/2026\/04\/Diseno-sin-titulo-2026-04-20T103627.492-768x1024.jpg 768w, https:\/\/www.helicecocinas.com\/wp-content\/uploads\/2026\/04\/Diseno-sin-titulo-2026-04-20T103627.492-225x300.jpg 225w, https:\/\/www.helicecocinas.com\/wp-content\/uploads\/2026\/04\/Diseno-sin-titulo-2026-04-20T103627.492-1152x1536.jpg 1152w, https:\/\/www.helicecocinas.com\/wp-content\/uploads\/2026\/04\/Diseno-sin-titulo-2026-04-20T103627.492-9x12.jpg 9w, https:\/\/www.helicecocinas.com\/wp-content\/uploads\/2026\/04\/Diseno-sin-titulo-2026-04-20T103627.492.jpg 1536w\" sizes=\"(max-width: 768px) 100vw, 768px\" title=\"\">\t\t\t\t\t\t\t\t\t\t\t\t\t\t\t<\/div>\n\t\t\t\t<\/div>\n\t\t\t\t<\/div>\n\t\t<div class=\"elementor-element elementor-element-d189197 e-con-full e-flex e-con e-child\" data-id=\"d189197\" data-element_type=\"container\" data-e-type=\"container\">\n\t\t\t\t<div class=\"elementor-element elementor-element-34d2a98 animated-slow elementor-invisible elementor-widget elementor-widget-image\" data-id=\"34d2a98\" data-element_type=\"widget\" data-e-type=\"widget\" data-settings=\"{&quot;_animation&quot;:&quot;fadeInUp&quot;}\" data-widget_type=\"image.default\">\n\t\t\t\t<div class=\"elementor-widget-container\">\n\t\t\t\t\t\t\t\t\t\t\t\t\t\t\t<img loading=\"lazy\" decoding=\"async\" width=\"768\" height=\"1024\" src=\"https:\/\/www.helicecocinas.com\/wp-content\/uploads\/2026\/04\/Diseno-sin-titulo-2026-04-20T103608.375-768x1024.jpg\" class=\"attachment-large size-large wp-image-22827\" alt=\"cocina con isla\" srcset=\"https:\/\/www.helicecocinas.com\/wp-content\/uploads\/2026\/04\/Diseno-sin-titulo-2026-04-20T103608.375-768x1024.jpg 768w, https:\/\/www.helicecocinas.com\/wp-content\/uploads\/2026\/04\/Diseno-sin-titulo-2026-04-20T103608.375-225x300.jpg 225w, https:\/\/www.helicecocinas.com\/wp-content\/uploads\/2026\/04\/Diseno-sin-titulo-2026-04-20T103608.375-1152x1536.jpg 1152w, https:\/\/www.helicecocinas.com\/wp-content\/uploads\/2026\/04\/Diseno-sin-titulo-2026-04-20T103608.375-9x12.jpg 9w, https:\/\/www.helicecocinas.com\/wp-content\/uploads\/2026\/04\/Diseno-sin-titulo-2026-04-20T103608.375.jpg 1536w\" sizes=\"(max-width: 768px) 100vw, 768px\" title=\"\">\t\t\t\t\t\t\t\t\t\t\t\t\t\t\t<\/div>\n\t\t\t\t<\/div>\n\t\t\t\t<\/div>\n\t\t\t\t\t<\/div>\n\t\t\t\t<\/div>\n\t\t<div class=\"elementor-element elementor-element-559471b e-flex e-con-boxed e-con e-parent\" data-id=\"559471b\" data-element_type=\"container\" data-e-type=\"container\">\n\t\t\t\t\t<div class=\"e-con-inner\">\n\t\t<div class=\"elementor-element elementor-element-3084c48 e-con-full e-flex e-con e-child\" data-id=\"3084c48\" data-element_type=\"container\" data-e-type=\"container\">\n\t\t\t\t<div class=\"elementor-element elementor-element-9c00688 elementor-invisible elementor-widget elementor-widget-text-editor\" data-id=\"9c00688\" data-element_type=\"widget\" data-e-type=\"widget\" data-settings=\"{&quot;_animation&quot;:&quot;fadeInUp&quot;}\" data-widget_type=\"text-editor.default\">\n\t\t\t\t<div class=\"elementor-widget-container\">\n\t\t\t\t\t\t\t\t\t<p>La iluminaci\u00f3n completa el ambiente con naturalidad. Puntos de luz estrat\u00e9gicamente distribuidos, colgantes de l\u00ednea fina y luz indirecta que acompa\u00f1a sin protagonismos. Un sistemas pensado para que la cocina luzca igual de bien a cualquier hora del d\u00eda.\u00a0<\/p>\t\t\t\t\t\t\t\t<\/div>\n\t\t\t\t<\/div>\n\t\t\t\t<div class=\"elementor-element elementor-element-a641037 animated-slow elementor-invisible elementor-widget elementor-widget-text-editor\" data-id=\"a641037\" data-element_type=\"widget\" data-e-type=\"widget\" data-settings=\"{&quot;_animation&quot;:&quot;fadeInUp&quot;}\" data-widget_type=\"text-editor.default\">\n\t\t\t\t<div class=\"elementor-widget-container\">\n\t\t\t\t\t\t\t\t\t<p>Un proyecto pensado en los detalles para que el conjunto sea perfecto.\u00a0<\/p>\t\t\t\t\t\t\t\t<\/div>\n\t\t\t\t<\/div>\n\t\t\t\t<\/div>\n\t\t\t\t\t<\/div>\n\t\t\t\t<\/div>\n\t\t<div class=\"elementor-element elementor-element-7300142 e-flex e-con-boxed e-con e-parent\" data-id=\"7300142\" data-element_type=\"container\" data-e-type=\"container\">\n\t\t\t\t\t<div class=\"e-con-inner\">\n\t\t<div class=\"elementor-element elementor-element-6a98b74 e-con-full e-flex e-con e-child\" data-id=\"6a98b74\" data-element_type=\"container\" data-e-type=\"container\">\n\t\t\t\t<\/div>\n\t\t<div class=\"elementor-element elementor-element-33d03a0 e-con-full e-flex e-con e-child\" data-id=\"33d03a0\" data-element_type=\"container\" data-e-type=\"container\">\n\t\t\t\t<div class=\"elementor-element elementor-element-eda138c animated-slow elementor-invisible elementor-widget elementor-widget-image\" data-id=\"eda138c\" data-element_type=\"widget\" data-e-type=\"widget\" data-settings=\"{&quot;_animation&quot;:&quot;fadeInUp&quot;}\" data-widget_type=\"image.default\">\n\t\t\t\t<div class=\"elementor-widget-container\">\n\t\t\t\t\t\t\t\t\t\t\t\t\t\t\t<img loading=\"lazy\" decoding=\"async\" width=\"682\" height=\"1024\" src=\"https:\/\/www.helicecocinas.com\/wp-content\/uploads\/2026\/04\/Diseno-sin-titulo-2026-04-20T105437.463-682x1024.jpg\" class=\"attachment-large size-large wp-image-22829\" alt=\"proyecto cocina minimalista\" srcset=\"https:\/\/www.helicecocinas.com\/wp-content\/uploads\/2026\/04\/Diseno-sin-titulo-2026-04-20T105437.463-682x1024.jpg 682w, https:\/\/www.helicecocinas.com\/wp-content\/uploads\/2026\/04\/Diseno-sin-titulo-2026-04-20T105437.463-200x300.jpg 200w, https:\/\/www.helicecocinas.com\/wp-content\/uploads\/2026\/04\/Diseno-sin-titulo-2026-04-20T105437.463-768x1152.jpg 768w, https:\/\/www.helicecocinas.com\/wp-content\/uploads\/2026\/04\/Diseno-sin-titulo-2026-04-20T105437.463-1024x1536.jpg 1024w, https:\/\/www.helicecocinas.com\/wp-content\/uploads\/2026\/04\/Diseno-sin-titulo-2026-04-20T105437.463-8x12.jpg 8w, https:\/\/www.helicecocinas.com\/wp-content\/uploads\/2026\/04\/Diseno-sin-titulo-2026-04-20T105437.463.jpg 1333w\" sizes=\"(max-width: 682px) 100vw, 682px\" title=\"\">\t\t\t\t\t\t\t\t\t\t\t\t\t\t\t<\/div>\n\t\t\t\t<\/div>\n\t\t\t\t<\/div>\n\t\t\t\t\t<\/div>\n\t\t\t\t<\/div>\n\t\t<div class=\"elementor-element elementor-element-e0fc697 e-flex e-con-boxed e-con e-parent\" data-id=\"e0fc697\" data-element_type=\"container\" data-e-type=\"container\">\n\t\t\t\t\t<div class=\"e-con-inner\">\n\t\t\t\t<div class=\"elementor-element elementor-element-32ec14c elementor-widget elementor-widget-spacer\" data-id=\"32ec14c\" data-element_type=\"widget\" data-e-type=\"widget\" data-widget_type=\"spacer.default\">\n\t\t\t\t<div class=\"elementor-widget-container\">\n\t\t\t\t\t\t\t<div class=\"elementor-spacer\">\n\t\t\t<div class=\"elementor-spacer-inner\"><\/div>\n\t\t<\/div>\n\t\t\t\t\t\t<\/div>\n\t\t\t\t<\/div>\n\t\t\t\t\t<\/div>\n\t\t\t\t<\/div>\n\t\t<div class=\"elementor-element elementor-element-6d02c52 e-flex e-con-boxed e-con e-parent\" data-id=\"6d02c52\" data-element_type=\"container\" data-e-type=\"container\">\n\t\t\t\t\t<div class=\"e-con-inner\">\n\t\t\t\t<div class=\"elementor-element elementor-element-a5ba88d elementor-widget elementor-widget-text-editor\" data-id=\"a5ba88d\" data-element_type=\"widget\" data-e-type=\"widget\" data-widget_type=\"text-editor.default\">\n\t\t\t\t<div class=\"elementor-widget-container\">\n\t\t\t\t\t\t\t\t\t<p style=\"text-align: center;\"><a href=\"https:\/\/www.helicecocinas.com\/en\/ver-mas-proyectos\/\"><span style=\"text-decoration: underline;\">Ver m\u00e1s proyectos\u00a0<\/span><\/a><\/p>\t\t\t\t\t\t\t\t<\/div>\n\t\t\t\t<\/div>\n\t\t\t\t\t<\/div>\n\t\t\t\t<\/div>\n\t\t\t\t<\/div>","protected":false},"excerpt":{"rendered":"<p> [&hellip;]<\/p>\n","protected":false},"author":2,"featured_media":0,"parent":0,"menu_order":0,"comment_status":"closed","ping_status":"closed","template":"","meta":{"site-sidebar-layout":"no-sidebar","site-content-layout":"page-builder","ast-site-content-layout":"full-width-container","site-content-style":"default","site-sidebar-style":"default","ast-global-header-display":"","ast-banner-title-visibility":"disabled","ast-main-header-display":"","ast-hfb-above-header-display":"","ast-hfb-below-header-display":"","ast-hfb-mobile-header-display":"","site-post-title":"","ast-breadcrumbs-content":"","ast-featured-img":"disabled","footer-sml-layout":"","theme-transparent-header-meta":"default","adv-header-id-meta":"6825","stick-header-meta":"default","header-above-stick-meta":"","header-main-stick-meta":"","header-below-stick-meta":"","astra-migrate-meta-layouts":"set","ast-page-background-enabled":"default","ast-page-background-meta":{"desktop":{"background-color":"","background-image":"","background-repeat":"repeat","background-position":"center center","background-size":"auto","background-attachment":"scroll","background-type":"","background-media":"","overlay-type":"","overlay-color":"","overlay-opacity":"","overlay-gradient":""},"tablet":{"background-color":"","background-image":"","background-repeat":"repeat","background-position":"center center","background-size":"auto","background-attachment":"scroll","background-type":"","background-media":"","overlay-type":"","overlay-color":"","overlay-opacity":"","overlay-gradient":""},"mobile":{"background-color":"","background-image":"","background-repeat":"repeat","background-position":"center center","background-size":"auto","background-attachment":"scroll","background-type":"","background-media":"","overlay-type":"","overlay-color":"","overlay-opacity":"","overlay-gradient":""}},"ast-content-background-meta":{"desktop":{"background-color":"var(--ast-global-color-5)","background-image":"","background-repeat":"repeat","background-position":"center center","background-size":"auto","background-attachment":"scroll","background-type":"","background-media":"","overlay-type":"","overlay-color":"","overlay-opacity":"","overlay-gradient":""},"tablet":{"background-color":"var(--ast-global-color-5)","background-image":"","background-repeat":"repeat","background-position":"center center","background-size":"auto","background-attachment":"scroll","background-type":"","background-media":"","overlay-type":"","overlay-color":"","overlay-opacity":"","overlay-gradient":""},"mobile":{"background-color":"var(--ast-global-color-5)","background-image":"","background-repeat":"repeat","background-position":"center center","background-size":"auto","background-attachment":"scroll","background-type":"","background-media":"","overlay-type":"","overlay-color":"","overlay-opacity":"","overlay-gradient":""}},"footnotes":""},"class_list":["post-22815","page","type-page","status-publish","hentry"],"_links":{"self":[{"href":"https:\/\/www.helicecocinas.com\/en\/wp-json\/wp\/v2\/pages\/22815","targetHints":{"allow":["GET"]}}],"collection":[{"href":"https:\/\/www.helicecocinas.com\/en\/wp-json\/wp\/v2\/pages"}],"about":[{"href":"https:\/\/www.helicecocinas.com\/en\/wp-json\/wp\/v2\/types\/page"}],"author":[{"embeddable":true,"href":"https:\/\/www.helicecocinas.com\/en\/wp-json\/wp\/v2\/users\/2"}],"replies":[{"embeddable":true,"href":"https:\/\/www.helicecocinas.com\/en\/wp-json\/wp\/v2\/comments?post=22815"}],"version-history":[{"count":0,"href":"https:\/\/www.helicecocinas.com\/en\/wp-json\/wp\/v2\/pages\/22815\/revisions"}],"wp:attachment":[{"href":"https:\/\/www.helicecocinas.com\/en\/wp-json\/wp\/v2\/media?parent=22815"}],"curies":[{"name":"wp","href":"https:\/\/api.w.org\/{rel}","templated":true}]}}