{"id":14498,"date":"2025-10-08T07:11:36","date_gmt":"2025-10-08T05:11:36","guid":{"rendered":"https:\/\/www.helicecocinas.com\/?page_id=14498"},"modified":"2025-10-08T08:03:50","modified_gmt":"2025-10-08T06:03:50","slug":"showcooking-sabor-e-innovacion","status":"publish","type":"page","link":"https:\/\/www.helicecocinas.com\/en\/showcooking-sabor-e-innovacion\/","title":{"rendered":"Showcooking: sabor e innovaci\u00f3n"},"content":{"rendered":"<div data-elementor-type=\"wp-page\" data-elementor-id=\"14498\" class=\"elementor elementor-14498\" data-elementor-settings=\"{&quot;element_pack_global_tooltip_width&quot;:{&quot;unit&quot;:&quot;px&quot;,&quot;size&quot;:&quot;&quot;,&quot;sizes&quot;:[]},&quot;element_pack_global_tooltip_width_tablet&quot;:{&quot;unit&quot;:&quot;px&quot;,&quot;size&quot;:&quot;&quot;,&quot;sizes&quot;:[]},&quot;element_pack_global_tooltip_width_mobile&quot;:{&quot;unit&quot;:&quot;px&quot;,&quot;size&quot;:&quot;&quot;,&quot;sizes&quot;:[]},&quot;element_pack_global_tooltip_padding&quot;:{&quot;unit&quot;:&quot;px&quot;,&quot;top&quot;:&quot;&quot;,&quot;right&quot;:&quot;&quot;,&quot;bottom&quot;:&quot;&quot;,&quot;left&quot;:&quot;&quot;,&quot;isLinked&quot;:true},&quot;element_pack_global_tooltip_padding_tablet&quot;:{&quot;unit&quot;:&quot;px&quot;,&quot;top&quot;:&quot;&quot;,&quot;right&quot;:&quot;&quot;,&quot;bottom&quot;:&quot;&quot;,&quot;left&quot;:&quot;&quot;,&quot;isLinked&quot;:true},&quot;element_pack_global_tooltip_padding_mobile&quot;:{&quot;unit&quot;:&quot;px&quot;,&quot;top&quot;:&quot;&quot;,&quot;right&quot;:&quot;&quot;,&quot;bottom&quot;:&quot;&quot;,&quot;left&quot;:&quot;&quot;,&quot;isLinked&quot;:true},&quot;element_pack_global_tooltip_border_radius&quot;:{&quot;unit&quot;:&quot;px&quot;,&quot;top&quot;:&quot;&quot;,&quot;right&quot;:&quot;&quot;,&quot;bottom&quot;:&quot;&quot;,&quot;left&quot;:&quot;&quot;,&quot;isLinked&quot;:true},&quot;element_pack_global_tooltip_border_radius_tablet&quot;:{&quot;unit&quot;:&quot;px&quot;,&quot;top&quot;:&quot;&quot;,&quot;right&quot;:&quot;&quot;,&quot;bottom&quot;:&quot;&quot;,&quot;left&quot;:&quot;&quot;,&quot;isLinked&quot;:true},&quot;element_pack_global_tooltip_border_radius_mobile&quot;:{&quot;unit&quot;:&quot;px&quot;,&quot;top&quot;:&quot;&quot;,&quot;right&quot;:&quot;&quot;,&quot;bottom&quot;:&quot;&quot;,&quot;left&quot;:&quot;&quot;,&quot;isLinked&quot;:true}}\" data-elementor-post-type=\"page\">\n\t\t\t\t<div class=\"elementor-element elementor-element-d441834 e-flex e-con-boxed e-con e-parent\" data-id=\"d441834\" data-element_type=\"container\" data-e-type=\"container\">\n\t\t\t\t\t<div class=\"e-con-inner\">\n\t\t\t\t<div class=\"elementor-element elementor-element-5129fcc elementor-widget elementor-widget-spacer\" data-id=\"5129fcc\" data-element_type=\"widget\" data-e-type=\"widget\" data-widget_type=\"spacer.default\">\n\t\t\t\t<div class=\"elementor-widget-container\">\n\t\t\t\t\t\t\t<div class=\"elementor-spacer\">\n\t\t\t<div class=\"elementor-spacer-inner\"><\/div>\n\t\t<\/div>\n\t\t\t\t\t\t<\/div>\n\t\t\t\t<\/div>\n\t\t\t\t\t<\/div>\n\t\t\t\t<\/div>\n\t\t<div class=\"elementor-element elementor-element-bfd1291 e-flex e-con-boxed e-con e-parent\" data-id=\"bfd1291\" data-element_type=\"container\" data-e-type=\"container\">\n\t\t\t\t\t<div class=\"e-con-inner\">\n\t\t\t\t<div class=\"elementor-element elementor-element-21fdcca elementor-widget elementor-widget-text-editor\" data-id=\"21fdcca\" data-element_type=\"widget\" data-e-type=\"widget\" data-widget_type=\"text-editor.default\">\n\t\t\t\t<div class=\"elementor-widget-container\">\n\t\t\t\t\t\t\t\t\t<p>Tuvimos el placer de asistir\u00a0 a un showcooking organizado por Cosentino, un encuentro donde el dise\u00f1o, la innovaci\u00f3n y la gastronom\u00eda se unieron en perfecta armon\u00eda para dar vida a una experiencia verdaderamente inspiradora.\u00a0<\/p>\t\t\t\t\t\t\t\t<\/div>\n\t\t\t\t<\/div>\n\t\t\t\t\t<\/div>\n\t\t\t\t<\/div>\n\t\t<div class=\"elementor-element elementor-element-fe3f07b e-flex e-con-boxed e-con e-parent\" data-id=\"fe3f07b\" data-element_type=\"container\" data-e-type=\"container\">\n\t\t\t\t\t<div class=\"e-con-inner\">\n\t\t\t\t<div class=\"elementor-element elementor-element-d9ffd8b bdt-image-hover-effect-wrap bdt-image-hover-effect-1 elementor-widget elementor-widget-image\" data-id=\"d9ffd8b\" data-element_type=\"widget\" data-e-type=\"widget\" data-widget_type=\"image.default\">\n\t\t\t\t<div class=\"elementor-widget-container\">\n\t\t\t\t\t\t\t\t\t\t\t\t\t\t\t<img fetchpriority=\"high\" decoding=\"async\" width=\"819\" height=\"1024\" src=\"https:\/\/www.helicecocinas.com\/wp-content\/uploads\/2025\/10\/Subtitulo-19-819x1024.jpg\" class=\"attachment-large size-large wp-image-14501\" alt=\"\" srcset=\"https:\/\/www.helicecocinas.com\/wp-content\/uploads\/2025\/10\/Subtitulo-19-819x1024.jpg 819w, https:\/\/www.helicecocinas.com\/wp-content\/uploads\/2025\/10\/Subtitulo-19-240x300.jpg 240w, https:\/\/www.helicecocinas.com\/wp-content\/uploads\/2025\/10\/Subtitulo-19-768x960.jpg 768w, https:\/\/www.helicecocinas.com\/wp-content\/uploads\/2025\/10\/Subtitulo-19-10x12.jpg 10w, https:\/\/www.helicecocinas.com\/wp-content\/uploads\/2025\/10\/Subtitulo-19.jpg 1080w\" sizes=\"(max-width: 819px) 100vw, 819px\" title=\"\">\t\t\t\t\t\t\t\t\t\t\t\t\t\t\t<\/div>\n\t\t\t\t<\/div>\n\t\t\t\t\t<\/div>\n\t\t\t\t<\/div>\n\t\t<div class=\"elementor-element elementor-element-4952e52 animated-slow e-flex e-con-boxed elementor-invisible e-con e-parent\" data-id=\"4952e52\" data-element_type=\"container\" data-e-type=\"container\" data-settings=\"{&quot;animation&quot;:&quot;fadeInUp&quot;}\">\n\t\t\t\t\t<div class=\"e-con-inner\">\n\t\t<div class=\"elementor-element elementor-element-184ac6e e-con-full e-flex e-con e-child\" data-id=\"184ac6e\" data-element_type=\"container\" data-e-type=\"container\">\n\t\t\t\t<div class=\"elementor-element elementor-element-ff20677 elementor-widget elementor-widget-text-editor\" data-id=\"ff20677\" data-element_type=\"widget\" data-e-type=\"widget\" data-widget_type=\"text-editor.default\">\n\t\t\t\t<div class=\"elementor-widget-container\">\n\t\t\t\t\t\t\t\t\t<p>Tuvimos la oportunidad de cocinas, conocer nuevas t\u00e9cnicas y compartir ideas con otros amantes de la gastronom\u00eda. Fue una experiencia inspiradora que combin\u00f3 creatividad, aprendizaje y diversi\u00f3n, mostrando c\u00f3mo la cocina puede convertirse en un espacio para crear, disfrutar y conectar.\u00a0<\/p>\t\t\t\t\t\t\t\t<\/div>\n\t\t\t\t<\/div>\n\t\t\t\t<\/div>\n\t\t<div class=\"elementor-element elementor-element-c97af25 e-con-full e-flex e-con e-child\" data-id=\"c97af25\" data-element_type=\"container\" data-e-type=\"container\">\n\t\t<div class=\"elementor-element elementor-element-ea8aef5 e-con-full e-flex e-con e-child\" data-id=\"ea8aef5\" data-element_type=\"container\" data-e-type=\"container\">\n\t\t\t\t<\/div>\n\t\t<div class=\"elementor-element elementor-element-83b3675 e-con-full e-flex e-con e-child\" data-id=\"83b3675\" data-element_type=\"container\" data-e-type=\"container\">\n\t\t\t\t<\/div>\n\t\t\t\t<\/div>\n\t\t\t\t\t<\/div>\n\t\t\t\t<\/div>\n\t\t<div class=\"elementor-element elementor-element-12627d5 animated-slow e-flex e-con-boxed elementor-invisible e-con e-parent\" data-id=\"12627d5\" data-element_type=\"container\" data-e-type=\"container\" data-settings=\"{&quot;animation&quot;:&quot;fadeInUp&quot;}\">\n\t\t\t\t\t<div class=\"e-con-inner\">\n\t\t<div class=\"elementor-element elementor-element-951ee38 e-con-full e-flex e-con e-child\" data-id=\"951ee38\" data-element_type=\"container\" data-e-type=\"container\">\n\t\t\t\t<div class=\"elementor-element elementor-element-ddb1f97 bdt-image-hover-effect-wrap bdt-image-hover-effect-1 elementor-widget elementor-widget-image\" data-id=\"ddb1f97\" data-element_type=\"widget\" data-e-type=\"widget\" data-widget_type=\"image.default\">\n\t\t\t\t<div class=\"elementor-widget-container\">\n\t\t\t\t\t\t\t\t\t\t\t\t\t\t\t<img decoding=\"async\" width=\"819\" height=\"1024\" src=\"https:\/\/www.helicecocinas.com\/wp-content\/uploads\/2025\/10\/Subtitulo-20-819x1024.jpg\" class=\"attachment-large size-large wp-image-14502\" alt=\"\" srcset=\"https:\/\/www.helicecocinas.com\/wp-content\/uploads\/2025\/10\/Subtitulo-20-819x1024.jpg 819w, https:\/\/www.helicecocinas.com\/wp-content\/uploads\/2025\/10\/Subtitulo-20-240x300.jpg 240w, https:\/\/www.helicecocinas.com\/wp-content\/uploads\/2025\/10\/Subtitulo-20-768x960.jpg 768w, https:\/\/www.helicecocinas.com\/wp-content\/uploads\/2025\/10\/Subtitulo-20-10x12.jpg 10w, https:\/\/www.helicecocinas.com\/wp-content\/uploads\/2025\/10\/Subtitulo-20.jpg 1080w\" sizes=\"(max-width: 819px) 100vw, 819px\" title=\"\">\t\t\t\t\t\t\t\t\t\t\t\t\t\t\t<\/div>\n\t\t\t\t<\/div>\n\t\t\t\t<\/div>\n\t\t<div class=\"elementor-element elementor-element-3665045 e-con-full e-flex e-con e-child\" data-id=\"3665045\" data-element_type=\"container\" data-e-type=\"container\">\n\t\t\t\t<\/div>\n\t\t\t\t\t<\/div>\n\t\t\t\t<\/div>\n\t\t<div class=\"elementor-element elementor-element-f802bc5 e-flex e-con-boxed e-con e-parent\" data-id=\"f802bc5\" data-element_type=\"container\" data-e-type=\"container\">\n\t\t\t\t\t<div class=\"e-con-inner\">\n\t\t<div class=\"elementor-element elementor-element-414705f e-con-full e-flex e-con e-child\" data-id=\"414705f\" data-element_type=\"container\" data-e-type=\"container\">\n\t\t\t\t<\/div>\n\t\t<div class=\"elementor-element elementor-element-8b12fc5 e-con-full e-flex e-con e-child\" data-id=\"8b12fc5\" data-element_type=\"container\" data-e-type=\"container\">\n\t\t\t\t<div class=\"elementor-element elementor-element-6740861 animated-slow bdt-image-hover-effect-wrap bdt-image-hover-effect-1 elementor-invisible elementor-widget elementor-widget-image\" data-id=\"6740861\" data-element_type=\"widget\" data-e-type=\"widget\" data-settings=\"{&quot;_animation&quot;:&quot;fadeInUp&quot;}\" data-widget_type=\"image.default\">\n\t\t\t\t<div class=\"elementor-widget-container\">\n\t\t\t\t\t\t\t\t\t\t\t\t\t\t\t<img decoding=\"async\" width=\"819\" height=\"1024\" src=\"https:\/\/www.helicecocinas.com\/wp-content\/uploads\/2025\/10\/Subtitulo-21-819x1024.jpg\" class=\"attachment-large size-large wp-image-14503\" alt=\"\" srcset=\"https:\/\/www.helicecocinas.com\/wp-content\/uploads\/2025\/10\/Subtitulo-21-819x1024.jpg 819w, https:\/\/www.helicecocinas.com\/wp-content\/uploads\/2025\/10\/Subtitulo-21-240x300.jpg 240w, https:\/\/www.helicecocinas.com\/wp-content\/uploads\/2025\/10\/Subtitulo-21-768x960.jpg 768w, https:\/\/www.helicecocinas.com\/wp-content\/uploads\/2025\/10\/Subtitulo-21-10x12.jpg 10w, https:\/\/www.helicecocinas.com\/wp-content\/uploads\/2025\/10\/Subtitulo-21.jpg 1080w\" sizes=\"(max-width: 819px) 100vw, 819px\" title=\"\">\t\t\t\t\t\t\t\t\t\t\t\t\t\t\t<\/div>\n\t\t\t\t<\/div>\n\t\t\t\t<\/div>\n\t\t\t\t\t<\/div>\n\t\t\t\t<\/div>\n\t\t<div class=\"elementor-element elementor-element-961fa00 e-flex e-con-boxed e-con e-parent\" data-id=\"961fa00\" data-element_type=\"container\" data-e-type=\"container\">\n\t\t\t\t\t<div class=\"e-con-inner\">\n\t\t\t\t<div class=\"elementor-element elementor-element-8addee5 elementor-widget elementor-widget-spacer\" data-id=\"8addee5\" data-element_type=\"widget\" data-e-type=\"widget\" data-widget_type=\"spacer.default\">\n\t\t\t\t<div class=\"elementor-widget-container\">\n\t\t\t\t\t\t\t<div class=\"elementor-spacer\">\n\t\t\t<div class=\"elementor-spacer-inner\"><\/div>\n\t\t<\/div>\n\t\t\t\t\t\t<\/div>\n\t\t\t\t<\/div>\n\t\t\t\t\t<\/div>\n\t\t\t\t<\/div>\n\t\t<div class=\"elementor-element elementor-element-7ba643e e-flex e-con-boxed e-con e-parent\" data-id=\"7ba643e\" data-element_type=\"container\" data-e-type=\"container\">\n\t\t\t\t\t<div class=\"e-con-inner\">\n\t\t<div class=\"elementor-element elementor-element-c944347 e-con-full e-flex e-con e-child\" data-id=\"c944347\" data-element_type=\"container\" data-e-type=\"container\">\n\t\t\t\t<div class=\"elementor-element elementor-element-7e538e0 animated-slow elementor-invisible elementor-widget elementor-widget-text-editor\" data-id=\"7e538e0\" data-element_type=\"widget\" data-e-type=\"widget\" data-settings=\"{&quot;_animation&quot;:&quot;fadeInUp&quot;}\" data-widget_type=\"text-editor.default\">\n\t\t\t\t<div class=\"elementor-widget-container\">\n\t\t\t\t\t\t\t\t\t<p>Pudimos vivir la cocina de manera diferente: Cada instante estuvo lleno de creatividad y aprendizaje, permiti\u00e9ndonos disfrutar de la\u00a0 cocina como un espacio de inspiraci\u00f3n y conexi\u00f3n. Fue una experiencia que nos record\u00f3 lo especial que es experimentar, divertirse y descubrir nuevas formas de disfrutar de la gastronom\u00eda junto a otros apasionados por cocinar .\u00a0<\/p>\t\t\t\t\t\t\t\t<\/div>\n\t\t\t\t<\/div>\n\t\t\t\t<\/div>\n\t\t<div class=\"elementor-element elementor-element-d61f8c0 e-con-full e-flex e-con e-child\" data-id=\"d61f8c0\" data-element_type=\"container\" data-e-type=\"container\">\n\t\t<div class=\"elementor-element elementor-element-328bd07 e-con-full e-flex e-con e-child\" data-id=\"328bd07\" data-element_type=\"container\" data-e-type=\"container\">\n\t\t\t\t<\/div>\n\t\t<div class=\"elementor-element elementor-element-cf742f0 e-con-full e-flex e-con e-child\" data-id=\"cf742f0\" data-element_type=\"container\" data-e-type=\"container\">\n\t\t\t\t<\/div>\n\t\t\t\t<\/div>\n\t\t\t\t\t<\/div>\n\t\t\t\t<\/div>\n\t\t<div class=\"elementor-element elementor-element-311b240 e-flex e-con-boxed e-con e-parent\" data-id=\"311b240\" data-element_type=\"container\" data-e-type=\"container\">\n\t\t\t\t\t<div class=\"e-con-inner\">\n\t\t\t\t<div class=\"elementor-element elementor-element-5f096ab animated-slow bdt-image-hover-effect-wrap bdt-image-hover-effect-1 elementor-invisible elementor-widget elementor-widget-image\" data-id=\"5f096ab\" data-element_type=\"widget\" data-e-type=\"widget\" data-settings=\"{&quot;_animation&quot;:&quot;fadeInUp&quot;}\" data-widget_type=\"image.default\">\n\t\t\t\t<div class=\"elementor-widget-container\">\n\t\t\t\t\t\t\t\t\t\t\t\t\t\t\t<img loading=\"lazy\" decoding=\"async\" width=\"819\" height=\"1024\" src=\"https:\/\/www.helicecocinas.com\/wp-content\/uploads\/2025\/10\/Subtitulo-22-819x1024.jpg\" class=\"attachment-large size-large wp-image-14504\" alt=\"\" srcset=\"https:\/\/www.helicecocinas.com\/wp-content\/uploads\/2025\/10\/Subtitulo-22-819x1024.jpg 819w, https:\/\/www.helicecocinas.com\/wp-content\/uploads\/2025\/10\/Subtitulo-22-240x300.jpg 240w, https:\/\/www.helicecocinas.com\/wp-content\/uploads\/2025\/10\/Subtitulo-22-768x960.jpg 768w, https:\/\/www.helicecocinas.com\/wp-content\/uploads\/2025\/10\/Subtitulo-22-10x12.jpg 10w, https:\/\/www.helicecocinas.com\/wp-content\/uploads\/2025\/10\/Subtitulo-22.jpg 1080w\" sizes=\"(max-width: 819px) 100vw, 819px\" title=\"\">\t\t\t\t\t\t\t\t\t\t\t\t\t\t\t<\/div>\n\t\t\t\t<\/div>\n\t\t\t\t\t<\/div>\n\t\t\t\t<\/div>\n\t\t\t\t<\/div>","protected":false},"excerpt":{"rendered":"<p> [&hellip;]<\/p>\n","protected":false},"author":2,"featured_media":0,"parent":0,"menu_order":0,"comment_status":"closed","ping_status":"closed","template":"","meta":{"site-sidebar-layout":"no-sidebar","site-content-layout":"page-builder","ast-site-content-layout":"full-width-container","site-content-style":"default","site-sidebar-style":"default","ast-global-header-display":"","ast-banner-title-visibility":"","ast-main-header-display":"","ast-hfb-above-header-display":"","ast-hfb-below-header-display":"","ast-hfb-mobile-header-display":"","site-post-title":"","ast-breadcrumbs-content":"","ast-featured-img":"disabled","footer-sml-layout":"","theme-transparent-header-meta":"default","adv-header-id-meta":"","stick-header-meta":"default","header-above-stick-meta":"","header-main-stick-meta":"","header-below-stick-meta":"","astra-migrate-meta-layouts":"set","ast-page-background-enabled":"default","ast-page-background-meta":{"desktop":{"background-color":"","background-image":"","background-repeat":"repeat","background-position":"center center","background-size":"auto","background-attachment":"scroll","background-type":"","background-media":"","overlay-type":"","overlay-color":"","overlay-opacity":"","overlay-gradient":""},"tablet":{"background-color":"","background-image":"","background-repeat":"repeat","background-position":"center center","background-size":"auto","background-attachment":"scroll","background-type":"","background-media":"","overlay-type":"","overlay-color":"","overlay-opacity":"","overlay-gradient":""},"mobile":{"background-color":"","background-image":"","background-repeat":"repeat","background-position":"center center","background-size":"auto","background-attachment":"scroll","background-type":"","background-media":"","overlay-type":"","overlay-color":"","overlay-opacity":"","overlay-gradient":""}},"ast-content-background-meta":{"desktop":{"background-color":"var(--ast-global-color-5)","background-image":"","background-repeat":"repeat","background-position":"center center","background-size":"auto","background-attachment":"scroll","background-type":"","background-media":"","overlay-type":"","overlay-color":"","overlay-opacity":"","overlay-gradient":""},"tablet":{"background-color":"var(--ast-global-color-5)","background-image":"","background-repeat":"repeat","background-position":"center center","background-size":"auto","background-attachment":"scroll","background-type":"","background-media":"","overlay-type":"","overlay-color":"","overlay-opacity":"","overlay-gradient":""},"mobile":{"background-color":"var(--ast-global-color-5)","background-image":"","background-repeat":"repeat","background-position":"center center","background-size":"auto","background-attachment":"scroll","background-type":"","background-media":"","overlay-type":"","overlay-color":"","overlay-opacity":"","overlay-gradient":""}},"footnotes":""},"class_list":["post-14498","page","type-page","status-publish","hentry"],"_links":{"self":[{"href":"https:\/\/www.helicecocinas.com\/en\/wp-json\/wp\/v2\/pages\/14498","targetHints":{"allow":["GET"]}}],"collection":[{"href":"https:\/\/www.helicecocinas.com\/en\/wp-json\/wp\/v2\/pages"}],"about":[{"href":"https:\/\/www.helicecocinas.com\/en\/wp-json\/wp\/v2\/types\/page"}],"author":[{"embeddable":true,"href":"https:\/\/www.helicecocinas.com\/en\/wp-json\/wp\/v2\/users\/2"}],"replies":[{"embeddable":true,"href":"https:\/\/www.helicecocinas.com\/en\/wp-json\/wp\/v2\/comments?post=14498"}],"version-history":[{"count":0,"href":"https:\/\/www.helicecocinas.com\/en\/wp-json\/wp\/v2\/pages\/14498\/revisions"}],"wp:attachment":[{"href":"https:\/\/www.helicecocinas.com\/en\/wp-json\/wp\/v2\/media?parent=14498"}],"curies":[{"name":"wp","href":"https:\/\/api.w.org\/{rel}","templated":true}]}}